{"id":6758,"date":"2024-11-06T14:09:11","date_gmt":"2024-11-06T13:09:11","guid":{"rendered":"https:\/\/sc2leje1101.universe.wf\/ausstattung\/"},"modified":"2025-04-17T09:52:06","modified_gmt":"2025-04-17T07:52:06","slug":"ausstattung","status":"publish","type":"page","link":"https:\/\/natureplast.eu\/de\/unsere-unternehmen\/ausstattung\/","title":{"rendered":"Ausstattung"},"content":{"rendered":"\n<h2 class=\"wp-block-heading\">Produktionsst\u00e4tte<\/h2>\n\n<div class=\"wp-block-columns composition-diaporama-single-produit is-layout-flex wp-container-core-columns-is-layout-28f84493 wp-block-columns-is-layout-flex\">\n<div class=\"wp-block-column is-layout-flow wp-block-column-is-layout-flow\">\n<p><strong>Die industrielle Produktion von Bioplastik-Compounds<\/strong> wird von <strong>NaturePlast<\/strong> durch eine <strong>Compoundieranlage <\/strong>sichergestellt, die es erm\u00f6glicht, den industriellen Bedarf zu decken oder die Verarbeitung in gro\u00dfem Ma\u00dfstab zu validieren.<\/p>\n\n\n\n<p>Das <strong>Forschungs- und Entwicklungszentrum BiopolyNov<\/strong> verf\u00fcgt \u00fcber verschiedene kunststofftechnische Mittel, um die ihm anvertrauten F&amp;E-Arbeiten durchzuf\u00fchren.<\/p>\n\n\n\n<p>Diese Einrichtungen umfassen die verschiedenen Phasen der Entwicklung neuer Materialien:  <\/p>\n\n\n\n<ul class=\"wp-block-list\">\n<li><strong>Biokunststoff-Compounding <\/strong>, das die Mischung von Polymeren, F\u00fcllstoffen, Additiven usw. erm\u00f6glicht.<\/li>\n\n\n\n<li><strong>Einspritzung von Biokunststoffproben und Demonstratoren<\/strong> (M\u00f6glichkeit der Entwicklung von Prototypenformen mit unseren Partnern).<\/li>\n\n\n\n<li><strong>Implementierung von Biokunststoffen <\/strong>in Prototypenger\u00e4ten f\u00fcr <strong>die Streifen- und D\u00fcnnfilmextrusion<\/strong>.<\/li>\n<\/ul>\n\n\n\n<div class=\"wp-block-columns bg-white is-layout-flex wp-container-core-columns-is-layout-28f84493 wp-block-columns-is-layout-flex\">\n<div class=\"wp-block-column is-layout-flow wp-block-column-is-layout-flow\" style=\"flex-basis:33.33%\">\n<figure class=\"wp-block-image size-full is-resized icon\"><img loading=\"lazy\" decoding=\"async\" width=\"80\" height=\"80\" src=\"https:\/\/natureplast.eu\/wp-content\/uploads\/2025\/04\/matrice-1.svg\" alt=\"\" class=\"wp-image-9076\" style=\"width:108px;height:auto\"\/><\/figure>\n<\/div>\n\n\n\n<div class=\"wp-block-column is-layout-flow wp-block-column-is-layout-flow\" style=\"flex-basis:66.66%\">\n<p class=\"titre\">EQUIPMENT<\/p>\n\n\n\n<ul class=\"wp-block-list\">\n<li>Laborextruder: 21 mm korotierende Doppelschnecke, Kapazit\u00e4t von 1 bis 10 kg\/h<\/li>\n\n\n\n<li>Industrielle Extruder: korotierende Doppelschnecke 27 mm, Kapazit\u00e4t von 20 bis 100 kg\/Std.<\/li>\n\n\n\n<li>Hydraulische Spritzgie\u00dfmaschine<\/li>\n\n\n\n<li>Labor-Prototypenlinie: Extrusion, Aufbl\u00e4hen (Folie) und Kalandrieren (Streifen)<\/li>\n\n\n\n<li>Mehrere Trockenschr\u00e4nke und Exsikkatoren<\/li>\n<\/ul>\n<\/div>\n<\/div>\n<\/div>\n\n\n\n<div class=\"wp-block-column is-layout-flow wp-block-column-is-layout-flow\">\n<figure class=\"wp-block-gallery has-nested-images columns-1 is-cropped custom-gallery wp-block-gallery-1 is-layout-flex wp-block-gallery-is-layout-flex\">\n<figure class=\"wp-block-image size-full\"><img loading=\"lazy\" decoding=\"async\" width=\"2560\" height=\"1704\" data-id=\"4805\" src=\"https:\/\/natureplast.eu\/wp-content\/uploads\/2025\/02\/IMG_1119-scaled.jpg\" alt=\"Extruder-27\" class=\"wp-image-4805\" srcset=\"https:\/\/natureplast.eu\/wp-content\/uploads\/2025\/02\/IMG_1119-scaled.jpg 2560w, https:\/\/natureplast.eu\/wp-content\/uploads\/2025\/02\/IMG_1119-300x200.jpg 300w, https:\/\/natureplast.eu\/wp-content\/uploads\/2025\/02\/IMG_1119-1024x682.jpg 1024w, https:\/\/natureplast.eu\/wp-content\/uploads\/2025\/02\/IMG_1119-768x511.jpg 768w, https:\/\/natureplast.eu\/wp-content\/uploads\/2025\/02\/IMG_1119-1536x1023.jpg 1536w, https:\/\/natureplast.eu\/wp-content\/uploads\/2025\/02\/IMG_1119-2048x1364.jpg 2048w, https:\/\/natureplast.eu\/wp-content\/uploads\/2025\/02\/IMG_1119-800x533.jpg 800w\" sizes=\"auto, (max-width: 2560px) 100vw, 2560px\" \/><\/figure>\n\n\n\n<figure class=\"wp-block-image size-full\"><img loading=\"lazy\" decoding=\"async\" width=\"2560\" height=\"1707\" data-id=\"4813\" src=\"https:\/\/natureplast.eu\/wp-content\/uploads\/2025\/02\/Extrudeuse-bi-vis-21mm-7-scaled.jpg\" alt=\"21mm Doppelschneckenextruder\" class=\"wp-image-4813\" srcset=\"https:\/\/natureplast.eu\/wp-content\/uploads\/2025\/02\/Extrudeuse-bi-vis-21mm-7-scaled.jpg 2560w, https:\/\/natureplast.eu\/wp-content\/uploads\/2025\/02\/Extrudeuse-bi-vis-21mm-7-300x200.jpg 300w, https:\/\/natureplast.eu\/wp-content\/uploads\/2025\/02\/Extrudeuse-bi-vis-21mm-7-1024x683.jpg 1024w, https:\/\/natureplast.eu\/wp-content\/uploads\/2025\/02\/Extrudeuse-bi-vis-21mm-7-768x512.jpg 768w, https:\/\/natureplast.eu\/wp-content\/uploads\/2025\/02\/Extrudeuse-bi-vis-21mm-7-1536x1024.jpg 1536w, https:\/\/natureplast.eu\/wp-content\/uploads\/2025\/02\/Extrudeuse-bi-vis-21mm-7-2048x1366.jpg 2048w, https:\/\/natureplast.eu\/wp-content\/uploads\/2025\/02\/Extrudeuse-bi-vis-21mm-7-800x533.jpg 800w\" sizes=\"auto, (max-width: 2560px) 100vw, 2560px\" \/><\/figure>\n\n\n\n<figure class=\"wp-block-image size-full\"><img loading=\"lazy\" decoding=\"async\" width=\"2560\" height=\"1704\" data-id=\"5307\" src=\"https:\/\/natureplast.eu\/wp-content\/uploads\/2025\/02\/IMG_1102-1-scaled.jpg\" alt=\"27 mm Extruder\" class=\"wp-image-5307\" srcset=\"https:\/\/natureplast.eu\/wp-content\/uploads\/2025\/02\/IMG_1102-1-scaled.jpg 2560w, https:\/\/natureplast.eu\/wp-content\/uploads\/2025\/02\/IMG_1102-1-300x200.jpg 300w, https:\/\/natureplast.eu\/wp-content\/uploads\/2025\/02\/IMG_1102-1-1024x682.jpg 1024w, https:\/\/natureplast.eu\/wp-content\/uploads\/2025\/02\/IMG_1102-1-768x511.jpg 768w, https:\/\/natureplast.eu\/wp-content\/uploads\/2025\/02\/IMG_1102-1-1536x1023.jpg 1536w, https:\/\/natureplast.eu\/wp-content\/uploads\/2025\/02\/IMG_1102-1-2048x1364.jpg 2048w, https:\/\/natureplast.eu\/wp-content\/uploads\/2025\/02\/IMG_1102-1-800x533.jpg 800w\" sizes=\"auto, (max-width: 2560px) 100vw, 2560px\" \/><\/figure>\n\n\n\n<figure class=\"wp-block-image size-full\"><img loading=\"lazy\" decoding=\"async\" width=\"2560\" height=\"1704\" data-id=\"5314\" src=\"https:\/\/natureplast.eu\/wp-content\/uploads\/2025\/02\/IMG_1007-scaled.jpg\" alt=\"27 mm Extruder\" class=\"wp-image-5314\" srcset=\"https:\/\/natureplast.eu\/wp-content\/uploads\/2025\/02\/IMG_1007-scaled.jpg 2560w, https:\/\/natureplast.eu\/wp-content\/uploads\/2025\/02\/IMG_1007-300x200.jpg 300w, https:\/\/natureplast.eu\/wp-content\/uploads\/2025\/02\/IMG_1007-1024x682.jpg 1024w, https:\/\/natureplast.eu\/wp-content\/uploads\/2025\/02\/IMG_1007-768x511.jpg 768w, https:\/\/natureplast.eu\/wp-content\/uploads\/2025\/02\/IMG_1007-1536x1023.jpg 1536w, https:\/\/natureplast.eu\/wp-content\/uploads\/2025\/02\/IMG_1007-2048x1364.jpg 2048w, https:\/\/natureplast.eu\/wp-content\/uploads\/2025\/02\/IMG_1007-800x533.jpg 800w\" sizes=\"auto, (max-width: 2560px) 100vw, 2560px\" \/><\/figure>\n<\/figure>\n<\/div>\n<\/div>\n\n<h2 class=\"wp-block-heading\">Labor f\u00fcr Analysen<\/h2>\n\n<div class=\"wp-block-columns composition-diaporama-single-produit is-layout-flex wp-container-core-columns-is-layout-28f84493 wp-block-columns-is-layout-flex\">\n<div class=\"wp-block-column is-layout-flow wp-block-column-is-layout-flow\">\n<figure class=\"wp-block-gallery has-nested-images columns-1 is-cropped custom-gallery wp-block-gallery-2 is-layout-flex wp-block-gallery-is-layout-flex\">\n<figure class=\"wp-block-image size-full\"><img loading=\"lazy\" decoding=\"async\" width=\"1920\" height=\"1280\" data-id=\"4373\" src=\"https:\/\/natureplast.eu\/wp-content\/uploads\/2025\/02\/202-1.png\" alt=\"\" class=\"wp-image-4373\" srcset=\"https:\/\/natureplast.eu\/wp-content\/uploads\/2025\/02\/202-1.png 1920w, https:\/\/natureplast.eu\/wp-content\/uploads\/2025\/02\/202-1-300x200.png 300w, https:\/\/natureplast.eu\/wp-content\/uploads\/2025\/02\/202-1-1024x683.png 1024w, https:\/\/natureplast.eu\/wp-content\/uploads\/2025\/02\/202-1-768x512.png 768w, https:\/\/natureplast.eu\/wp-content\/uploads\/2025\/02\/202-1-1536x1024.png 1536w, https:\/\/natureplast.eu\/wp-content\/uploads\/2025\/02\/202-1-800x533.png 800w\" sizes=\"auto, (max-width: 1920px) 100vw, 1920px\" \/><\/figure>\n\n\n\n<figure class=\"wp-block-image size-full\"><img loading=\"lazy\" decoding=\"async\" width=\"1920\" height=\"1280\" data-id=\"4385\" src=\"https:\/\/natureplast.eu\/wp-content\/uploads\/2025\/02\/205.png\" alt=\"\" class=\"wp-image-4385\" srcset=\"https:\/\/natureplast.eu\/wp-content\/uploads\/2025\/02\/205.png 1920w, https:\/\/natureplast.eu\/wp-content\/uploads\/2025\/02\/205-300x200.png 300w, https:\/\/natureplast.eu\/wp-content\/uploads\/2025\/02\/205-1024x683.png 1024w, https:\/\/natureplast.eu\/wp-content\/uploads\/2025\/02\/205-768x512.png 768w, https:\/\/natureplast.eu\/wp-content\/uploads\/2025\/02\/205-1536x1024.png 1536w, https:\/\/natureplast.eu\/wp-content\/uploads\/2025\/02\/205-800x533.png 800w\" sizes=\"auto, (max-width: 1920px) 100vw, 1920px\" \/><\/figure>\n\n\n\n<figure class=\"wp-block-image size-full\"><img loading=\"lazy\" decoding=\"async\" width=\"1920\" height=\"1280\" data-id=\"4943\" src=\"https:\/\/natureplast.eu\/wp-content\/uploads\/2025\/02\/204.png\" alt=\"\" class=\"wp-image-4943\" srcset=\"https:\/\/natureplast.eu\/wp-content\/uploads\/2025\/02\/204.png 1920w, https:\/\/natureplast.eu\/wp-content\/uploads\/2025\/02\/204-300x200.png 300w, https:\/\/natureplast.eu\/wp-content\/uploads\/2025\/02\/204-1024x683.png 1024w, https:\/\/natureplast.eu\/wp-content\/uploads\/2025\/02\/204-768x512.png 768w, https:\/\/natureplast.eu\/wp-content\/uploads\/2025\/02\/204-1536x1024.png 1536w, https:\/\/natureplast.eu\/wp-content\/uploads\/2025\/02\/204-800x533.png 800w\" sizes=\"auto, (max-width: 1920px) 100vw, 1920px\" \/><\/figure>\n\n\n\n<figure class=\"wp-block-image size-full\"><img loading=\"lazy\" decoding=\"async\" width=\"1920\" height=\"1280\" data-id=\"4950\" src=\"https:\/\/natureplast.eu\/wp-content\/uploads\/2025\/02\/203-1.png\" alt=\"\" class=\"wp-image-4950\" srcset=\"https:\/\/natureplast.eu\/wp-content\/uploads\/2025\/02\/203-1.png 1920w, https:\/\/natureplast.eu\/wp-content\/uploads\/2025\/02\/203-1-300x200.png 300w, https:\/\/natureplast.eu\/wp-content\/uploads\/2025\/02\/203-1-1024x683.png 1024w, https:\/\/natureplast.eu\/wp-content\/uploads\/2025\/02\/203-1-768x512.png 768w, https:\/\/natureplast.eu\/wp-content\/uploads\/2025\/02\/203-1-1536x1024.png 1536w, https:\/\/natureplast.eu\/wp-content\/uploads\/2025\/02\/203-1-800x533.png 800w\" sizes=\"auto, (max-width: 1920px) 100vw, 1920px\" \/><\/figure>\n<\/figure>\n<\/div>\n\n\n\n<div class=\"wp-block-column is-layout-flow wp-block-column-is-layout-flow\">\n<p>Die Messung von Materialeigenschaften ist ein wesentlicher Bestandteil jeder Forschungs- und Entwicklungsarbeit. Zu diesem Zweck ist BiopolyNov mit<strong>Charakterisierungsger\u00e4ten <\/strong>ausgestattet, die die Bestimmung der wichtigsten <strong>mechanischen<\/strong>, <strong>thermischen<\/strong> und <strong>Alterungseigenschaften<\/strong> von <strong>Biokunststoffen<\/strong> erm\u00f6glichen. Zus\u00e4tzlich zu diesen Ger\u00e4ten verf\u00fcgen wir \u00fcber ein <strong>gro\u00dfes Netzwerk von <\/strong>europ\u00e4ischen <strong>technischen Partnern <\/strong>(private und \u00f6ffentliche F&amp;E-Zentren), die uns Zugang zu weiteren Ger\u00e4ten erm\u00f6glichen, die wir zur Validierung unserer F&amp;E-Arbeiten ben\u00f6tigen.  <\/p>\n\n\n\n<div class=\"wp-block-columns bg-white is-layout-flex wp-container-core-columns-is-layout-28f84493 wp-block-columns-is-layout-flex\">\n<div class=\"wp-block-column is-layout-flow wp-block-column-is-layout-flow\" style=\"flex-basis:33.33%\">\n<figure class=\"wp-block-image size-full is-resized icon\"><img loading=\"lazy\" decoding=\"async\" width=\"74\" height=\"74\" src=\"https:\/\/natureplast.eu\/wp-content\/uploads\/2024\/11\/Group-64.png\" alt=\"\" class=\"wp-image-525\" style=\"width:92px;height:auto\"\/><\/figure>\n<\/div>\n\n\n\n<div class=\"wp-block-column is-layout-flow wp-block-column-is-layout-flow\" style=\"flex-basis:66.66%\">\n<p class=\"titre\">EQUIPMENT<\/p>\n\n\n\n<ul class=\"wp-block-list\">\n<li>Charpy-Schock ohne Kerbe<\/li>\n\n\n\n<li>Dichte<\/li>\n\n\n\n<li>Shore-H\u00e4rte<\/li>\n\n\n\n<li>Beschleunigte Bewitterungskammer  <\/li>\n\n\n\n<li>Flie\u00dfende Bewegung bei Hitze: MFI \/ MVI<\/li>\n\n\n\n<li>HDT \/ Vicat<\/li>\n\n\n\n<li>Karl Fisher<\/li>\n\n\n\n<li>Zug \/ Biegung<\/li>\n<\/ul>\n<\/div>\n<\/div>\n<\/div>\n<\/div>\n\n<h2 class=\"wp-block-heading\">Werkstatt f\u00fcr die Verarbeitung von Nebenprodukten<\/h2>\n\n<div class=\"wp-block-columns composition-diaporama-single-produit is-layout-flex wp-container-core-columns-is-layout-28f84493 wp-block-columns-is-layout-flex\">\n<div class=\"wp-block-column is-layout-flow wp-block-column-is-layout-flow\">\n<p>Mit unserer Ausr\u00fcstung und unserem Fachwissen k\u00f6nnen wir verschiedene Nebenprodukte (Lebensmittel, Meeresfr\u00fcchte, Baumaterial usw.) im <strong>Labor- oder Industriema\u00dfstab<\/strong> <strong>zerkleinern, mikronisieren und sieben<\/strong>.<\/p>\n\n\n\n<ul class=\"wp-block-list\">\n<li><strong>Mahlen<\/strong>: Unsere M\u00fchlen reduzieren die Partikelgr\u00f6\u00dfe <strong>auf gleichm\u00e4\u00dfige Weise<\/strong>, um eine Korngr\u00f6\u00dfe zu erhalten, die den Spezifikationen der verschiedenen industriellen Prozesse <strong>entspricht<\/strong>.<\/li>\n\n\n\n<li><strong>Mikronisierung<\/strong>: F\u00fcr spezifischere Anforderungen produziert unsere Mikronisierungsanlage <strong>feine Pulver<\/strong>, die sich ideal f\u00fcr technische Anwendungen wie <strong>Biokompositmaterialien<\/strong> eignen.<\/li>\n\n\n\n<li><strong>Siebung<\/strong>: Unsere Siebmaschinen gew\u00e4hrleisten eine <strong>pr\u00e4zise Trennung<\/strong> der Korngr\u00f6\u00dfenfraktionen und erm\u00f6glichen eine strenge Auswahl der Partikel.<\/li>\n<\/ul>\n\n\n\n<div class=\"wp-block-columns bg-white is-layout-flex wp-container-core-columns-is-layout-28f84493 wp-block-columns-is-layout-flex\">\n<div class=\"wp-block-column is-layout-flow wp-block-column-is-layout-flow\" style=\"flex-basis:33.33%\">\n<figure class=\"wp-block-image size-full is-resized icon\"><img loading=\"lazy\" decoding=\"async\" width=\"50\" height=\"54\" src=\"https:\/\/natureplast.eu\/wp-content\/uploads\/2025\/04\/tamisage.svg\" alt=\"\" class=\"wp-image-9071\" style=\"width:59px;height:auto\"\/><\/figure>\n<\/div>\n\n\n\n<div class=\"wp-block-column is-layout-flow wp-block-column-is-layout-flow\" style=\"flex-basis:66.66%\">\n<p class=\"titre\">EQUIPMENT<\/p>\n\n\n\n<p><strong>Labor-Ma\u00dfstab<\/strong><\/p>\n\n\n\n<p>F\u00fcr Behandlungen von einigen kg.<\/p>\n\n\n\n<ul class=\"wp-block-list\">\n<li>H\u00e4cksler<\/li>\n\n\n\n<li>Mikronisierer<\/li>\n\n\n\n<li>Siebmaschine<\/li>\n<\/ul>\n\n\n\n<p><strong>Industrieller Ma\u00dfstab<\/strong><\/p>\n\n\n\n<p>F\u00fcr Behandlungen von einigen Dutzend kg bis zu mehreren Tonnen.<\/p>\n\n\n\n<ul class=\"wp-block-list\">\n<li>H\u00e4cksler<\/li>\n\n\n\n<li>Emotteur<\/li>\n\n\n\n<li>Mikronisierer  <\/li>\n\n\n\n<li>Siebmaschine<\/li>\n<\/ul>\n<\/div>\n<\/div>\n<\/div>\n\n\n\n<div class=\"wp-block-column is-layout-flow wp-block-column-is-layout-flow\">\n<figure class=\"wp-block-gallery has-nested-images columns-1 is-cropped custom-gallery wp-block-gallery-3 is-layout-flex wp-block-gallery-is-layout-flex\">\n<figure class=\"wp-block-image size-full\"><img loading=\"lazy\" decoding=\"async\" width=\"1707\" height=\"1138\" data-id=\"5320\" src=\"https:\/\/natureplast.eu\/wp-content\/uploads\/2025\/02\/Photos-site-web-29-edited-1.png\" alt=\"Zerkleinerungsmaschine f&#xFC;r Nebenprodukte\" class=\"wp-image-5320\" srcset=\"https:\/\/natureplast.eu\/wp-content\/uploads\/2025\/02\/Photos-site-web-29-edited-1.png 1707w, https:\/\/natureplast.eu\/wp-content\/uploads\/2025\/02\/Photos-site-web-29-edited-1-300x200.png 300w, https:\/\/natureplast.eu\/wp-content\/uploads\/2025\/02\/Photos-site-web-29-edited-1-1024x683.png 1024w, https:\/\/natureplast.eu\/wp-content\/uploads\/2025\/02\/Photos-site-web-29-edited-1-768x512.png 768w, https:\/\/natureplast.eu\/wp-content\/uploads\/2025\/02\/Photos-site-web-29-edited-1-1536x1024.png 1536w, https:\/\/natureplast.eu\/wp-content\/uploads\/2025\/02\/Photos-site-web-29-edited-1-800x533.png 800w\" sizes=\"auto, (max-width: 1707px) 100vw, 1707px\" \/><\/figure>\n\n\n\n<figure class=\"wp-block-image size-full\"><img loading=\"lazy\" decoding=\"async\" width=\"1920\" height=\"1280\" data-id=\"5335\" src=\"https:\/\/natureplast.eu\/wp-content\/uploads\/2025\/02\/67.png\" alt=\"3 verschiedene Mahlgrade: St&#xFC;cke, dickes Pulver und feines Pulver.\" class=\"wp-image-5335\" srcset=\"https:\/\/natureplast.eu\/wp-content\/uploads\/2025\/02\/67.png 1920w, https:\/\/natureplast.eu\/wp-content\/uploads\/2025\/02\/67-300x200.png 300w, https:\/\/natureplast.eu\/wp-content\/uploads\/2025\/02\/67-1024x683.png 1024w, https:\/\/natureplast.eu\/wp-content\/uploads\/2025\/02\/67-768x512.png 768w, https:\/\/natureplast.eu\/wp-content\/uploads\/2025\/02\/67-1536x1024.png 1536w, https:\/\/natureplast.eu\/wp-content\/uploads\/2025\/02\/67-800x533.png 800w\" sizes=\"auto, (max-width: 1920px) 100vw, 1920px\" \/><\/figure>\n\n\n\n<figure class=\"wp-block-image size-full\"><img loading=\"lazy\" decoding=\"async\" width=\"1920\" height=\"1280\" data-id=\"5286\" src=\"https:\/\/natureplast.eu\/wp-content\/uploads\/2025\/02\/2.-brique-mains.jpg\" alt=\"\" class=\"wp-image-5286\" srcset=\"https:\/\/natureplast.eu\/wp-content\/uploads\/2025\/02\/2.-brique-mains.jpg 1920w, https:\/\/natureplast.eu\/wp-content\/uploads\/2025\/02\/2.-brique-mains-300x200.jpg 300w, https:\/\/natureplast.eu\/wp-content\/uploads\/2025\/02\/2.-brique-mains-1024x683.jpg 1024w, https:\/\/natureplast.eu\/wp-content\/uploads\/2025\/02\/2.-brique-mains-768x512.jpg 768w, https:\/\/natureplast.eu\/wp-content\/uploads\/2025\/02\/2.-brique-mains-1536x1024.jpg 1536w, https:\/\/natureplast.eu\/wp-content\/uploads\/2025\/02\/2.-brique-mains-800x533.jpg 800w\" sizes=\"auto, (max-width: 1920px) 100vw, 1920px\" \/><\/figure>\n<\/figure>\n<\/div>\n<\/div>\n","protected":false},"excerpt":{"rendered":"<p>Produktionsst\u00e4tte Die industrielle Produktion von Bioplastik-Compounds wird von NaturePlast durch eine Compoundieranlage sichergestellt, die es erm\u00f6glicht, den industriellen Bedarf zu decken oder die Verarbeitung in gro\u00dfem Ma\u00dfstab zu validieren. Das Forschungs- und Entwicklungszentrum BiopolyNov verf\u00fcgt \u00fcber verschiedene kunststofftechnische Mittel, um die ihm anvertrauten F&amp;E-Arbeiten durchzuf\u00fchren. Diese Einrichtungen umfassen die verschiedenen Phasen der Entwicklung neuer Materialien: [&hellip;]<\/p>\n","protected":false},"author":1,"featured_media":0,"parent":6809,"menu_order":0,"comment_status":"closed","ping_status":"closed","template":"","meta":{"_acf_changed":false,"footnotes":""},"class_list":["post-6758","page","type-page","status-publish","hentry"],"acf":[],"_links":{"self":[{"href":"https:\/\/natureplast.eu\/de\/wp-json\/wp\/v2\/pages\/6758","targetHints":{"allow":["GET"]}}],"collection":[{"href":"https:\/\/natureplast.eu\/de\/wp-json\/wp\/v2\/pages"}],"about":[{"href":"https:\/\/natureplast.eu\/de\/wp-json\/wp\/v2\/types\/page"}],"author":[{"embeddable":true,"href":"https:\/\/natureplast.eu\/de\/wp-json\/wp\/v2\/users\/1"}],"replies":[{"embeddable":true,"href":"https:\/\/natureplast.eu\/de\/wp-json\/wp\/v2\/comments?post=6758"}],"version-history":[{"count":3,"href":"https:\/\/natureplast.eu\/de\/wp-json\/wp\/v2\/pages\/6758\/revisions"}],"predecessor-version":[{"id":9087,"href":"https:\/\/natureplast.eu\/de\/wp-json\/wp\/v2\/pages\/6758\/revisions\/9087"}],"up":[{"embeddable":true,"href":"https:\/\/natureplast.eu\/de\/wp-json\/wp\/v2\/pages\/6809"}],"wp:attachment":[{"href":"https:\/\/natureplast.eu\/de\/wp-json\/wp\/v2\/media?parent=6758"}],"curies":[{"name":"wp","href":"https:\/\/api.w.org\/{rel}","templated":true}]}}