{"id":6817,"date":"2024-11-06T12:09:00","date_gmt":"2024-11-06T11:09:00","guid":{"rendered":"https:\/\/sc2leje1101.universe.wf\/rechtliche-hinweise\/"},"modified":"2025-04-03T11:43:12","modified_gmt":"2025-04-03T09:43:12","slug":"rechtliche-hinweise","status":"publish","type":"page","link":"https:\/\/natureplast.eu\/de\/rechtliche-hinweise\/","title":{"rendered":"Rechtliche Hinweise"},"content":{"rendered":"\n<h3 class=\"wp-block-heading\">1. Vorstellung der Website.<\/h3>\n\n<p>Gem\u00e4\u00df Artikel 6 des Gesetzes Nr. 2004-575 vom 21. Juni 2004 \u00fcber das Vertrauen in die digitale Wirtschaft wird den Nutzern der <a href=\"https:\/\/natureplast.eu\/de\/\">Natureplast-Website<\/a> die Identit\u00e4t der verschiedenen Akteure im Rahmen ihrer Erstellung und Betreuung mitgeteilt:<br\/>Eigent\u00fcmer: Natureplast<br\/>SIRET: 49344289100054<br\/>Postadresse: 11 rue Fran\u00e7ois Arago &#8211; 14123 IFS<br\/>Verantwortlich f\u00fcr die Ver\u00f6ffentlichung: Herr Thomas Lefevre<br\/>Hosting: O2S<\/p>\n\n<h3 class=\"wp-block-heading\">2. Allgemeine Bedingungen f\u00fcr die Nutzung der Website und der angebotenen Dienstleistungen.<\/h3>\n\n<p>Die Nutzung der <a href=\"https:\/\/natureplast.eu\/de\/\">Natureplast-Website<\/a> setzt die vollst\u00e4ndige und uneingeschr\u00e4nkte Annahme der nachstehend beschriebenen allgemeinen Nutzungsbedingungen voraus. Diese Nutzungsbedingungen k\u00f6nnen jederzeit ge\u00e4ndert oder erg\u00e4nzt werden. Die Nutzer der <a href=\"https:\/\/natureplast.eu\/de\/\">Natureplast-Website<\/a> werden daher gebeten, sie regelm\u00e4\u00dfig zu konsultieren. Diese Website ist normalerweise jederzeit f\u00fcr die Nutzer zug\u00e4nglich. Eine Unterbrechung aufgrund technischer Wartungsarbeiten kann jedoch von Natureplast beschlossen werden. Natureplast wird sich dann bem\u00fchen, die Nutzer vorab \u00fcber die Daten und Zeiten des Eingriffs zu informieren. Die <a href=\"https:\/\/natureplast.eu\/de\/\">Natureplast-Website<\/a> wird regelm\u00e4\u00dfig vom Redaktionsteam unter der Verantwortung des Verantwortlichen f\u00fcr die Ver\u00f6ffentlichung aktualisiert. Auch die rechtlichen Hinweise k\u00f6nnen jederzeit ge\u00e4ndert werden: sie sind jedoch f\u00fcr den Nutzer verbindlich, der sie so oft wie m\u00f6glich lesen sollte, um sie zur Kenntnis zu nehmen.     <\/p>\n\n<h3 class=\"wp-block-heading\">3. Beschreibung der erbrachten Dienstleistungen.<\/h3>\n\n<p>Das Ziel der <a href=\"https:\/\/natureplast.eu\/de\/\">Natureplast-Website<\/a> ist es, Informationen \u00fcber alle Aktivit\u00e4ten des Unternehmens sowie \u00fcber die Vermarktung von Artikeln bereitzustellen. Natureplast bem\u00fcht sich, die Informationen auf der <a href=\"https:\/\/natureplast.eu\/de\/\">Natureplast-Website<\/a> so genau wie m\u00f6glich zu gestalten. Sie kann jedoch nicht f\u00fcr Auslassungen, Ungenauigkeiten und M\u00e4ngel in der Aktualisierung haftbar gemacht werden, sei es durch sie selbst oder durch dritte Partner, die ihr diese Informationen zur Verf\u00fcgung stellen. Alle Informationen auf der <a href=\"https:\/\/natureplast.eu\/de\/\">Natureplast-Website<\/a> sind unverbindlich und k\u00f6nnen sich \u00e4ndern. Dar\u00fcber hinaus sind die Informationen auf der <a href=\"https:\/\/natureplast.eu\/de\/\">Natureplast-Website<\/a> nicht ersch\u00f6pfend. Sie werden vorbehaltlich der \u00c4nderungen gegeben, die seit ihrer Online-Ver\u00f6ffentlichung vorgenommen wurden. Die Besonderheiten in Bezug auf den elektronischen Handel sind in den Allgemeinen Gesch\u00e4ftsbedingungen enthalten, die Vorrang vor den vorliegenden Hinweisen haben.      <\/p>\n\n<h3 class=\"wp-block-heading\">4. Vertragliche Beschr\u00e4nkungen der technischen Daten.<\/h3>\n\n<p>Die Website verwendet die JavaScript-Technologie. Die Website haftet nicht f\u00fcr materielle Sch\u00e4den, die mit der Nutzung der Website verbunden sind. Dar\u00fcber hinaus verpflichtet sich der Nutzer der Website, die Website mit neuer Hardware aufzurufen, die keine Viren enth\u00e4lt und mit einem Browser der neuesten Generation, der auf dem neuesten Stand ist.  <\/p>\n\n<h3 class=\"wp-block-heading\">5. Geistiges Eigentum und F\u00e4lschungen.<\/h3>\n\n<p>Sofern nicht anders angegeben, ist Natureplast Eigent\u00fcmer der geistigen Eigentumsrechte oder besitzt die Nutzungsrechte f\u00fcr alle auf der Website zug\u00e4nglichen Elemente, insbesondere Texte, Bilder, Grafiken, Logos, Icons, Sounds, Software. Jede Vervielf\u00e4ltigung, Darstellung, \u00c4nderung, Ver\u00f6ffentlichung und Anpassung aller oder eines Teils der Elemente der Website, unabh\u00e4ngig von den verwendeten Mitteln oder Verfahren, ist untersagt, es sei denn, es liegt eine vorherige schriftliche Genehmigung von : Natureplast. Jede nicht genehmigte Nutzung der Website oder eines ihrer Elemente wird als F\u00e4lschung angesehen und gem\u00e4\u00df den Bestimmungen der Artikel L.335-2 ff. des Gesetzes \u00fcber geistiges Eigentum verfolgt.  <\/p>\n\n<h3 class=\"wp-block-heading\">6. Haftungsbeschr\u00e4nkungen.<\/h3>\n\n<p>Natureplast haftet nicht f\u00fcr direkte und indirekte Sch\u00e4den an der Hardware des Nutzers beim Zugriff auf die <a href=\"https:\/\/natureplast.eu\/de\/\">Natureplast-Website<\/a>, die entweder auf die Verwendung von Hardware zur\u00fcckzuf\u00fchren sind, die nicht den in Punkt 4 angegebenen Spezifikationen entspricht, oder auf das Auftreten eines Bugs oder einer Inkompatibilit\u00e4t. Natureplast kann auch nicht f\u00fcr indirekte Sch\u00e4den (wie z.B. Marktverlust oder Verlust einer Chance) haftbar gemacht werden, die sich aus der Nutzung der <a href=\"https:\/\/natureplast.eu\/de\/\">Natureplast-Website<\/a> ergeben. Interaktive Bereiche (M\u00f6glichkeit, Fragen im Kontaktbereich zu stellen) stehen den Nutzern zur Verf\u00fcgung. Natureplast beh\u00e4lt sich das Recht vor, ohne vorherige Ank\u00fcndigung jeden Inhalt in diesem Bereich zu l\u00f6schen, der gegen die in Frankreich geltenden Gesetze und insbesondere die Datenschutzbestimmungen verst\u00f6\u00dft. Gegebenenfalls beh\u00e4lt sich Natureplast auch die M\u00f6glichkeit vor, den Nutzer zivil- und\/oder strafrechtlich haftbar zu machen, insbesondere f\u00fcr rassistische, beleidigende, verleumderische oder pornografische Mitteilungen, unabh\u00e4ngig vom verwendeten Medium (Text, Fotografie&#8230;).    <\/p>\n\n<h3 class=\"wp-block-heading\">7. Anwendbares Recht und Gerichtsbarkeit.<\/h3>\n\n<p>Alle Streitigkeiten im Zusammenhang mit der Nutzung der <a href=\"https:\/\/natureplast.eu\/de\/\">Natureplast-Website<\/a> unterliegen dem franz\u00f6sischen Recht. Die ausschlie\u00dfliche Zust\u00e4ndigkeit liegt bei den zust\u00e4ndigen Gerichten am Sitz der Firma Natureplast. <\/p>\n\n<h3 class=\"wp-block-heading\">8. Die wichtigsten betroffenen Gesetze.<\/h3>\n\n<ul class=\"wp-block-list\">\n<li>Gesetz Nr. 78-87 vom 6. Januar 1978, insbesondere ge\u00e4ndert durch das Gesetz Nr. 2004-801 vom 6. August 2004 \u00fcber Informatik, Dateien und Freiheiten.<\/li>\n\n\n\n<li>Gesetz Nr. 2004-575 vom 21. Juni 2004 \u00fcber das Vertrauen in die digitale Wirtschaft.<\/li>\n\n\n\n<li>Allgemeine Verordnung zum Schutz personenbezogener Daten (RGPD)<\/li>\n<\/ul>\n\n<h3 class=\"wp-block-heading\">9. Lexikon.<\/h3>\n\n<ul class=\"wp-block-list\">\n<li>Benutzer: Internetnutzer, der sich einloggt und die oben genannte Website nutzt.<\/li>\n\n\n\n<li>Pers\u00f6nliche Informationen: &#8222;Informationen, die in jedweder Form, direkt oder indirekt, die Identifizierung der nat\u00fcrlichen Personen erm\u00f6glichen, auf die sie sich beziehen&#8220; (Artikel 4 des Gesetzes Nr. 78-17 vom 6. Januar 1978).<\/li>\n<\/ul>\n","protected":false},"excerpt":{"rendered":"<p>1. Vorstellung der Website. Gem\u00e4\u00df Artikel 6 des Gesetzes Nr. 2004-575 vom 21. Juni 2004 \u00fcber das Vertrauen in die digitale Wirtschaft wird den Nutzern der Natureplast-Website die Identit\u00e4t der verschiedenen Akteure im Rahmen ihrer Erstellung und Betreuung mitgeteilt:Eigent\u00fcmer: NatureplastSIRET: 49344289100054Postadresse: 11 rue Fran\u00e7ois Arago &#8211; 14123 IFSVerantwortlich f\u00fcr die Ver\u00f6ffentlichung: Herr Thomas LefevreHosting: O2S [&hellip;]<\/p>\n","protected":false},"author":1,"featured_media":0,"parent":0,"menu_order":0,"comment_status":"closed","ping_status":"closed","template":"","meta":{"_acf_changed":false,"footnotes":""},"class_list":["post-6817","page","type-page","status-publish","hentry"],"acf":[],"_links":{"self":[{"href":"https:\/\/natureplast.eu\/de\/wp-json\/wp\/v2\/pages\/6817","targetHints":{"allow":["GET"]}}],"collection":[{"href":"https:\/\/natureplast.eu\/de\/wp-json\/wp\/v2\/pages"}],"about":[{"href":"https:\/\/natureplast.eu\/de\/wp-json\/wp\/v2\/types\/page"}],"author":[{"embeddable":true,"href":"https:\/\/natureplast.eu\/de\/wp-json\/wp\/v2\/users\/1"}],"replies":[{"embeddable":true,"href":"https:\/\/natureplast.eu\/de\/wp-json\/wp\/v2\/comments?post=6817"}],"version-history":[{"count":3,"href":"https:\/\/natureplast.eu\/de\/wp-json\/wp\/v2\/pages\/6817\/revisions"}],"predecessor-version":[{"id":8586,"href":"https:\/\/natureplast.eu\/de\/wp-json\/wp\/v2\/pages\/6817\/revisions\/8586"}],"wp:attachment":[{"href":"https:\/\/natureplast.eu\/de\/wp-json\/wp\/v2\/media?parent=6817"}],"curies":[{"name":"wp","href":"https:\/\/api.w.org\/{rel}","templated":true}]}}