{"id":6832,"date":"2024-11-06T14:02:35","date_gmt":"2024-11-06T13:02:35","guid":{"rendered":"https:\/\/sc2leje1101.universe.wf\/umweltvorteile-von-biokunststoffen\/"},"modified":"2025-05-05T14:07:26","modified_gmt":"2025-05-05T12:07:26","slug":"umweltvorteile-von-biokunststoffen","status":"publish","type":"page","link":"https:\/\/natureplast.eu\/de\/biokunststoffe\/vorteile\/umweltvorteile-von-biokunststoffen\/","title":{"rendered":"Umweltvorteile von Biokunststoffen"},"content":{"rendered":"\n<div class=\"wp-block-columns composition-diaporama-single-produit is-layout-flex wp-container-core-columns-is-layout-28f84493 wp-block-columns-is-layout-flex\">\n<div class=\"wp-block-column is-layout-flow wp-block-column-is-layout-flow\">\n<p>  Das <strong>Hauptinteresse und der Vorteil<\/strong> der Verwendung von <strong>Biokunststoffen<\/strong> liegt in ihrer F\u00e4higkeit, <strong>die Umweltauswirkungen<\/strong> eines Produkts in verschiedenen Kriterien zu <strong>verbessern<\/strong>:<\/p>\n\n\n\n<ul class=\"wp-block-list\">\n<li>Verwertung von Abfall oder Nebenprodukten.<\/li>\n<\/ul>\n\n\n\n<ul class=\"wp-block-list\">\n<li>Reduzierung der Emission von Treibhausgasen;<\/li>\n<\/ul>\n\n\n\n<ul class=\"wp-block-list\">\n<li>Einsparung von fossilen Ressourcen;<\/li>\n<\/ul>\n\n\n\n<ul class=\"wp-block-list\">\n<li>M\u00f6glichkeit, eine lokale Ressource zu nutzen;<\/li>\n<\/ul>\n<\/div>\n\n\n\n<div class=\"wp-block-column is-layout-flow wp-block-column-is-layout-flow\">\n<p>Im Allgemeinen tragen Biokunststoffe auf zwei Arten zur Verbesserung der Umweltauswirkungen von Produkten bei:<\/p>\n\n\n\n<ul class=\"wp-block-list\">\n<li>Die Nutzung von <a href=\"https:\/\/natureplast.eu\/de\/biokunststoffe\/herkunft-der-biobasierten-kunststoffe\/\" data-type=\"link\" data-id=\"https:\/\/natureplast.eu\/bioplastiques\/origine-des-plastiques-biosources\/\"><strong>erneuerbaren Ressourcen<\/strong><\/a> f\u00fcr die Herstellung der Monomere f\u00fchrt zu einer Verringerung der Nutzung fossiler Ressourcen und der Emission von Treibhausgasen;<\/li>\n\n\n\n<li>Ihre Eigenschaft <a href=\"https:\/\/natureplast.eu\/de\/biokunststoffe\/ende-der-lebensdauer-von-biokunststoffen\/\" target=\"_blank\" data-type=\"link\" data-id=\"https:\/\/natureplast.eu\/bioplastiques\/fin-de-vie-des-bioplastiques\/\" rel=\"noreferrer noopener\"><strong>Biologisch abbaubar<\/strong><\/a> die eine zus\u00e4tzliche Option f\u00fcr das Ende der Lebensdauer von Produkten bietet und zu einer Verringerung des Abfallvolumens f\u00fchrt.<\/li>\n<\/ul>\n<\/div>\n<\/div>\n\n<p><strong>Die Umweltleistung von Biokunststoffen muss immer durch die Durchf\u00fchrung von Studien wie Lebenszyklusanalysen (LCA) validiert werden.<\/strong><\/p>\n\n<div id=\"valeurs\" class=\"wp-block-group bloc-valeurs has-background\" style=\"border-radius:40px;background-color:#ffffff\"><div class=\"wp-block-group__inner-container is-layout-constrained wp-block-group-is-layout-constrained\">\n<div class=\"wp-block-columns are-vertically-aligned-top is-layout-flex wp-container-core-columns-is-layout-12a0b04b wp-block-columns-is-layout-flex\" style=\"padding-top:var(--wp--preset--spacing--40)\">\n<div class=\"wp-block-column is-vertically-aligned-top is-layout-flow wp-block-column-is-layout-flow\">\n<h3 class=\"wp-block-heading\"><mark style=\"background-color:rgba(0, 0, 0, 0);color:#000000\" class=\"has-inline-color\">Interesse an erneuerbaren Ressourcen und biologischem Abbau<\/mark><\/h3>\n\n\n\n<p>Die wirtschaftliche Entwicklung der Industriel\u00e4nder beruhte weitgehend auf der intensiven Ausbeutung nicht erneuerbarer Ressourcen. Heute, angesichts der schwindenden fossilen Ressourcen und der steigenden Kosten f\u00fcr ihre Gewinnung, <strong>stellen erneuerbare pflanzliche Ressourcen einen nachhaltigen Alternativvorschlag dar<\/strong>.   <\/p>\n\n\n\n<p><strong>Biobasierte Kunststoffe <\/strong>, bei deren Herstellung pflanzliche Materialien verwendet werden, schaffen neue Verbindungen zwischen der Landwirtschaft, der Chemie und der Kunststoffindustrie und tragen so zu einem <strong>nachhaltigen Management unserer Ressourcen<\/strong> bei.<\/p>\n\n\n\n<p><strong>Biologisch abbaubare Kunststoffe<\/strong> k\u00f6nnen zur Verringerung des Abfallvolumens beitragen (z.B. durch Kompostierung), aber auch zur<strong> Begrenzung der Umweltverschmutzung<\/strong>, indem sie das Verschwinden des Abfalls in der Umwelt, in der er verwendet wird, erleichtern, ohne dass persistente Mikroplastik entsteht.<\/p>\n<\/div>\n<\/div>\n<\/div><\/div>\n\n<div class=\"wp-block-columns is-layout-flex wp-container-core-columns-is-layout-28f84493 wp-block-columns-is-layout-flex\">\n<div class=\"wp-block-column is-layout-flow wp-block-column-is-layout-flow\">\n<figure class=\"wp-block-image size-full is-resized custom-gallery\"><img loading=\"lazy\" decoding=\"async\" width=\"488\" height=\"366\" src=\"https:\/\/natureplast.eu\/wp-content\/uploads\/2025\/02\/shema-1-avantage-en-edited.webp\" alt=\"Schema Umweltvorteil 1  \" class=\"wp-image-5543\" style=\"width:261px;height:auto\" srcset=\"https:\/\/natureplast.eu\/wp-content\/uploads\/2025\/02\/shema-1-avantage-en-edited.webp 488w, https:\/\/natureplast.eu\/wp-content\/uploads\/2025\/02\/shema-1-avantage-en-edited-300x225.webp 300w\" sizes=\"auto, (max-width: 488px) 100vw, 488px\" \/><\/figure>\n<\/div>\n\n\n\n<div class=\"wp-block-column is-layout-flow wp-block-column-is-layout-flow\">\n<figure class=\"wp-block-image size-full is-resized custom-gallery\"><img loading=\"lazy\" decoding=\"async\" width=\"488\" height=\"366\" src=\"https:\/\/natureplast.eu\/wp-content\/uploads\/2025\/02\/shema-2-avantage-envir-edited.webp\" alt=\"Schema Umweltvorteil 2  \" class=\"wp-image-5538\" style=\"width:261px;height:auto\" srcset=\"https:\/\/natureplast.eu\/wp-content\/uploads\/2025\/02\/shema-2-avantage-envir-edited.webp 488w, https:\/\/natureplast.eu\/wp-content\/uploads\/2025\/02\/shema-2-avantage-envir-edited-300x225.webp 300w\" sizes=\"auto, (max-width: 488px) 100vw, 488px\" \/><\/figure>\n<\/div>\n<\/div>\n\n<div id=\"valeurs\" class=\"wp-block-group bloc-valeurs has-background\" style=\"border-radius:40px;background-color:#ffffff\"><div class=\"wp-block-group__inner-container is-layout-constrained wp-block-group-is-layout-constrained\">\n<h3 class=\"wp-block-heading\"><mark style=\"background-color:rgba(0, 0, 0, 0);color:#000000\" class=\"has-inline-color\">Umweltauswirkungen<\/mark><\/h3>\n\n\n\n<div class=\"wp-block-columns are-vertically-aligned-top is-layout-flex wp-container-core-columns-is-layout-12a0b04b wp-block-columns-is-layout-flex\" style=\"padding-top:var(--wp--preset--spacing--40)\">\n<div class=\"wp-block-column is-vertically-aligned-top is-layout-flow wp-block-column-is-layout-flow\">\n<p>Die Umweltauswirkungen von Polymeren k\u00f6nnen im Rahmen von<strong>Lebenszyklusanalysen<\/strong><a href=\"https:\/\/fr.wikipedia.org\/wiki\/Analyse_du_cycle_de_vie\" target=\"_blank\" rel=\"noreferrer noopener\">(LCA<\/a>) gemessen und analysiert werden. Dieses Instrument zur Entscheidungsunterst\u00fctzung erm\u00f6glicht die <strong>Erfassung<\/strong>, <strong>Quantifizierung <\/strong>und<strong>Bewertung<\/strong> der Umweltauswirkungen in allen Phasen des Lebenszyklus eines Produkts, von der Gewinnung der Rohstoffe bis zum Ende seiner Lebensdauer. <\/p>\n\n\n\n<p>Die Normenreihe <strong>ISO 14040<\/strong> (externer Link ISO 14040) listet gute Praktiken f\u00fcr die Durchf\u00fchrung einer \u00d6kobilanz auf und gew\u00e4hrleistet so die Robustheit der Ergebnisse.<\/p>\n\n\n\n<p>Die Verwendung von <strong>Biokunststoffen auf pflanzlicher<\/strong> Basis als Ersatz f\u00fcr Polymere auf fossiler Basis f\u00fchrt je nach Anwendung oft zu einer erheblichen Verringerung der CO2-Bilanz der Produkte. Im Allgemeinen zeigen diese Analysen die gute Leistung von biobasierten Polymeren in Bezug auf die<strong>Emission von Treibhausgasen<\/strong> und die<strong>Einsparung von fossilen Ressourcen<\/strong>. <\/p>\n<\/div>\n\n\n\n<div class=\"wp-block-column is-vertically-aligned-top is-layout-flow wp-block-column-is-layout-flow\">\n<p>Diese Aspekte k\u00f6nnen im Vergleich zur aktuellen Situation noch verbessert werden. Die bisher genutzte Biomasse ist vorwiegend &#8222;edel&#8220; und wird h\u00e4ufig aus speziellen Kulturen gewonnen. <\/p>\n\n\n\n<p>In einigen F\u00e4llen werden Nebenprodukte wie Melasse aus Zuckerrohr bereits f\u00fcr die Herstellung von biobasierten Polymeren (in diesem Fall biobasiertes PET) genutzt.<\/p>\n\n\n\n<p>Die Verwendung von <strong>Nebenprodukten<\/strong> und <strong>Abf\u00e4llen<\/strong> aus verschiedenen Sektoren wird heute in zahlreichen Projekten untersucht, sowohl auf lokaler Ebene ( <em><a href=\"https:\/\/natureplast.eu\/de\/projet\/coproplast\/\" target=\"_blank\" data-type=\"link\" data-id=\"https:\/\/natureplast.eu\/projet\/coproplast\/\" rel=\"noreferrer noopener\">COPROPLAST<\/a><\/em>) als auch auf europ\u00e4ischer Ebene (<a href=\"https:\/\/www.urbiofin.eu\/\" target=\"_blank\" rel=\"noreferrer noopener\"><em>URBIOFIN<\/em><\/a>).<\/p>\n\n\n\n<p>Diese Entwicklungen sollen in den kommenden Jahren industrialisiert werden, immer mit dem Ziel, die Verwertung von Biomasse im Rahmen <strong>eines \u00d6ko-Designs und einer Kreislaufwirtschaft<\/strong> zu f\u00f6rdern. <\/p>\n<\/div>\n<\/div>\n<\/div><\/div>\n","protected":false},"excerpt":{"rendered":"<p>Das Hauptinteresse und der Vorteil der Verwendung von Biokunststoffen liegt in ihrer F\u00e4higkeit, die Umweltauswirkungen eines Produkts in verschiedenen Kriterien zu verbessern: Im Allgemeinen tragen Biokunststoffe auf zwei Arten zur Verbesserung der Umweltauswirkungen von Produkten bei: Die Umweltleistung von Biokunststoffen muss immer durch die Durchf\u00fchrung von Studien wie Lebenszyklusanalysen (LCA) validiert werden. Interesse an erneuerbaren [&hellip;]<\/p>\n","protected":false},"author":1,"featured_media":0,"parent":6838,"menu_order":0,"comment_status":"closed","ping_status":"closed","template":"","meta":{"_acf_changed":false,"footnotes":""},"class_list":["post-6832","page","type-page","status-publish","hentry"],"acf":[],"_links":{"self":[{"href":"https:\/\/natureplast.eu\/de\/wp-json\/wp\/v2\/pages\/6832","targetHints":{"allow":["GET"]}}],"collection":[{"href":"https:\/\/natureplast.eu\/de\/wp-json\/wp\/v2\/pages"}],"about":[{"href":"https:\/\/natureplast.eu\/de\/wp-json\/wp\/v2\/types\/page"}],"author":[{"embeddable":true,"href":"https:\/\/natureplast.eu\/de\/wp-json\/wp\/v2\/users\/1"}],"replies":[{"embeddable":true,"href":"https:\/\/natureplast.eu\/de\/wp-json\/wp\/v2\/comments?post=6832"}],"version-history":[{"count":7,"href":"https:\/\/natureplast.eu\/de\/wp-json\/wp\/v2\/pages\/6832\/revisions"}],"predecessor-version":[{"id":9506,"href":"https:\/\/natureplast.eu\/de\/wp-json\/wp\/v2\/pages\/6832\/revisions\/9506"}],"up":[{"embeddable":true,"href":"https:\/\/natureplast.eu\/de\/wp-json\/wp\/v2\/pages\/6838"}],"wp:attachment":[{"href":"https:\/\/natureplast.eu\/de\/wp-json\/wp\/v2\/media?parent=6832"}],"curies":[{"name":"wp","href":"https:\/\/api.w.org\/{rel}","templated":true}]}}