{"id":6870,"date":"2024-11-06T12:09:00","date_gmt":"2024-11-06T11:09:00","guid":{"rendered":"https:\/\/sc2leje1101.universe.wf\/datenschutzrichtlinie\/"},"modified":"2025-03-26T16:43:55","modified_gmt":"2025-03-26T15:43:55","slug":"datenschutzrichtlinie","status":"publish","type":"page","link":"https:\/\/natureplast.eu\/de\/datenschutzrichtlinie\/","title":{"rendered":"Datenschutzrichtlinie"},"content":{"rendered":"\n<p>v 1.2 &#8211; 06\/11\/2024<\/p>\n\n<p>Diese Datenschutzrichtlinie legt fest und informiert Sie dar\u00fcber, wie Natureplast die Informationen nutzt und sch\u00fctzt, die Sie uns gegebenenfalls bei der Nutzung dieser Website, die \u00fcber die folgende URL zug\u00e4nglich ist, \u00fcbermitteln: <a href=\"https:\/\/natureplast.eu\/de\/\">Natureplast<\/a> (nachfolgend die &#8222;Website&#8220;).<\/p>\n\n<p>Bitte beachten Sie, dass diese Datenschutzrichtlinie jederzeit von Natureplast ge\u00e4ndert oder erg\u00e4nzt werden kann, insbesondere um gesetzlichen, regulatorischen, juristischen oder technologischen Entwicklungen zu entsprechen. In einem solchen Fall wird das Datum der Aktualisierung deutlich am Anfang dieser Politik angegeben. Diese \u00c4nderungen sind f\u00fcr den Nutzer ab dem Zeitpunkt ihrer Ver\u00f6ffentlichung verbindlich. Der Nutzer sollte daher diese Datenschutzrichtlinie regelm\u00e4\u00dfig \u00fcberpr\u00fcfen, um sich \u00fcber m\u00f6gliche \u00c4nderungen zu informieren.   <\/p>\n\n<p>In Europa werden personenbezogene Daten durch die Allgemeine Verordnung zum Schutz personenbezogener Daten (GDPR) gesch\u00fctzt. Natureplast verpflichtet sich, diese Verordnung einzuhalten und versichert, alles zu tun, um seine Online-Dienste zu einer sicheren und n\u00fctzlichen Umgebung f\u00fcr seine Besucher und Kunden zu machen. Natureplast verpflichtet sich, Ihre pers\u00f6nlichen Daten zu sch\u00fctzen, wenn Sie die Dienste von Natureplast in Anspruch nehmen. Wir unternehmen alle Anstrengungen, um sicherzustellen, dass unsere Dienstleistungen f\u00fcr unsere Besucher und Kunden eine sichere und n\u00fctzliche Umgebung darstellen.   <\/p>\n\n<p>Gem\u00e4\u00df der DSGVO haben Sie das Recht auf Zugang, Berichtigung und Einspruch gegen Ihre pers\u00f6nlichen Daten, indem Sie einen schriftlichen und unterschriebenen Antrag stellen, dem eine Kopie des Personalausweises mit Unterschrift des Inhabers des Dokuments beigef\u00fcgt ist, und die Adresse angeben, an die die Antwort gesendet werden soll.<\/p>\n\n<p>Keine pers\u00f6nlichen Informationen des Nutzers der <a href=\"https:\/\/natureplast.eu\/de\/\">Natureplast-Website<\/a> werden ohne das Wissen des Nutzers ver\u00f6ffentlicht, ausgetauscht, \u00fcbertragen, abgetreten oder auf irgendeinem Datentr\u00e4ger an Dritte verkauft. Nur wenn Natureplast und seine Rechte \u00fcbernommen werden, k\u00f6nnen diese Informationen an einen eventuellen Erwerber weitergegeben werden, der seinerseits die gleiche Verpflichtung zur Aufbewahrung und \u00c4nderung der Daten gegen\u00fcber dem Benutzer der <a href=\"https:\/\/natureplast.eu\/de\/\">Natureplast-Website<\/a> hat. <\/p>\n\n<h2 class=\"wp-block-heading has-text-align-left\">1. Erhebung von pers\u00f6nlichen Daten<\/h2>\n\n<p>Bei der Nutzung der <a href=\"https:\/\/natureplast.eu\/de\/\">Natureplast-Website<\/a> werden automatisch von der Serversoftware erfasst: die URL der Links, \u00fcber die der Benutzer auf die <a href=\"https:\/\/natureplast.eu\/de\/\">Natureplast-Website<\/a> gelangt ist, die Navigationssoftware und das Betriebssystem sowie deren Version, die zum Aufrufen der <a href=\"https:\/\/natureplast.eu\/de\/\">Natureplast-Website<\/a> verwendet wurden, die Internetprotokoll-Adresse (IP) des verwendeten Terminals (eventuell in Form eines Hostnamens), das Datum und die Uhrzeit des Besuchs, die aufgerufene Seite. Diese Daten werden f\u00fcr Besuchsstatistiken verwendet und ein Jahr lang aufbewahrt. <\/p>\n\n<p>Die <a href=\"https:\/\/natureplast.eu\/de\/\">Natureplast-Website<\/a> verwendet L\u00f6sungen, die von Drittanbietern angeboten werden, unter anderem und ohne Anspruch auf Vollst\u00e4ndigkeit: Google Analytics, Google Map, Youtube. Diese Anbieter haben ihre eigenen Datenschutzrichtlinien, auf die Sie sich bitte beziehen. In jedem Fall haben sich die betreffenden Herausgeber verpflichtet, die DSGVO einzuhalten.  <\/p>\n\n<p>Im Allgemeinen ist es m\u00f6glich, die <a href=\"https:\/\/natureplast.eu\/de\/\">Natureplast-Website<\/a> zu besuchen, ohne namentliche Informationen eingeben zu m\u00fcssen. In jedem Fall sind Sie in keiner Weise verpflichtet, solche Informationen an Natureplast zu \u00fcbermitteln, um die <a href=\"https:\/\/natureplast.eu\/de\/\">Natureplast-Website<\/a> zu besuchen. <\/p>\n\n<p>Die Nutzung bestimmter Dienste, die auf der <a href=\"https:\/\/natureplast.eu\/de\/\">Natureplast-Website<\/a> angeboten werden, erfordert jedoch die Erfassung pers\u00f6nlicher Informationen. Der Benutzer stellt diese Informationen in voller Kenntnis der Sachlage zur Verf\u00fcgung, wenn er sie selbst eingibt. Der Benutzer der <a href=\"https:\/\/natureplast.eu\/de\/\">Natureplast-Website<\/a> wird dann dar\u00fcber informiert, ob er diese Informationen angeben muss oder nicht (Pflichtfelder).  <\/p>\n\n<h2 class=\"wp-block-heading\">2. Cookies.<\/h2>\n\n<p>Das Surfen auf der <a href=\"https:\/\/natureplast.eu\/de\/\">Natureplast-Website<\/a> f\u00fchrt dazu, dass auf dem Computer des Benutzers ein Cookie(s) installiert wird. Ein Cookie ist eine kleine Datei, die die Identifizierung des Browsers des Benutzers erm\u00f6glicht und somit die Speicherung von Informationen \u00fcber die Navigation des Besuchers auf der <a href=\"https:\/\/natureplast.eu\/de\/\">Natureplast-Website<\/a> erlaubt. Die so erhaltenen Daten dienen dazu, die Navigation auf der Website zu verbessern, und werden auch f\u00fcr verschiedene Messungen der Besucherzahlen verwendet.  <\/p>\n\n<p>Bestimmte Dienste Dritter, die von der <a href=\"https:\/\/natureplast.eu\/de\/\">Natureplast-Website<\/a> genutzt werden, k\u00f6nnen &#8222;persistente&#8220; Cookies hinterlegen, deren Nutzung und Hinterlegung ihren eigenen Datenschutzrichtlinien unterliegen, zu denen Sie unten einen Link finden. Diese Cookie-Familie umfasst Cookies f\u00fcr die Messung der Besucherzahlen, Werbe-Cookies und Cookies f\u00fcr soziale Netzwerke (insbesondere von Facebook, YouTube, Twitter und LinkedIn). <\/p>\n\n<h3 class=\"wp-block-heading\">2.1. Messung des Publikums <\/h3>\n\n<p>Cookies zur Messung der Besucherzahlen erstellen Statistiken \u00fcber den Besuch und die Nutzung verschiedener Elemente der Website (z.B. die Inhalte\/Seiten, die Sie besucht haben). Diese Daten tragen zur Verbesserung der Benutzerfreundlichkeit der <a href=\"https:\/\/natureplast.eu\/de\/\">Natureplast-Website<\/a> bei. <\/p>\n\n<p>Auf dieser Website wird ein Tool zur Messung der Besucherzahlen verwendet:<\/p>\n\n<ul class=\"wp-block-list\">\n<li>Google Analytics, dessen Datenschutzrichtlinie unter folgendem Link abrufbar ist: https: <a href=\"https:\/\/privacy.google.com\/intl\/fr_fr\/businesses\/compliance\/#?modal_active=none\" target=\"_blank\" rel=\"noreferrer noopener\">\/\/privacy.google.com\/intl\/fr_fr\/businesses\/compliance<\/a><\/li>\n<\/ul>\n\n<h2 class=\"wp-block-heading\">3. Gesammelte Daten<\/h2>\n\n<h3 class=\"wp-block-heading\">3.1 Kontaktformular <\/h3>\n\n<p>Die bei der Verwendung des Kontaktformulars angeforderten pers\u00f6nlichen Daten werden nicht auf der <a href=\"https:\/\/natureplast.eu\/de\/\">Natureplast-Website<\/a> gespeichert, sondern direkt per E-Mail an Natureplast weitergeleitet. Diese Daten werden verwendet, um Ihre Anfrage per E-Mail zu beantworten und werden f\u00fcr einen Zeitraum von maximal 36 Monaten aufbewahrt. <\/p>\n","protected":false},"excerpt":{"rendered":"<p>v 1.2 &#8211; 06\/11\/2024 Diese Datenschutzrichtlinie legt fest und informiert Sie dar\u00fcber, wie Natureplast die Informationen nutzt und sch\u00fctzt, die Sie uns gegebenenfalls bei der Nutzung dieser Website, die \u00fcber die folgende URL zug\u00e4nglich ist, \u00fcbermitteln: Natureplast (nachfolgend die &#8222;Website&#8220;). Bitte beachten Sie, dass diese Datenschutzrichtlinie jederzeit von Natureplast ge\u00e4ndert oder erg\u00e4nzt werden kann, insbesondere [&hellip;]<\/p>\n","protected":false},"author":1,"featured_media":0,"parent":0,"menu_order":0,"comment_status":"closed","ping_status":"closed","template":"","meta":{"_acf_changed":false,"footnotes":""},"class_list":["post-6870","page","type-page","status-publish","hentry"],"acf":[],"_links":{"self":[{"href":"https:\/\/natureplast.eu\/de\/wp-json\/wp\/v2\/pages\/6870","targetHints":{"allow":["GET"]}}],"collection":[{"href":"https:\/\/natureplast.eu\/de\/wp-json\/wp\/v2\/pages"}],"about":[{"href":"https:\/\/natureplast.eu\/de\/wp-json\/wp\/v2\/types\/page"}],"author":[{"embeddable":true,"href":"https:\/\/natureplast.eu\/de\/wp-json\/wp\/v2\/users\/1"}],"replies":[{"embeddable":true,"href":"https:\/\/natureplast.eu\/de\/wp-json\/wp\/v2\/comments?post=6870"}],"version-history":[{"count":2,"href":"https:\/\/natureplast.eu\/de\/wp-json\/wp\/v2\/pages\/6870\/revisions"}],"predecessor-version":[{"id":8477,"href":"https:\/\/natureplast.eu\/de\/wp-json\/wp\/v2\/pages\/6870\/revisions\/8477"}],"wp:attachment":[{"href":"https:\/\/natureplast.eu\/de\/wp-json\/wp\/v2\/media?parent=6870"}],"curies":[{"name":"wp","href":"https:\/\/api.w.org\/{rel}","templated":true}]}}