{"id":6883,"date":"2024-11-06T12:28:33","date_gmt":"2024-11-06T11:28:33","guid":{"rendered":"https:\/\/sc2leje1101.universe.wf\/unsere-materialien\/biokunststoff-compounds\/"},"modified":"2025-04-15T12:00:28","modified_gmt":"2025-04-15T10:00:28","slug":"biokunststoff-compounds","status":"publish","type":"page","link":"https:\/\/natureplast.eu\/de\/unsere-materialien\/biokunststoff-compounds\/","title":{"rendered":"Biokunststoff-Compounds"},"content":{"rendered":"\n<p><strong>Diese Biokunststoff-Compounds<\/strong> sollen L\u00f6sungen f\u00fcr die Probleme bieten, mit denen Roh-Biokunststoffe sowohl hinsichtlich ihrer Verarbeitung (Ver\u00e4nderung der Rheologie, Entformung usw.) als auch ihrer intrinsischen Eigenschaften (mechanisch, thermisch usw.) und ihrer Abbaukinetik konfrontiert sind.<br\/><br\/>Diese Compounds k\u00f6nnen aus <strong>verschiedenen biobasierten und\/oder biologisch abbaubaren Polymeren<\/strong> unter verschiedenen Bedingungen (je nach Kundenwunsch), Additiven und anderen Komponenten bestehen.<\/p>\n\n<p>Die Arbeit unseres F&amp;E-Zentrums erm\u00f6glicht es uns, t\u00e4glich neue L\u00f6sungen zu erfinden und neue Compounds zu entwickeln, um neue Probleme zu l\u00f6sen.<\/p>\n\n<p><br\/><strong>Bitte kontaktieren Sie uns, wenn Sie einen Compound w\u00fcnschen, der speziell auf Ihre Bed\u00fcrfnisse zugeschnitten ist!<\/strong><\/p>\n\n<p><\/p>\n","protected":false},"excerpt":{"rendered":"<p>Diese Biokunststoff-Compounds sollen L\u00f6sungen f\u00fcr die Probleme bieten, mit denen Roh-Biokunststoffe sowohl hinsichtlich ihrer Verarbeitung (Ver\u00e4nderung der Rheologie, Entformung usw.) als auch ihrer intrinsischen Eigenschaften (mechanisch, thermisch usw.) und ihrer Abbaukinetik konfrontiert sind. Diese Compounds k\u00f6nnen aus verschiedenen biobasierten und\/oder biologisch abbaubaren Polymeren unter verschiedenen Bedingungen (je nach Kundenwunsch), Additiven und anderen Komponenten bestehen. Die [&hellip;]<\/p>\n","protected":false},"author":1,"featured_media":0,"parent":2674,"menu_order":0,"comment_status":"closed","ping_status":"closed","template":"categories.php","meta":{"_acf_changed":false,"footnotes":""},"class_list":["post-6883","page","type-page","status-publish","hentry"],"acf":[],"_links":{"self":[{"href":"https:\/\/natureplast.eu\/de\/wp-json\/wp\/v2\/pages\/6883","targetHints":{"allow":["GET"]}}],"collection":[{"href":"https:\/\/natureplast.eu\/de\/wp-json\/wp\/v2\/pages"}],"about":[{"href":"https:\/\/natureplast.eu\/de\/wp-json\/wp\/v2\/types\/page"}],"author":[{"embeddable":true,"href":"https:\/\/natureplast.eu\/de\/wp-json\/wp\/v2\/users\/1"}],"replies":[{"embeddable":true,"href":"https:\/\/natureplast.eu\/de\/wp-json\/wp\/v2\/comments?post=6883"}],"version-history":[{"count":1,"href":"https:\/\/natureplast.eu\/de\/wp-json\/wp\/v2\/pages\/6883\/revisions"}],"predecessor-version":[{"id":6884,"href":"https:\/\/natureplast.eu\/de\/wp-json\/wp\/v2\/pages\/6883\/revisions\/6884"}],"up":[{"embeddable":true,"href":"https:\/\/natureplast.eu\/de\/wp-json\/wp\/v2\/pages\/2674"}],"wp:attachment":[{"href":"https:\/\/natureplast.eu\/de\/wp-json\/wp\/v2\/media?parent=6883"}],"curies":[{"name":"wp","href":"https:\/\/api.w.org\/{rel}","templated":true}]}}