{"id":6912,"date":"2024-11-06T12:32:31","date_gmt":"2024-11-06T11:32:31","guid":{"rendered":"https:\/\/sc2leje1101.universe.wf\/unser-fachwissen\/dienste\/ausbildung\/"},"modified":"2026-02-26T09:08:27","modified_gmt":"2026-02-26T08:08:27","slug":"ausbildung","status":"publish","type":"page","link":"https:\/\/natureplast.eu\/de\/unser-fachwissen\/dienste\/ausbildung\/","title":{"rendered":"Ausbildung"},"content":{"rendered":"\n<div class=\"wp-block-columns composition-diaporama-single-produit is-layout-flex wp-container-core-columns-is-layout-28f84493 wp-block-columns-is-layout-flex\">\n<div class=\"wp-block-column is-layout-flow wp-block-column-is-layout-flow\">\n<p>Diese <strong>Schulungen<\/strong> k\u00f6nnen <strong>sowohl unternehmensintern als auch unternehmens\u00fcbergreifend<\/strong> durchgef\u00fchrt werden, um Ihren Anforderungen und Bed\u00fcrfnissen am besten gerecht zu werden, und k\u00f6nnen daher an unserem, Ihrem oder dem Standort eines Partners stattfinden.<\/p>\n\n\n\n<p>Sie erfordern <strong>keine Vorkenntnisse<\/strong> \u00fcber Polymere oder Biokunststoffe und sind sowohl f\u00fcr <strong>Kunststoffverarbeiter<\/strong> als auch f\u00fcr <strong>Endverbraucher<\/strong> konzipiert. Sie bieten eine breite und detaillierte Behandlung von Biokunststoffen und ihrer Umwelt. <\/p>\n\n\n\n<p>Wir k\u00f6nnen die verschiedenen Abteilungen Ihres Unternehmens, die bei einem Entwicklungsprojekt zusammenarbeiten werden (Technik, Marketing, Vertrieb usw.), kosteng\u00fcnstig zur gleichen Zeit schulen.<\/p>\n\n\n\n<p>Es gibt verschiedene Schulungsmodule, die alle auf unserer <strong>18-j\u00e4hrigen Erfahrung<\/strong> mit Biokunststoffen basieren und deren gemeinsamer Nenner ist, dass sie die wichtigsten Fragen beantworten k\u00f6nnen:<\/p>\n\n\n\n<div class=\"wp-block-buttons is-content-justification-left is-layout-flex wp-container-core-buttons-is-layout-fc4fd283 wp-block-buttons-is-layout-flex\">\n<div class=\"wp-block-button is-style-fill\"><a class=\"wp-block-button__link has-color-1-background-color has-text-color has-background has-link-color wp-element-button\" href=\"https:\/\/natureplast.eu\/wp-content\/uploads\/2026\/02\/NaturePlast-training-catalogue-2026_compressed-1.pdf\" style=\"color:#ffffff\" target=\"_blank\" rel=\"noreferrer noopener\">Laden Sie das Programm herunter<\/a><\/div>\n<\/div>\n<\/div>\n\n\n\n<div class=\"wp-block-column is-layout-flow wp-block-column-is-layout-flow\">\n<p><\/p>\n\n\n\n<figure class=\"wp-block-image size-full custom-gallery\"><img decoding=\"async\" src=\"https:\/\/natureplast.eu\/wp-content\/uploads\/2025\/02\/Photos-site-web-37-2.png\" alt=\"\" class=\"wp-image-5576\"\/><\/figure>\n<\/div>\n<\/div>\n\n\n\n<div id=\"valeurs\" class=\"wp-block-group bloc-valeurs has-background\" style=\"border-radius:40px;background-color:#ffffff\"><div class=\"wp-block-group__inner-container is-layout-constrained wp-block-group-is-layout-constrained\">\n<div class=\"wp-block-columns are-vertically-aligned-top is-layout-flex wp-container-core-columns-is-layout-12a0b04b wp-block-columns-is-layout-flex\" style=\"padding-top:var(--wp--preset--spacing--40)\">\n<div class=\"wp-block-column is-layout-flow wp-block-column-is-layout-flow\" style=\"flex-basis:40%\">\n<figure class=\"wp-block-image size-large has-custom-border is-style-rounded\" style=\"margin-top:0;margin-right:var(--wp--preset--spacing--40);margin-bottom:0;margin-left:var(--wp--preset--spacing--40)\"><img loading=\"lazy\" decoding=\"async\" width=\"1024\" height=\"683\" src=\"https:\/\/natureplast.eu\/wp-content\/uploads\/2025\/02\/237-1024x683.png\" alt=\"\" class=\"wp-image-5511\" style=\"border-style:none;border-width:0px;border-radius:0px;object-fit:cover\" srcset=\"https:\/\/natureplast.eu\/wp-content\/uploads\/2025\/02\/237-1024x683.png 1024w, https:\/\/natureplast.eu\/wp-content\/uploads\/2025\/02\/237-300x200.png 300w, https:\/\/natureplast.eu\/wp-content\/uploads\/2025\/02\/237-768x512.png 768w, https:\/\/natureplast.eu\/wp-content\/uploads\/2025\/02\/237-1536x1024.png 1536w, https:\/\/natureplast.eu\/wp-content\/uploads\/2025\/02\/237-800x533.png 800w, https:\/\/natureplast.eu\/wp-content\/uploads\/2025\/02\/237.png 1920w\" sizes=\"auto, (max-width: 1024px) 100vw, 1024px\" \/><\/figure>\n<\/div>\n\n\n\n<div class=\"wp-block-column is-vertically-aligned-top is-layout-flow wp-block-column-is-layout-flow\">\n<h3 class=\"wp-block-heading\"><mark style=\"background-color:rgba(0, 0, 0, 0);color:#000000\" class=\"has-inline-color\">Was ist ein biobasierter Kunststoff? Biologisch abbaubarer Kunststoff? <\/mark><\/h3>\n\n\n\n<ul class=\"wp-block-list\">\n<li>Definitionen, allgemeine Daten \u00fcber die Produktion und das Ende der Lebensdauer<\/li>\n\n\n\n<li>Marktdaten, Regulierungsdaten<\/li>\n<\/ul>\n\n\n\n<h3 class=\"wp-block-heading\"><mark style=\"background-color:rgba(0, 0, 0, 0);color:#000000\" class=\"has-inline-color\">Welche verschiedenen biobasierten und \/ oder biologisch abbaubaren Polymere gibt es?<\/mark><\/h3>\n\n\n\n<ul class=\"wp-block-list\">\n<li>Industriell hergestelltes Material, heute und in Zukunft<\/li>\n\n\n\n<li>Ihre Besonderheiten, Eigenschaften und Kosten im Vergleich.<\/li>\n\n\n\n<li>Einf\u00fchrung in LCAs und kritische Analyse<\/li>\n<\/ul>\n\n\n\n<h3 class=\"wp-block-heading\"><mark style=\"background-color:rgba(0, 0, 0, 0);color:#000000\" class=\"has-inline-color\">Wie w\u00e4hlt man das richtige Material<\/mark>?<\/h3>\n\n\n\n<p><\/p>\n\n\n\n<ul class=\"wp-block-list\">\n<li>Verbesserung der Eigenschaften von biobasierten und \/ oder biologisch abbaubaren Kunststoffen  <\/li>\n<\/ul>\n<\/div>\n<\/div>\n<\/div><\/div>\n\n\n\n<div class=\"wp-block-group\"><div class=\"wp-block-group__inner-container is-layout-constrained wp-block-group-is-layout-constrained\">\n<h3 class=\"wp-block-heading\">Die Vorteile dieser Schulungen<\/h3>\n\n\n\n<ul class=\"wp-block-list\">\n<li>Anpassung des Kursinhalts an Ihr Profil und Ihre Fragen.<\/li>\n<\/ul>\n\n\n\n<ul class=\"wp-block-list\">\n<li>Ein umfassendes Programm, das Ihnen die Schl\u00fcssel zum Verst\u00e4ndnis des \u00d6kosystems der Biokunststoffe und zur Vertiefung der Themen, die Sie interessieren, an die Hand gibt: Technik, Markt, Vorschriften, Umweltleistung, etc.<\/li>\n<\/ul>\n\n\n\n<ul class=\"wp-block-list\">\n<li>M\u00f6glichkeit, Theorie und Praxis an zwei aufeinanderfolgenden Tagen zu kombinieren.<\/li>\n<\/ul>\n<\/div><\/div>\n\n\n\n<div id=\"valeurs\" class=\"wp-block-group bloc-valeurs has-background\" style=\"border-radius:40px;background-color:#ffffff\"><div class=\"wp-block-group__inner-container is-layout-constrained wp-block-group-is-layout-constrained\">\n<div class=\"wp-block-columns are-vertically-aligned-top is-layout-flex wp-container-core-columns-is-layout-12a0b04b wp-block-columns-is-layout-flex\" style=\"padding-top:var(--wp--preset--spacing--40)\">\n<div class=\"wp-block-column is-vertically-aligned-top is-layout-flow wp-block-column-is-layout-flow\">\n<p>NaturePlast hat eine Registrierungsnummer als Ausbildungsorganisation beim Arbeitsministerium.<\/p>\n\n\n\n<p><strong>Bitte kontaktieren Sie uns, um die Kosten f\u00fcr diesen Kurs von Ihrem OPCO \u00fcbernehmen zu lassen.<\/strong><\/p>\n\n\n\n<p>Weitere Informationen finden Sie in unserem Schulungskatalog!<\/p>\n<\/div>\n<\/div>\n<\/div><\/div>\n\n\n\n<p><\/p>\n","protected":false},"excerpt":{"rendered":"<p>Diese Schulungen k\u00f6nnen sowohl unternehmensintern als auch unternehmens\u00fcbergreifend durchgef\u00fchrt werden, um Ihren Anforderungen und Bed\u00fcrfnissen am besten gerecht zu werden, und k\u00f6nnen daher an unserem, Ihrem oder dem Standort eines Partners stattfinden. Sie erfordern keine Vorkenntnisse \u00fcber Polymere oder Biokunststoffe und sind sowohl f\u00fcr Kunststoffverarbeiter als auch f\u00fcr Endverbraucher konzipiert. Sie bieten eine breite und [&hellip;]<\/p>\n","protected":false},"author":1,"featured_media":0,"parent":6803,"menu_order":0,"comment_status":"closed","ping_status":"closed","template":"","meta":{"_acf_changed":false,"footnotes":""},"class_list":["post-6912","page","type-page","status-publish","hentry"],"acf":[],"_links":{"self":[{"href":"https:\/\/natureplast.eu\/de\/wp-json\/wp\/v2\/pages\/6912","targetHints":{"allow":["GET"]}}],"collection":[{"href":"https:\/\/natureplast.eu\/de\/wp-json\/wp\/v2\/pages"}],"about":[{"href":"https:\/\/natureplast.eu\/de\/wp-json\/wp\/v2\/types\/page"}],"author":[{"embeddable":true,"href":"https:\/\/natureplast.eu\/de\/wp-json\/wp\/v2\/users\/1"}],"replies":[{"embeddable":true,"href":"https:\/\/natureplast.eu\/de\/wp-json\/wp\/v2\/comments?post=6912"}],"version-history":[{"count":4,"href":"https:\/\/natureplast.eu\/de\/wp-json\/wp\/v2\/pages\/6912\/revisions"}],"predecessor-version":[{"id":10283,"href":"https:\/\/natureplast.eu\/de\/wp-json\/wp\/v2\/pages\/6912\/revisions\/10283"}],"up":[{"embeddable":true,"href":"https:\/\/natureplast.eu\/de\/wp-json\/wp\/v2\/pages\/6803"}],"wp:attachment":[{"href":"https:\/\/natureplast.eu\/de\/wp-json\/wp\/v2\/media?parent=6912"}],"curies":[{"name":"wp","href":"https:\/\/api.w.org\/{rel}","templated":true}]}}