{"id":6915,"date":"2024-11-06T12:31:55","date_gmt":"2024-11-06T11:31:55","guid":{"rendered":"https:\/\/sc2leje1101.universe.wf\/unser-fachwissen\/fe\/"},"modified":"2026-04-16T17:14:26","modified_gmt":"2026-04-16T15:14:26","slug":"fe","status":"publish","type":"page","link":"https:\/\/natureplast.eu\/de\/unser-fachwissen\/fe\/","title":{"rendered":"F&amp;E"},"content":{"rendered":"\n<div class=\"wp-block-columns composition-diaporama-single-produit is-layout-flex wp-container-core-columns-is-layout-28f84493 wp-block-columns-is-layout-flex\">\n<div class=\"wp-block-column is-layout-flow wp-block-column-is-layout-flow\">\n<p>Biopolymere, wie auch herk\u00f6mmliche Kunststoffe, erfordern in der Regel eine <strong>Verbesserung ihrer Eigenschaften<\/strong>, um den Anforderungen der Industrie gerecht zu werden.<\/p>\n\n\n\n<p>Seit 2009 unterst\u00fctzt Sie <strong>BiopolyNov, eine<\/strong> Tochtergesellschaft von NaturePlast, die sich der Forschung und Entwicklung widmet, bei jedem Schritt, von der <strong>Konzeption ma\u00dfgeschneiderter Formulierungen<\/strong> bis zur <strong>industriellen Validierung<\/strong>. Dank des umfassenden Angebots an Biokunststoffen von<strong> NaturePlast<\/strong> verf\u00fcgt BiopolyNov \u00fcber die notwendigen Ressourcen, um seine Forschungs- und Entwicklungsarbeit erfolgreich durchzuf\u00fchren. <\/p>\n\n\n\n<p>Diese Synergie erm\u00f6glicht es uns, den technischen und \u00f6kologischen Herausforderungen Ihrer Projekte gerecht zu werden und gleichzeitig den Anforderungen des Marktes vorzugreifen.<\/p>\n\n\n\n<p>Unser<strong> BiopolyNov-Labor <\/strong>h\u00f6rt sich Ihre Projekte an, um Ihnen eine ma\u00dfgeschneiderte <strong>L\u00f6sung<\/strong> anzubieten, die speziell f\u00fcr Ihre Erwartungen entwickelt wurde.<\/p>\n\n\n\n<div class=\"wp-block-buttons is-layout-flex wp-block-buttons-is-layout-flex\">\n<div class=\"wp-block-button has-custom-width wp-block-button__width-75\"><a class=\"wp-block-button__link has-color-1-background-color has-text-color has-background has-link-color has-text-align-left wp-element-button\" style=\"color:#ffffff\">Unser F&amp;E-Labor ist bis 2029 f\u00fcr CIR und CII (Cr\u00e9dit d&#8217;Imp\u00f4t Recherche<strong> <\/strong>und Innovation) zugelassen.<\/a><\/div>\n<\/div>\n<\/div>\n\n\n\n<div class=\"wp-block-column is-layout-flow wp-block-column-is-layout-flow\">\n<figure class=\"wp-block-image size-large custom-gallery\"><img loading=\"lazy\" decoding=\"async\" width=\"2560\" height=\"1439\" src=\"https:\/\/natureplast.eu\/wp-content\/uploads\/2025\/03\/Extrudeuse-bi-vis-21mm-10-edited-4-scaled.jpg\" alt=\"Doppelschneckenextruder 21mm 10\" class=\"wp-image-5816\" srcset=\"https:\/\/natureplast.eu\/wp-content\/uploads\/2025\/03\/Extrudeuse-bi-vis-21mm-10-edited-4-scaled.jpg 2560w, https:\/\/natureplast.eu\/wp-content\/uploads\/2025\/03\/Extrudeuse-bi-vis-21mm-10-edited-4-300x169.jpg 300w, https:\/\/natureplast.eu\/wp-content\/uploads\/2025\/03\/Extrudeuse-bi-vis-21mm-10-edited-4-1024x576.jpg 1024w, https:\/\/natureplast.eu\/wp-content\/uploads\/2025\/03\/Extrudeuse-bi-vis-21mm-10-edited-4-768x432.jpg 768w, https:\/\/natureplast.eu\/wp-content\/uploads\/2025\/03\/Extrudeuse-bi-vis-21mm-10-edited-4-1536x863.jpg 1536w, https:\/\/natureplast.eu\/wp-content\/uploads\/2025\/03\/Extrudeuse-bi-vis-21mm-10-edited-4-2048x1151.jpg 2048w, https:\/\/natureplast.eu\/wp-content\/uploads\/2025\/03\/Extrudeuse-bi-vis-21mm-10-edited-4-800x450.jpg 800w\" sizes=\"auto, (max-width: 2560px) 100vw, 2560px\" \/><\/figure>\n<\/div>\n<\/div>\n\n<div id=\"valeurs\" class=\"wp-block-group bloc-valeurs has-background\" style=\"border-radius:40px;background-color:#ffffff\"><div class=\"wp-block-group__inner-container is-layout-constrained wp-block-group-is-layout-constrained\">\n<div class=\"wp-block-columns are-vertically-aligned-top is-layout-flex wp-container-core-columns-is-layout-12a0b04b wp-block-columns-is-layout-flex\" style=\"padding-top:var(--wp--preset--spacing--40)\">\n<div class=\"wp-block-column is-vertically-aligned-top is-layout-flow wp-block-column-is-layout-flow\">\n<h3 class=\"wp-block-heading\"><mark style=\"background-color:rgba(0, 0, 0, 0);color:#000000\" class=\"has-inline-color\">UNSERE F&amp;E-LEISTUNGEN<\/mark><\/h3>\n\n\n\n<ul class=\"wp-block-list\">\n<li><strong>Entwicklung spezifischer Formulierungen<\/strong>: Erstellung von Mischungen, die an Ihre Anwendungen angepasst sind und biobasierte, biologisch abbaubare, recycelte Polymere oder auch erneuerbare F\u00fcllstoffe wie Naturfasern oder Nebenprodukte enthalten.<\/li>\n<\/ul>\n\n\n\n<ul class=\"wp-block-list\">\n<li><strong>Aufbau Ihres Materialsortiments<\/strong>: F\u00fcr aktuelle und zuk\u00fcnftige Produzenten von Biokunststoffen und Biomassen. Dieses Coaching erm\u00f6glicht Ihnen die Erstellung einer neuen Materialpalette, die den Marktanforderungen entspricht. <\/li>\n<\/ul>\n\n\n\n<ul class=\"wp-block-list\">\n<li><strong>Materialcharakterisierung: <\/strong>gr\u00fcndliche Untersuchung der thermischen, mechanischen und rheologischen Eigenschaften, um eine optimale Leistung zu gew\u00e4hrleisten.<\/li>\n<\/ul>\n\n\n\n<ul class=\"wp-block-list\">\n<li><strong>Prototypenbau und vorindustrielle Tests:<\/strong> Validierung Ihrer L\u00f6sungen in kleinem Ma\u00dfstab vor ihrer industriellen Umsetzung.<\/li>\n<\/ul>\n<\/div>\n<\/div>\n<\/div><\/div>\n\n<div class=\"wp-block-columns composition-diaporama-single-produit is-layout-flex wp-container-core-columns-is-layout-28f84493 wp-block-columns-is-layout-flex\">\n<div class=\"wp-block-column is-layout-flow wp-block-column-is-layout-flow\">\n<p><strong>NaturePlast und BiopolyNov<\/strong> sind auch seit vielen Jahren in <strong>langfristigen Kooperationen<\/strong> im Rahmen von <strong>franz\u00f6sischen und europ\u00e4ischen Partnerschaften <\/strong>engagiert, die von der Regierung finanziell unterst\u00fctzt werden.<\/p>\n\n\n\n<p>Alle diese Projekte und ihre innovativen Themen finden Sie in unserem <a href=\"https:\/\/natureplast.eu\/de\/unsere-projekte\/\" data-type=\"page\" data-id=\"150\">Abschnitt Projekte<\/a>.<\/p>\n\n\n\n<p>Historisch gesehen besteht die Rolle von NaturePlast und BiopolyNov in der Durchf\u00fchrung von <strong>Formulierungen, Tests im Pilotma\u00dfstab und<\/strong> der <strong>Charakterisierung<\/strong> von L\u00f6sungen, die im Rahmen der Projekte entwickelt wurden. Seit einigen Jahren nutzen wir unser <strong>Fachwissen und unsere Erfahrung <\/strong>auch f\u00fcr Projekte, die auf die Schaffung von Netzwerken und die Zusammenf\u00fchrung von Akteuren der Kreislaufwirtschaft und der Biomaterialbranche abzielen. <\/p>\n<\/div>\n\n\n\n<div class=\"wp-block-column is-layout-flow wp-block-column-is-layout-flow\">\n<figure class=\"wp-block-image size-large custom-gallery\"><img loading=\"lazy\" decoding=\"async\" width=\"1920\" height=\"1079\" src=\"https:\/\/natureplast.eu\/wp-content\/uploads\/2025\/03\/205-edited.png\" alt=\"\" class=\"wp-image-5821\" srcset=\"https:\/\/natureplast.eu\/wp-content\/uploads\/2025\/03\/205-edited.png 1920w, https:\/\/natureplast.eu\/wp-content\/uploads\/2025\/03\/205-edited-300x169.png 300w, https:\/\/natureplast.eu\/wp-content\/uploads\/2025\/03\/205-edited-1024x575.png 1024w, https:\/\/natureplast.eu\/wp-content\/uploads\/2025\/03\/205-edited-768x432.png 768w, https:\/\/natureplast.eu\/wp-content\/uploads\/2025\/03\/205-edited-1536x863.png 1536w, https:\/\/natureplast.eu\/wp-content\/uploads\/2025\/03\/205-edited-800x450.png 800w\" sizes=\"auto, (max-width: 1920px) 100vw, 1920px\" \/><\/figure>\n<\/div>\n<\/div>\n\n<div id=\"valeurs\" class=\"wp-block-group bloc-valeurs has-background\" style=\"border-radius:40px;background-color:#ffffff\"><div class=\"wp-block-group__inner-container is-layout-constrained wp-block-group-is-layout-constrained\">\n<div class=\"wp-block-columns are-vertically-aligned-top is-layout-flex wp-container-core-columns-is-layout-12a0b04b wp-block-columns-is-layout-flex\" style=\"padding-top:var(--wp--preset--spacing--40)\">\n<div class=\"wp-block-column is-vertically-aligned-top is-layout-flow wp-block-column-is-layout-flow\">\n<h3 class=\"wp-block-heading\"><mark style=\"background-color:rgba(0, 0, 0, 0);color:#000000\" class=\"has-inline-color\">Warum sollten Sie mit natureplast und biopolynov zusammenarbeiten<\/mark>?<\/h3>\n\n\n\n<p>Wenn Sie sich f\u00fcr NaturePlast und BiopolyNov entscheiden, profitieren Sie von :<\/p>\n\n\n\n<ul class=\"wp-block-list\">\n<li><strong>Einzigartige Expertise<\/strong>: \u00fcber 18 Jahre Erfahrung im Bereich Biokunststoffe und umfassende Kenntnisse \u00fcber innovative Materialien.<\/li>\n<\/ul>\n\n\n\n<ul class=\"wp-block-list\">\n<li><strong>Spezialisierte Infrastruktur <\/strong>: ein geeignetes F&amp;E-Labor, um Sie in allen Phasen Ihrer Projekte zu unterst\u00fctzen.<\/li>\n<\/ul>\n\n\n\n<ul class=\"wp-block-list\">\n<li><strong>Nachhaltiges Engagement: <\/strong>L\u00f6sungen, die so konzipiert sind, dass sie den \u00f6kologischen Fu\u00dfabdruck reduzieren und gleichzeitig die technischen und wirtschaftlichen Erwartungen erf\u00fcllen.<\/li>\n<\/ul>\n<\/div>\n<\/div>\n<\/div><\/div>\n","protected":false},"excerpt":{"rendered":"<p>Biopolymere, wie auch herk\u00f6mmliche Kunststoffe, erfordern in der Regel eine Verbesserung ihrer Eigenschaften, um den Anforderungen der Industrie gerecht zu werden. Seit 2009 unterst\u00fctzt Sie BiopolyNov, eine Tochtergesellschaft von NaturePlast, die sich der Forschung und Entwicklung widmet, bei jedem Schritt, von der Konzeption ma\u00dfgeschneiderter Formulierungen bis zur industriellen Validierung. Dank des umfassenden Angebots an Biokunststoffen [&hellip;]<\/p>\n","protected":false},"author":1,"featured_media":0,"parent":6908,"menu_order":0,"comment_status":"closed","ping_status":"closed","template":"","meta":{"_acf_changed":false,"footnotes":""},"class_list":["post-6915","page","type-page","status-publish","hentry"],"acf":[],"_links":{"self":[{"href":"https:\/\/natureplast.eu\/de\/wp-json\/wp\/v2\/pages\/6915","targetHints":{"allow":["GET"]}}],"collection":[{"href":"https:\/\/natureplast.eu\/de\/wp-json\/wp\/v2\/pages"}],"about":[{"href":"https:\/\/natureplast.eu\/de\/wp-json\/wp\/v2\/types\/page"}],"author":[{"embeddable":true,"href":"https:\/\/natureplast.eu\/de\/wp-json\/wp\/v2\/users\/1"}],"replies":[{"embeddable":true,"href":"https:\/\/natureplast.eu\/de\/wp-json\/wp\/v2\/comments?post=6915"}],"version-history":[{"count":5,"href":"https:\/\/natureplast.eu\/de\/wp-json\/wp\/v2\/pages\/6915\/revisions"}],"predecessor-version":[{"id":10486,"href":"https:\/\/natureplast.eu\/de\/wp-json\/wp\/v2\/pages\/6915\/revisions\/10486"}],"up":[{"embeddable":true,"href":"https:\/\/natureplast.eu\/de\/wp-json\/wp\/v2\/pages\/6908"}],"wp:attachment":[{"href":"https:\/\/natureplast.eu\/de\/wp-json\/wp\/v2\/media?parent=6915"}],"curies":[{"name":"wp","href":"https:\/\/api.w.org\/{rel}","templated":true}]}}