{"id":6943,"date":"2024-11-06T14:00:15","date_gmt":"2024-11-06T13:00:15","guid":{"rendered":"https:\/\/sc2leje1101.universe.wf\/definition-von-biokunststoffen\/"},"modified":"2025-04-29T17:10:53","modified_gmt":"2025-04-29T15:10:53","slug":"definition-von-biokunststoffen","status":"publish","type":"page","link":"https:\/\/natureplast.eu\/de\/biokunststoffe\/definition-von-biokunststoffen\/","title":{"rendered":"Definition von Biokunststoffen"},"content":{"rendered":"\n<div class=\"wp-block-group bloc-famille\"><div class=\"wp-block-group__inner-container is-layout-constrained wp-block-group-is-layout-constrained\">\n<h2 class=\"wp-block-heading has-text-align-center reveal-from-top\"><mark style=\"background-color:rgba(0, 0, 0, 0);color:#000000\" class=\"has-inline-color\">3 gro\u00dfe Familien von <em>Biokunststoffen<\/em>:<\/mark><\/h2>\n\n\n\n<div class=\"wp-block-columns is-layout-flex wp-container-core-columns-is-layout-28f84493 wp-block-columns-is-layout-flex\">\n<div class=\"wp-block-column is-layout-flow wp-block-column-is-layout-flow\"><div class=\"wp-block-image\">\n<figure class=\"aligncenter size-large\"><img loading=\"lazy\" decoding=\"async\" width=\"43\" height=\"34\" src=\"https:\/\/natureplast.eu\/wp-content\/uploads\/2025\/04\/biodegradrable.svg\" alt=\"\" class=\"wp-image-9056\"\/><\/figure>\n<\/div>\n\n\n<p class=\"has-text-align-center\">Biobasierte Materialien<br> +<br>Biologisch abbaubar<\/p>\n<\/div>\n\n\n\n<div class=\"wp-block-column is-layout-flow wp-block-column-is-layout-flow\"><div class=\"wp-block-image\">\n<figure class=\"aligncenter size-large\"><img decoding=\"async\" src=\"https:\/\/natureplast.eu\/wp-content\/uploads\/2024\/11\/Group-139.svg\" alt=\"\"\/><\/figure>\n<\/div>\n\n\n<p class=\"has-text-align-center\">Biobasierte Materialien<br> +<br>Nicht abbaubar<\/p>\n<\/div>\n\n\n\n<div class=\"wp-block-column is-layout-flow wp-block-column-is-layout-flow\"><div class=\"wp-block-image\">\n<figure class=\"aligncenter size-large\"><img loading=\"lazy\" decoding=\"async\" width=\"65\" height=\"53\" src=\"https:\/\/natureplast.eu\/wp-content\/uploads\/2025\/04\/Calque_1.svg\" alt=\"\" class=\"wp-image-9061\"\/><\/figure>\n<\/div>\n\n\n<p class=\"has-text-align-center\">Auf Erd\u00f6l basierende Materialien<br> +<br>Biologisch abbaubar<\/p>\n<\/div>\n<\/div>\n<\/div><\/div>\n\n\n\n<div id=\"valeurs\" class=\"wp-block-group bloc-valeurs has-background\" style=\"border-radius:40px;background-color:#ffffff\"><div class=\"wp-block-group__inner-container is-layout-constrained wp-block-group-is-layout-constrained\">\n<div class=\"wp-block-columns are-vertically-aligned-top is-layout-flex wp-container-core-columns-is-layout-12a0b04b wp-block-columns-is-layout-flex\" style=\"padding-top:var(--wp--preset--spacing--40)\">\n<div class=\"wp-block-column is-vertically-aligned-top is-layout-flow wp-block-column-is-layout-flow\">\n<p>Abgesehen von ihrer Herkunft und ihren Eigenschaften am Ende der Lebensdauer k\u00f6nnen Biokunststoffe in zwei Kategorien unterteilt werden.<\/p>\n\n\n\n<p>In der Tat sind einige Biokunststoffe den \u00fcblicherweise verwendeten Polymeren chemisch \u00e4hnlich. So haben ein aus Zuckerrohr hergestelltes PE (auch <strong>biobasiertes<\/strong> <strong>PE<\/strong> genannt) und ein herk\u00f6mmliches PE, das aus fossilen Ressourcen gewonnen wird, die gleichen technischen Eigenschaften. <strong>Biobasiertes PE<\/strong> hat hier den Vorteil, dass es aus einer erneuerbaren Ressource und nicht mehr aus einer fossilen Ressource stammt. Sie k\u00f6nnen daher ihre petrochemischen \u00c4quivalente ohne Schwierigkeiten sofort ersetzen. In dieser Familie finden sich daher nur biobasierte und nicht biologisch abbaubare <strong>Polymere<\/strong> wie <strong>PE<\/strong>, <strong>PET<\/strong>, <strong>PP<\/strong>, <strong>PA<\/strong> oder auch <strong>biobasierte TPUs<\/strong> etc.    <\/p>\n\n\n\n<p>Abgesehen von den Styrolpolymeren (PS, ABS) ist es heute m\u00f6glich, fast alle Gebrauchspolymere zumindest teilweise biobasiert herzustellen (siehe <a href=\"https:\/\/natureplast.eu\/de\/biokunststoffe\/herkunft-der-biobasierten-kunststoffe\/\" data-type=\"link\" data-id=\"https:\/\/natureplast.eu\/de\/biokunststoffe\/herkunft-der-biobasierten-kunststoffe\/\"><strong><em>Herkunft der Biokunststoffe<\/em><\/strong><\/a>).<\/p>\n<\/div>\n\n\n\n<div class=\"wp-block-column is-vertically-aligned-top is-layout-flow wp-block-column-is-layout-flow\">\n<p>Im zweiten Fall haben die Biokunststoffe neue chemische Strukturen. Hier finden sich vorwiegend Biopolymere. <a href=\"https:\/\/natureplast.eu\/de\/biokunststoffe\/ende-der-lebensdauer-von-biokunststoffen\/\" data-type=\"link\" data-id=\"https:\/\/natureplast.eu\/de\/biokunststoffe\/ende-der-lebensdauer-von-biokunststoffen\/\"><strong>biologisch abbaubare Polymere.<\/strong><\/a> von denen die meisten ebenfalls zumindest teilweise biologisch abbaubar sind. <a href=\"https:\/\/natureplast.eu\/de\/biokunststoffe\/herkunft-der-biobasierten-kunststoffe\/\" data-type=\"link\" data-id=\"https:\/\/natureplast.eu\/de\/biokunststoffe\/herkunft-der-biobasierten-kunststoffe\/\"><strong>biobasiert<\/strong><\/a>. Die Materialien dieser Familie haben unterschiedliche Eigenschaften und m\u00fcssen daher entsprechend den erwarteten Eigenschaften des Endprodukts ausgew\u00e4hlt werden. Diese Materialien sind im industriellen Ma\u00dfstab noch neu (die meisten sind weniger als 10-20 Jahre alt) und erfordern daher <strong>Forschung und Entwicklung <\/strong>, um ihnen Eigenschaften zu verleihen, die den Erwartungen des Marktes entsprechen.<\/p>\n<\/div>\n<\/div>\n<\/div><\/div>\n\n\n\n<div id=\"valeurs\" class=\"wp-block-group bloc-valeurs has-background\" style=\"border-radius:40px;background-color:#ffffff\"><div class=\"wp-block-group__inner-container is-layout-constrained wp-block-group-is-layout-constrained\">\n<figure class=\"wp-block-image size-large\"><img loading=\"lazy\" decoding=\"async\" width=\"1024\" height=\"707\" src=\"https:\/\/natureplast.eu\/wp-content\/uploads\/2025\/04\/Diagramme-bioplastiques-EN-1024x707.png\" alt=\"\" class=\"wp-image-9414\" srcset=\"https:\/\/natureplast.eu\/wp-content\/uploads\/2025\/04\/Diagramme-bioplastiques-EN-1024x707.png 1024w, https:\/\/natureplast.eu\/wp-content\/uploads\/2025\/04\/Diagramme-bioplastiques-EN-300x207.png 300w, https:\/\/natureplast.eu\/wp-content\/uploads\/2025\/04\/Diagramme-bioplastiques-EN-768x530.png 768w, https:\/\/natureplast.eu\/wp-content\/uploads\/2025\/04\/Diagramme-bioplastiques-EN-800x553.png 800w, https:\/\/natureplast.eu\/wp-content\/uploads\/2025\/04\/Diagramme-bioplastiques-EN.png 1468w\" sizes=\"auto, (max-width: 1024px) 100vw, 1024px\" \/><\/figure>\n<\/div><\/div>\n","protected":false},"excerpt":{"rendered":"<p>3 gro\u00dfe Familien von Biokunststoffen: Biobasierte Materialien +Biologisch abbaubar Biobasierte Materialien +Nicht abbaubar Auf Erd\u00f6l basierende Materialien +Biologisch abbaubar Abgesehen von ihrer Herkunft und ihren Eigenschaften am Ende der Lebensdauer k\u00f6nnen Biokunststoffe in zwei Kategorien unterteilt werden. In der Tat sind einige Biokunststoffe den \u00fcblicherweise verwendeten Polymeren chemisch \u00e4hnlich. So haben ein aus Zuckerrohr hergestelltes [&hellip;]<\/p>\n","protected":false},"author":1,"featured_media":0,"parent":6948,"menu_order":0,"comment_status":"closed","ping_status":"closed","template":"","meta":{"_acf_changed":false,"footnotes":""},"class_list":["post-6943","page","type-page","status-publish","hentry"],"acf":[],"_links":{"self":[{"href":"https:\/\/natureplast.eu\/de\/wp-json\/wp\/v2\/pages\/6943","targetHints":{"allow":["GET"]}}],"collection":[{"href":"https:\/\/natureplast.eu\/de\/wp-json\/wp\/v2\/pages"}],"about":[{"href":"https:\/\/natureplast.eu\/de\/wp-json\/wp\/v2\/types\/page"}],"author":[{"embeddable":true,"href":"https:\/\/natureplast.eu\/de\/wp-json\/wp\/v2\/users\/1"}],"replies":[{"embeddable":true,"href":"https:\/\/natureplast.eu\/de\/wp-json\/wp\/v2\/comments?post=6943"}],"version-history":[{"count":9,"href":"https:\/\/natureplast.eu\/de\/wp-json\/wp\/v2\/pages\/6943\/revisions"}],"predecessor-version":[{"id":9418,"href":"https:\/\/natureplast.eu\/de\/wp-json\/wp\/v2\/pages\/6943\/revisions\/9418"}],"up":[{"embeddable":true,"href":"https:\/\/natureplast.eu\/de\/wp-json\/wp\/v2\/pages\/6948"}],"wp:attachment":[{"href":"https:\/\/natureplast.eu\/de\/wp-json\/wp\/v2\/media?parent=6943"}],"curies":[{"name":"wp","href":"https:\/\/api.w.org\/{rel}","templated":true}]}}