{"id":6950,"date":"2024-11-06T14:00:39","date_gmt":"2024-11-06T13:00:39","guid":{"rendered":"https:\/\/sc2leje1101.universe.wf\/herkunft-der-biobasierten-kunststoffe\/"},"modified":"2025-04-16T14:36:26","modified_gmt":"2025-04-16T12:36:26","slug":"herkunft-der-biobasierten-kunststoffe","status":"publish","type":"page","link":"https:\/\/natureplast.eu\/de\/biokunststoffe\/herkunft-der-biobasierten-kunststoffe\/","title":{"rendered":"Herkunft der biobasierten Kunststoffe"},"content":{"rendered":"\n<div class=\"wp-block-columns composition-diaporama-single-produit is-layout-flex wp-container-core-columns-is-layout-28f84493 wp-block-columns-is-layout-flex\">\n<div class=\"wp-block-column is-layout-flow wp-block-column-is-layout-flow\">\n<p>  Die meisten Biokunststoffe werden heute aus <strong>Biomasse<\/strong> hergestellt und werden als <strong>biobasiert<\/strong> bezeichnet<a href=\"https:\/\/www.boutique.afnor.org\/norme\/nf-en-16575\/produits-biosources-vocabulaire\/article\/810174\/fa178684\" target=\"_blank\" rel=\"noreferrer noopener\">(gem\u00e4\u00df EN 16575:2004)<\/a>. Einige biologisch abbaubare Polymere werden immer noch aus fossilen Ressourcen gewonnen, aber ihre Anzahl ist sehr begrenzt (haupts\u00e4chlich PBAT und PCL). <\/p>\n\n\n\n<p><br\/>Die Biomasse, die f\u00fcr die Herstellung von biobasierten Polymeren verwendet wird, ist <strong>erneuerbar <\/strong>und stammt aus verschiedenen Aktivit\u00e4ten wie der<strong>Landwirtschaft oder der Lebensmittelindustrie<\/strong>. In den verschiedenen Phasen der Biomasseverarbeitung, die f\u00fcr die Herstellung von biobasierten Polymeren erforderlich sind, sind die<strong> bakterielle Fermentation von Zuckern<\/strong> und die<strong>Verwendung von Pflanzen\u00f6len<\/strong> die Schl\u00fcsselpunkte. In diesen Prozessen werden die Plattformmolek\u00fcle der gr\u00fcnen Chemie gewonnen, die als <strong>Monomere f\u00fcr die Herstellung von biobasierten Polymeren<\/strong> verwendet werden k\u00f6nnen.  <\/p>\n<\/div>\n<\/div>\n\n<div class=\"wp-block-columns line-activites-composition is-layout-flex wp-container-core-columns-is-layout-28f84493 wp-block-columns-is-layout-flex\">\n<div class=\"wp-block-column item-activite is-layout-flow wp-block-column-is-layout-flow\">\n<figure class=\"wp-block-image size-full\"><img loading=\"lazy\" decoding=\"async\" width=\"472\" height=\"472\" src=\"https:\/\/natureplast.eu\/wp-content\/uploads\/2024\/12\/shutterstock_181282829.webp\" alt=\"\" class=\"wp-image-2981\" srcset=\"https:\/\/natureplast.eu\/wp-content\/uploads\/2024\/12\/shutterstock_181282829.webp 472w, https:\/\/natureplast.eu\/wp-content\/uploads\/2024\/12\/shutterstock_181282829-300x300.webp 300w, https:\/\/natureplast.eu\/wp-content\/uploads\/2024\/12\/shutterstock_181282829-150x150.webp 150w, https:\/\/natureplast.eu\/wp-content\/uploads\/2024\/12\/shutterstock_181282829-400x400.webp 400w\" sizes=\"auto, (max-width: 472px) 100vw, 472px\" \/><\/figure>\n\n\n\n<h3 class=\"wp-block-heading\">1. Generation (Lebensmittel)<\/h3>\n\n\n\n<div class=\"wp-block-group overlay\"><div class=\"wp-block-group__inner-container is-layout-constrained wp-block-group-is-layout-constrained\">\n<ul class=\"wp-block-list\">\n<li><strong>Pflanzen\u00f6le <\/strong>: Soja, Palm, Sonnenblumen, Raps, etc.<\/li>\n\n\n\n<li><strong>St\u00e4rke<\/strong>: Mais, Weizen, Kartoffel, Tapioka, etc.<\/li>\n\n\n\n<li><strong>Glukose <\/strong>: Zuckerrohr, R\u00fcben, etc.<br\/> <\/li>\n<\/ul>\n<\/div><\/div>\n<\/div>\n\n\n\n<div class=\"wp-block-column item-activite is-layout-flow wp-block-column-is-layout-flow\">\n<figure class=\"wp-block-image size-full\"><img loading=\"lazy\" decoding=\"async\" width=\"472\" height=\"472\" src=\"https:\/\/natureplast.eu\/wp-content\/uploads\/2024\/12\/shutterstock_513250510.webp\" alt=\"\" class=\"wp-image-2991\" srcset=\"https:\/\/natureplast.eu\/wp-content\/uploads\/2024\/12\/shutterstock_513250510.webp 472w, https:\/\/natureplast.eu\/wp-content\/uploads\/2024\/12\/shutterstock_513250510-300x300.webp 300w, https:\/\/natureplast.eu\/wp-content\/uploads\/2024\/12\/shutterstock_513250510-150x150.webp 150w, https:\/\/natureplast.eu\/wp-content\/uploads\/2024\/12\/shutterstock_513250510-400x400.webp 400w\" sizes=\"auto, (max-width: 472px) 100vw, 472px\" \/><\/figure>\n\n\n\n<h3 class=\"wp-block-heading\">2. Generation (Non-Food)<\/h3>\n\n\n\n<div class=\"wp-block-group overlay\"><div class=\"wp-block-group__inner-container is-layout-constrained wp-block-group-is-layout-constrained\">\n<ul class=\"wp-block-list\">\n<li><strong>Lignocellulosische Biomasse <\/strong>: Holz, Nebenprodukte oder Abf\u00e4lle aus der Landwirtschaft (Bagasse, Stroh), etc.<\/li>\n\n\n\n<li><strong>Pflanzliche \u00d6le, die nicht f\u00fcr<\/strong> die Ern\u00e4hrung bestimmt sind: Rizinus, Alt\u00f6l, etc.<br\/> <\/li>\n<\/ul>\n<\/div><\/div>\n<\/div>\n\n\n\n<div class=\"wp-block-column item-activite is-layout-flow wp-block-column-is-layout-flow\">\n<figure class=\"wp-block-image size-full\"><img loading=\"lazy\" decoding=\"async\" width=\"472\" height=\"472\" src=\"https:\/\/natureplast.eu\/wp-content\/uploads\/2024\/12\/shutterstock_224533495.webp\" alt=\"\" class=\"wp-image-2986\" srcset=\"https:\/\/natureplast.eu\/wp-content\/uploads\/2024\/12\/shutterstock_224533495.webp 472w, https:\/\/natureplast.eu\/wp-content\/uploads\/2024\/12\/shutterstock_224533495-300x300.webp 300w, https:\/\/natureplast.eu\/wp-content\/uploads\/2024\/12\/shutterstock_224533495-150x150.webp 150w, https:\/\/natureplast.eu\/wp-content\/uploads\/2024\/12\/shutterstock_224533495-400x400.webp 400w\" sizes=\"auto, (max-width: 472px) 100vw, 472px\" \/><\/figure>\n\n\n\n<h3 class=\"wp-block-heading\">3. Generation (ben\u00f6tigt kein Ackerland)<\/h3>\n\n\n\n<div class=\"wp-block-group overlay\"><div class=\"wp-block-group__inner-container is-layout-constrained wp-block-group-is-layout-constrained\">\n<ul class=\"wp-block-list\">\n<li><strong>Zucker oder \u00d6le, die von Mikroorganismen produziert werden <\/strong>: Mikroalgen, Bakterien, Pilze, etc.<\/li>\n\n\n\n<li><strong>Kommunale Abf\u00e4lle<\/strong>: organische Abf\u00e4lle, Abwasser, etc.<br\/> <\/li>\n<\/ul>\n<\/div><\/div>\n<\/div>\n<\/div>\n\n<div id=\"valeurs\" class=\"wp-block-group bloc-valeurs has-background\" style=\"border-radius:40px;background-color:#ffffff\"><div class=\"wp-block-group__inner-container is-layout-constrained wp-block-group-is-layout-constrained\">\n<h3 class=\"wp-block-heading has-text-align-center reveal-from-top\"><mark style=\"background-color:rgba(0, 0, 0, 0);color:#000000\" class=\"has-inline-color\">Umweltauswirkungen der<\/mark> Nutzung von Biomasse f\u00fcr die Herstellung von biobasierten Kunststoffen<\/h3>\n\n\n\n<div class=\"wp-block-columns are-vertically-aligned-top is-layout-flex wp-container-core-columns-is-layout-12a0b04b wp-block-columns-is-layout-flex\" style=\"padding-top:var(--wp--preset--spacing--40)\">\n<div class=\"wp-block-column is-vertically-aligned-top is-layout-flow wp-block-column-is-layout-flow\">\n<p>Biobasierte Polymere werden heute <strong>gr\u00f6\u00dftenteils aus erneuerbaren Ressourcen hergestellt<\/strong>, die mit anderen Anwendungen, insbesondere der Nahrungs- und Futtermittelindustrie, in Konkurrenz stehen k\u00f6nnen. Der Anteil der biobasierten Kunststoffe ist jedoch<strong> sehr gering<\/strong> <strong>(ca. 0,02% der gesamten landwirtschaftlichen Fl\u00e4che)<\/strong>. <\/p>\n<\/div>\n\n\n\n<div class=\"wp-block-column is-vertically-aligned-top is-layout-flow wp-block-column-is-layout-flow\">\n<figure class=\"wp-block-image size-full\"><img loading=\"lazy\" decoding=\"async\" width=\"3129\" height=\"2126\" src=\"https:\/\/natureplast.eu\/wp-content\/uploads\/2025\/01\/EUBP_Graphic_LandUse_1.png\" alt=\"Bioplastic-landuse\" class=\"wp-image-3586\" srcset=\"https:\/\/natureplast.eu\/wp-content\/uploads\/2025\/01\/EUBP_Graphic_LandUse_1.png 3129w, https:\/\/natureplast.eu\/wp-content\/uploads\/2025\/01\/EUBP_Graphic_LandUse_1-300x204.png 300w, https:\/\/natureplast.eu\/wp-content\/uploads\/2025\/01\/EUBP_Graphic_LandUse_1-1024x696.png 1024w, https:\/\/natureplast.eu\/wp-content\/uploads\/2025\/01\/EUBP_Graphic_LandUse_1-768x522.png 768w, https:\/\/natureplast.eu\/wp-content\/uploads\/2025\/01\/EUBP_Graphic_LandUse_1-1536x1044.png 1536w, https:\/\/natureplast.eu\/wp-content\/uploads\/2025\/01\/EUBP_Graphic_LandUse_1-2048x1392.png 2048w, https:\/\/natureplast.eu\/wp-content\/uploads\/2025\/01\/EUBP_Graphic_LandUse_1-800x544.png 800w\" sizes=\"auto, (max-width: 3129px) 100vw, 3129px\" \/><\/figure>\n<\/div>\n<\/div>\n\n\n\n<div class=\"wp-block-columns are-vertically-aligned-top is-layout-flex wp-container-core-columns-is-layout-12a0b04b wp-block-columns-is-layout-flex\" style=\"padding-top:var(--wp--preset--spacing--40)\">\n<div class=\"wp-block-column is-vertically-aligned-top is-layout-flow wp-block-column-is-layout-flow\">\n<h3 class=\"wp-block-heading\">ASTM D6866 \/ ISO 16620-2<\/h3>\n\n\n\n<p>Durch die <strong>Radiokohlenstoffdatierung<\/strong> ist es m\u00f6glich, <strong>den Anteil von Kohlenstoffen aus erneuerbaren Ressourcen <\/strong>in einem Material im Vergleich zu Kohlenstoffen aus fossilen Ressourcen zu bestimmen. Der Gehalt an Kohlenstoff 14 in einem Element aus Biomasse ist sehr charakteristisch im Vergleich zu einer petrochemischen Verbindung, die nur einen geringen Anteil an Kohlenstoff 14 enth\u00e4lt. Die Messung des Anteils an biobasiertem Kohlenstoff ist daher einfach.  <\/p>\n<\/div>\n\n\n\n<div class=\"wp-block-column is-vertically-aligned-top is-layout-flow wp-block-column-is-layout-flow\">\n<h3 class=\"wp-block-heading\">EN 16785-1<\/h3>\n\n\n\n<p>Diese Norm erm\u00f6glicht die Bestimmung des biobasierten Anteils durch eine Radiokohlenstoffanalyse und eine Elementaranalyse. Dies erm\u00f6glicht eine feinere Messung, da diese Norm neben Kohlenstoff auch Sauerstoff-, Stickstoff- und Wasserstoffatome ber\u00fccksichtigt. <\/p>\n<\/div>\n<\/div>\n\n\n\n<div class=\"wp-block-columns are-vertically-aligned-top is-layout-flex wp-container-core-columns-is-layout-12a0b04b wp-block-columns-is-layout-flex\" style=\"padding-top:var(--wp--preset--spacing--40)\">\n<div class=\"wp-block-column is-vertically-aligned-top is-layout-flow wp-block-column-is-layout-flow\">\n<p class=\"has-text-align-center\"><strong>Auf der Grundlage von Tests, die nach den oben genannten Normen durchgef\u00fchrt wurden, k\u00f6nnen kommerzielle Labels f\u00fcr eine angemessene Kommunikation vergeben werden.<\/strong><\/p>\n<\/div>\n<\/div>\n<\/div><\/div>\n","protected":false},"excerpt":{"rendered":"<p>Die meisten Biokunststoffe werden heute aus Biomasse hergestellt und werden als biobasiert bezeichnet(gem\u00e4\u00df EN 16575:2004). Einige biologisch abbaubare Polymere werden immer noch aus fossilen Ressourcen gewonnen, aber ihre Anzahl ist sehr begrenzt (haupts\u00e4chlich PBAT und PCL). Die Biomasse, die f\u00fcr die Herstellung von biobasierten Polymeren verwendet wird, ist erneuerbar und stammt aus verschiedenen Aktivit\u00e4ten wie [&hellip;]<\/p>\n","protected":false},"author":1,"featured_media":0,"parent":6948,"menu_order":0,"comment_status":"closed","ping_status":"closed","template":"","meta":{"_acf_changed":false,"footnotes":""},"class_list":["post-6950","page","type-page","status-publish","hentry"],"acf":[],"_links":{"self":[{"href":"https:\/\/natureplast.eu\/de\/wp-json\/wp\/v2\/pages\/6950","targetHints":{"allow":["GET"]}}],"collection":[{"href":"https:\/\/natureplast.eu\/de\/wp-json\/wp\/v2\/pages"}],"about":[{"href":"https:\/\/natureplast.eu\/de\/wp-json\/wp\/v2\/types\/page"}],"author":[{"embeddable":true,"href":"https:\/\/natureplast.eu\/de\/wp-json\/wp\/v2\/users\/1"}],"replies":[{"embeddable":true,"href":"https:\/\/natureplast.eu\/de\/wp-json\/wp\/v2\/comments?post=6950"}],"version-history":[{"count":1,"href":"https:\/\/natureplast.eu\/de\/wp-json\/wp\/v2\/pages\/6950\/revisions"}],"predecessor-version":[{"id":6951,"href":"https:\/\/natureplast.eu\/de\/wp-json\/wp\/v2\/pages\/6950\/revisions\/6951"}],"up":[{"embeddable":true,"href":"https:\/\/natureplast.eu\/de\/wp-json\/wp\/v2\/pages\/6948"}],"wp:attachment":[{"href":"https:\/\/natureplast.eu\/de\/wp-json\/wp\/v2\/media?parent=6950"}],"curies":[{"name":"wp","href":"https:\/\/api.w.org\/{rel}","templated":true}]}}