{"id":6961,"date":"2024-11-06T14:02:56","date_gmt":"2024-11-06T13:02:56","guid":{"rendered":"https:\/\/sc2leje1101.universe.wf\/biokunststoffe\/vorteile\/vorteile-in-marketing-und-kommunikation\/"},"modified":"2025-04-16T14:35:59","modified_gmt":"2025-04-16T12:35:59","slug":"vorteile-in-marketing-und-kommunikation","status":"publish","type":"page","link":"https:\/\/natureplast.eu\/de\/biokunststoffe\/vorteile\/vorteile-in-marketing-und-kommunikation\/","title":{"rendered":"Vorteile in Marketing und Kommunikation"},"content":{"rendered":"\n<div class=\"wp-block-columns composition-diaporama-single-produit is-layout-flex wp-container-core-columns-is-layout-28f84493 wp-block-columns-is-layout-flex\">\n<div class=\"wp-block-column is-layout-flow wp-block-column-is-layout-flow\">\n<p><strong> Biokunststoffe<\/strong> sind von <strong>sozio\u00f6konomischem<\/strong> Interesse und haben oftmals einen <strong>positiven Einfluss<\/strong> auf den Verbraucher, der zunehmend <strong>umweltbewusster<\/strong> wird. Die M\u00f6glichkeit, umweltfreundlichere Produkte zu verwenden, ist heute eine Forderung der meisten Verbraucher. <\/p>\n\n\n\n<ul class=\"wp-block-list\">\n<li><strong>Attraktivit\u00e4t des Produkts<\/strong><\/li>\n<\/ul>\n\n\n\n<ul class=\"wp-block-list\">\n<li><strong>Reaktion auf die Nachfrage der Verbraucher<\/strong><\/li>\n<\/ul>\n\n\n\n<ul class=\"wp-block-list\">\n<li><strong>Positives Image des Unternehmens<\/strong><\/li>\n<\/ul>\n<\/div>\n\n\n\n<div class=\"wp-block-column is-layout-flow wp-block-column-is-layout-flow\">\n<p><\/p>\n\n\n\n<figure class=\"wp-block-image size-full custom-gallery\"><img loading=\"lazy\" decoding=\"async\" width=\"1000\" height=\"667\" src=\"https:\/\/natureplast.eu\/wp-content\/uploads\/2025\/03\/shutterstock_2320605671.jpg\" alt=\"Marketing- und Kommunikationsvorteile von Biokunststoffen\" class=\"wp-image-6642\" srcset=\"https:\/\/natureplast.eu\/wp-content\/uploads\/2025\/03\/shutterstock_2320605671.jpg 1000w, https:\/\/natureplast.eu\/wp-content\/uploads\/2025\/03\/shutterstock_2320605671-300x200.jpg 300w, https:\/\/natureplast.eu\/wp-content\/uploads\/2025\/03\/shutterstock_2320605671-768x512.jpg 768w, https:\/\/natureplast.eu\/wp-content\/uploads\/2025\/03\/shutterstock_2320605671-800x534.jpg 800w\" sizes=\"auto, (max-width: 1000px) 100vw, 1000px\" \/><\/figure>\n<\/div>\n<\/div>\n\n<div id=\"valeurs\" class=\"wp-block-group bloc-valeurs has-background\" style=\"border-radius:40px;background-color:#ffffff\"><div class=\"wp-block-group__inner-container is-layout-constrained wp-block-group-is-layout-constrained\">\n<h3 class=\"wp-block-heading\"><mark style=\"background-color:rgba(0, 0, 0, 0);color:#000000\" class=\"has-inline-color\">ein positives Image des Unternehmens<\/mark><\/h3>\n\n\n\n<div class=\"wp-block-columns are-vertically-aligned-top is-layout-flex wp-container-core-columns-is-layout-12a0b04b wp-block-columns-is-layout-flex\" style=\"padding-top:var(--wp--preset--spacing--40)\">\n<div class=\"wp-block-column is-vertically-aligned-top is-layout-flow wp-block-column-is-layout-flow\">\n<p>Ohne <em>Greenwashing<\/em> zu betreiben, kann die Verwendung von Biokunststoffen diese Erwartungen teilweise erf\u00fcllen und gleichzeitig ein <strong>positives Bild des Unternehmens<\/strong> vermitteln, das diese <strong>\u00f6kologisch gestalteten<\/strong> Produkte auf den Markt bringt. Dies ist ein wertvolles <strong>Kommunikationsmittel<\/strong> f\u00fcr Unternehmen, da sie die Beh\u00e4lter an den \u00f6kologischen Inhalt anpassen k\u00f6nnen. <\/p>\n\n\n\n<p>Die Verwendung von Biokunststoffen verpflichtet das Unternehmen zu einer <strong>nachhaltigen Entwicklung<\/strong> und verleiht ihm eine <strong>innovative<\/strong> Position. Dar\u00fcber hinaus hat die Einf\u00fchrung neuer Produkte aus diesen erneuerbaren Kunststoffen ein starkes Medienecho und erm\u00f6glicht es, sich von der Konkurrenz abzuheben. <\/p>\n<\/div>\n\n\n\n<div class=\"wp-block-column is-vertically-aligned-top is-layout-flow wp-block-column-is-layout-flow\">\n<p>Eine von Nielsen IQ vom 16. bis 25. Februar 2021 durchgef\u00fchrte Umfrage unter mehr als 2000 Personen ergab, dass 90% der Befragten die Entwicklung von Alternativen zu herk\u00f6mmlichen Kunststoffen begr\u00fc\u00dfen w\u00fcrden und 86% eine Politik fordern, die Unternehmen, die nachhaltige Materialien verwenden, ermutigt.<\/p>\n<\/div>\n<\/div>\n<\/div><\/div>\n","protected":false},"excerpt":{"rendered":"<p>Biokunststoffe sind von sozio\u00f6konomischem Interesse und haben oftmals einen positiven Einfluss auf den Verbraucher, der zunehmend umweltbewusster wird. Die M\u00f6glichkeit, umweltfreundlichere Produkte zu verwenden, ist heute eine Forderung der meisten Verbraucher. ein positives Image des Unternehmens Ohne Greenwashing zu betreiben, kann die Verwendung von Biokunststoffen diese Erwartungen teilweise erf\u00fcllen und gleichzeitig ein positives Bild des [&hellip;]<\/p>\n","protected":false},"author":1,"featured_media":0,"parent":6838,"menu_order":0,"comment_status":"closed","ping_status":"closed","template":"","meta":{"_acf_changed":false,"footnotes":""},"class_list":["post-6961","page","type-page","status-publish","hentry"],"acf":[],"_links":{"self":[{"href":"https:\/\/natureplast.eu\/de\/wp-json\/wp\/v2\/pages\/6961","targetHints":{"allow":["GET"]}}],"collection":[{"href":"https:\/\/natureplast.eu\/de\/wp-json\/wp\/v2\/pages"}],"about":[{"href":"https:\/\/natureplast.eu\/de\/wp-json\/wp\/v2\/types\/page"}],"author":[{"embeddable":true,"href":"https:\/\/natureplast.eu\/de\/wp-json\/wp\/v2\/users\/1"}],"replies":[{"embeddable":true,"href":"https:\/\/natureplast.eu\/de\/wp-json\/wp\/v2\/comments?post=6961"}],"version-history":[{"count":1,"href":"https:\/\/natureplast.eu\/de\/wp-json\/wp\/v2\/pages\/6961\/revisions"}],"predecessor-version":[{"id":6962,"href":"https:\/\/natureplast.eu\/de\/wp-json\/wp\/v2\/pages\/6961\/revisions\/6962"}],"up":[{"embeddable":true,"href":"https:\/\/natureplast.eu\/de\/wp-json\/wp\/v2\/pages\/6838"}],"wp:attachment":[{"href":"https:\/\/natureplast.eu\/de\/wp-json\/wp\/v2\/media?parent=6961"}],"curies":[{"name":"wp","href":"https:\/\/api.w.org\/{rel}","templated":true}]}}