{"id":6963,"date":"2024-11-06T14:03:18","date_gmt":"2024-11-06T13:03:18","guid":{"rendered":"https:\/\/sc2leje1101.universe.wf\/biokunststoffe\/vorteile\/technische-vorteile-von-biokunststoffen\/"},"modified":"2025-05-05T14:14:48","modified_gmt":"2025-05-05T12:14:48","slug":"technische-vorteile-von-biokunststoffen","status":"publish","type":"page","link":"https:\/\/natureplast.eu\/de\/biokunststoffe\/vorteile\/technische-vorteile-von-biokunststoffen\/","title":{"rendered":"Technische Vorteile von Biokunststoffen"},"content":{"rendered":"\n<div class=\"wp-block-columns composition-diaporama-single-produit is-layout-flex wp-container-core-columns-is-layout-28f84493 wp-block-columns-is-layout-flex\">\n<div class=\"wp-block-column is-layout-flow wp-block-column-is-layout-flow\">\n<p>Der Bereich der Biokunststoffe umfasst <strong>eine Reihe von sehr unterschiedlichen Materialien<\/strong>, von denen die meisten relativ <strong>neu<\/strong> <strong>in der Industrie<\/strong> sind. Es ist daher logisch, dass sie nicht von allen <strong>technologischen Fortschritten<\/strong> und <strong>Optimierungen<\/strong> profitieren, die f\u00fcr petrochemische Polymere mit einer gr\u00f6\u00dferen Vorgeschichte von Vorteil waren. <\/p>\n\n\n\n<p>So gibt es bei einigen Materialien L\u00fccken, die geschlossen werden m\u00fcssen und die Anpassungen erfordern, sei es bei der<strong> Verarbeitung<\/strong> oder bei den <strong>Gebrauchseigenschaften<\/strong>. Andere besitzen genau die gleichen oder sogar bessere F\u00e4higkeiten als die auf Erd\u00f6l basierenden Materialien, wie z.B. <strong>Polyamid-11<\/strong>. Es gibt mehrere Arten von technischen Vorteilen, die durch die Verwendung von Biokunststoffen erzielt werden k\u00f6nnen:  <\/p>\n\n\n\n<ul class=\"wp-block-list\">\n<li><strong>Neue Funktionen<\/strong><\/li>\n<\/ul>\n\n\n\n<ul class=\"wp-block-list\">\n<li><strong>Intrinsische Eigenschaften<\/strong><\/li>\n<\/ul>\n\n\n\n<ul class=\"wp-block-list\">\n<li><strong>Biologische Abbaubarkeit<\/strong><\/li>\n<\/ul>\n<\/div>\n\n\n\n<div class=\"wp-block-column is-layout-flow wp-block-column-is-layout-flow\">\n<p><\/p>\n\n\n\n<figure class=\"wp-block-image size-full custom-gallery\"><img loading=\"lazy\" decoding=\"async\" width=\"1024\" height=\"576\" src=\"https:\/\/natureplast.eu\/wp-content\/uploads\/2025\/02\/application-horticulture-edited.jpg\" alt=\"Anwendung Gartenbau\" class=\"wp-image-5731\" srcset=\"https:\/\/natureplast.eu\/wp-content\/uploads\/2025\/02\/application-horticulture-edited.jpg 1024w, https:\/\/natureplast.eu\/wp-content\/uploads\/2025\/02\/application-horticulture-edited-300x169.jpg 300w, https:\/\/natureplast.eu\/wp-content\/uploads\/2025\/02\/application-horticulture-edited-768x432.jpg 768w, https:\/\/natureplast.eu\/wp-content\/uploads\/2025\/02\/application-horticulture-edited-800x450.jpg 800w\" sizes=\"auto, (max-width: 1024px) 100vw, 1024px\" \/><\/figure>\n<\/div>\n<\/div>\n\n<div id=\"valeurs\" class=\"wp-block-group bloc-valeurs has-background\" style=\"border-radius:40px;background-color:#ffffff\"><div class=\"wp-block-group__inner-container is-layout-constrained wp-block-group-is-layout-constrained\">\n<div class=\"wp-block-columns are-vertically-aligned-top is-layout-flex wp-container-core-columns-is-layout-12a0b04b wp-block-columns-is-layout-flex\" style=\"padding-top:var(--wp--preset--spacing--40)\">\n<div class=\"wp-block-column is-vertically-aligned-top is-layout-flow wp-block-column-is-layout-flow\">\n<h3 class=\"wp-block-heading\"><mark style=\"background-color:rgba(0, 0, 0, 0);color:#000000\" class=\"has-inline-color\">intrinsische Eigenschaften<\/mark><\/h3>\n\n\n\n<p>Polyethylenfuranoat (PEF) ist ein konkretes Beispiel f\u00fcr die technischen Vorteile, die durch die Verwendung eines Biokunststoffs erzielt werden k\u00f6nnen. Es handelt sich um ein neues, in der Entwicklung befindliches Polymer, das mit PET mit folgenden Eigenschaften konkurrieren wird: <\/p>\n\n\n\n<ul class=\"wp-block-list\">\n<li><strong>100 % biobasiert <\/strong>und immer <strong>transparent <\/strong>und <strong>recycelbar <\/strong>: Verwendung und Ende der Lebensdauer identisch mit PET.<\/li>\n<\/ul>\n\n\n\n<ul class=\"wp-block-list\">\n<li><strong>10 Mal <\/strong>h\u00f6here <strong>Barriere<\/strong> f\u00fcr Sauerstoff und <strong>2 Mal <\/strong>h\u00f6here <strong>Barriere <\/strong>f\u00fcr Kohlendioxid und Wasserdampf: erm\u00f6glicht z.B. geringere Wandst\u00e4rken bei Verpackungen (Flaschen f\u00fcr kohlens\u00e4urehaltige Getr\u00e4nke).<\/li>\n<\/ul>\n\n\n\n<ul class=\"wp-block-list\">\n<li>Die <strong>Glas\u00fcbergangstemperatur<\/strong> (Tg) ist um 12 \u00b0C h\u00f6her und erm\u00f6glicht so eine Hei\u00dfabf\u00fcllung, was bei einem standardm\u00e4\u00dfigen amorphen PET nicht m\u00f6glich ist.<\/li>\n<\/ul>\n\n\n\n<ul class=\"wp-block-list\">\n<li>Die <strong>Schmelztemperatur<\/strong> ist um 30 \u00b0C niedriger, was eine Energieeinsparung bei der Verarbeitung erm\u00f6glicht.<\/li>\n<\/ul>\n\n\n\n<h3 class=\"wp-block-heading\"><mark style=\"background-color:rgba(0, 0, 0, 0);color:#000000\" class=\"has-inline-color\">Biologische Abbaubarkeit<\/mark><\/h3>\n\n\n\n<p>Diese Eigenschaft erm\u00f6glicht neue Funktionen, die von der Industrie gesch\u00e4tzt werden. In der Tat kann es interessant sein, ein Produkt herzustellen, das eine bestimmte Nutzungsdauer hat und <strong>sich<\/strong> danach in seiner <strong>Nutzungsumgebung<\/strong> auf <strong>umweltfreundliche<\/strong> Weise <strong>biologisch abbauen<\/strong> kann. Das wichtigste Beispiel im Bereich der Kunststoffverarbeitung ist heute die <strong>Mulchfolie f\u00fcr die Landwirtschaft<\/strong>: Ihre Hauptfunktion besteht darin, die Temperatur des Bodens zu regulieren und gleichzeitig eine relative Feuchtigkeit zu erhalten, was ein besseres Wachstum der Vegetation erm\u00f6glicht. Heute ist es m\u00f6glich, diese Mulchfolien aus <strong>biologisch abbaubaren Polymeren<\/strong> herzustellen. Dies hat zwei Vorteile:   <\/p>\n\n\n\n<ul class=\"wp-block-list\">\n<li>Der Landwirt kann die Folienfragmente nach der Nutzung im Boden belassen, damit sie biologisch abgebaut werden k\u00f6nnen und erspart sich <strong>das Einsammeln<\/strong> und <strong>Verarbeiten <\/strong>von Folien, die nicht biologisch abbaubar sind.<\/li>\n<\/ul>\n\n\n\n<ul class=\"wp-block-list\">\n<li><strong>Anreicherung des Bodens<\/strong> mit organischen Stoffen und N\u00e4hrstoffen durch den biologischen Abbau des Mulchmaterials.<\/li>\n<\/ul>\n\n\n\n<p>Andere Beispiele sind Clips f\u00fcr Weinreben, Verbindungen f\u00fcr den Gartenbau (Tomaten usw.) oder im Bereich der Jagd (Patronen usw.) oder Feuerwerksk\u00f6rper (siehe <a href=\"\/projets_collaboratif\/projet-matadore\/\" target=\"_blank\" rel=\"noreferrer noopener\">MATADORE-Projekt<\/a>).  <\/p>\n<\/div>\n\n\n\n<div class=\"wp-block-column is-vertically-aligned-top is-layout-flow wp-block-column-is-layout-flow\">\n<h3 class=\"wp-block-heading\"><mark style=\"background-color:rgba(0, 0, 0, 0);color:#000000\" class=\"has-inline-color\">neue Funktionen<\/mark><\/h3>\n\n\n\n<p>Diese Eigenschaft der<strong> biologischen Abbaubarkeit<\/strong> kann auch genutzt werden, um dem Produkt neue Funktionen zu verleihen. So ist es m\u00f6glich, <strong>Zusatzstoffe von Interesse zu <\/strong>integrieren, die w\u00e4hrend der Nutzung oder am Ende der Lebensdauer des Produkts freigesetzt werden k\u00f6nnen. Der biologische Abbau wird somit zu einem <strong>technischen Vorteil bei der Nutzung<\/strong> und nicht mehr am Ende der Lebensdauer. Ohne Anspruch auf Vollst\u00e4ndigkeit k\u00f6nnen die folgenden Funktionen erreicht werden:   <\/p>\n\n\n\n<ul class=\"wp-block-list\">\n<li>Entgiftung (Wasser, Boden usw.)<\/li>\n<\/ul>\n\n\n\n<ul class=\"wp-block-list\">\n<li>Anziehung (Sch\u00e4dlinge, Insekten usw.)<\/li>\n<\/ul>\n\n\n\n<ul class=\"wp-block-list\">\n<li>Absto\u00dfung (Sch\u00e4dlinge, Insekten usw.)<\/li>\n<\/ul>\n\n\n\n<ul class=\"wp-block-list\">\n<li>Ern\u00e4hrung (Pflanzen, etc.)<\/li>\n<\/ul>\n<\/div>\n<\/div>\n<\/div><\/div>\n","protected":false},"excerpt":{"rendered":"<p>Der Bereich der Biokunststoffe umfasst eine Reihe von sehr unterschiedlichen Materialien, von denen die meisten relativ neu in der Industrie sind. Es ist daher logisch, dass sie nicht von allen technologischen Fortschritten und Optimierungen profitieren, die f\u00fcr petrochemische Polymere mit einer gr\u00f6\u00dferen Vorgeschichte von Vorteil waren. So gibt es bei einigen Materialien L\u00fccken, die geschlossen [&hellip;]<\/p>\n","protected":false},"author":1,"featured_media":0,"parent":6838,"menu_order":0,"comment_status":"closed","ping_status":"closed","template":"","meta":{"_acf_changed":false,"footnotes":""},"class_list":["post-6963","page","type-page","status-publish","hentry"],"acf":[],"_links":{"self":[{"href":"https:\/\/natureplast.eu\/de\/wp-json\/wp\/v2\/pages\/6963","targetHints":{"allow":["GET"]}}],"collection":[{"href":"https:\/\/natureplast.eu\/de\/wp-json\/wp\/v2\/pages"}],"about":[{"href":"https:\/\/natureplast.eu\/de\/wp-json\/wp\/v2\/types\/page"}],"author":[{"embeddable":true,"href":"https:\/\/natureplast.eu\/de\/wp-json\/wp\/v2\/users\/1"}],"replies":[{"embeddable":true,"href":"https:\/\/natureplast.eu\/de\/wp-json\/wp\/v2\/comments?post=6963"}],"version-history":[{"count":3,"href":"https:\/\/natureplast.eu\/de\/wp-json\/wp\/v2\/pages\/6963\/revisions"}],"predecessor-version":[{"id":9512,"href":"https:\/\/natureplast.eu\/de\/wp-json\/wp\/v2\/pages\/6963\/revisions\/9512"}],"up":[{"embeddable":true,"href":"https:\/\/natureplast.eu\/de\/wp-json\/wp\/v2\/pages\/6838"}],"wp:attachment":[{"href":"https:\/\/natureplast.eu\/de\/wp-json\/wp\/v2\/media?parent=6963"}],"curies":[{"name":"wp","href":"https:\/\/api.w.org\/{rel}","templated":true}]}}