{"id":6769,"date":"2024-11-06T12:27:29","date_gmt":"2024-11-06T11:27:29","guid":{"rendered":"https:\/\/sc2leje1101.universe.wf\/materiales\/distribucion-de-bioplasticos\/"},"modified":"2025-04-16T14:36:47","modified_gmt":"2025-04-16T12:36:47","slug":"distribucion-de-bioplasticos","status":"publish","type":"page","link":"https:\/\/natureplast.eu\/es\/materiales\/distribucion-de-bioplasticos\/","title":{"rendered":"Distribuci\u00f3n de biopl\u00e1sticos"},"content":{"rendered":"\n<p>Nuestra gama de biopl\u00e1sticos, con nuestras principales referencias, puede dividirse en dos categor\u00edas principales:<\/p>\n\n<ul class=\"wp-block-list\">\n<li><strong>Pl\u00e1sticos biodegradables <\/strong>(de origen biol\u00f3gico o no): PLA (poli\u00e1cido l\u00e1ctico), PHA (polihidroxialcanoato), biopoli\u00e9ster (incluidos PBS, PCL, PBAT, etc.) ;<\/li>\n<\/ul>\n\n<ul class=\"wp-block-list\">\n<li><strong>Pl\u00e1sticos no biodegradables<\/strong> (y de origen biol\u00f3gico): PP de origen biol\u00f3gico (polipropileno de origen biol\u00f3gico), PET de origen biol\u00f3gico (tereftalato de polietileno de origen biol\u00f3gico), PA de origen biol\u00f3gico (poliamida de origen biol\u00f3gico), elast\u00f3meros de origen biol\u00f3gico (TPU, SEBS de origen biol\u00f3gico, etc.), celul\u00f3sicos (acetato de celulosa, etc.).<\/li>\n<\/ul>\n\n<p>Se pueden suministrar otras referencias dentro de cada una de estas gamas.  <\/p>\n\n<p><strong>Ponte en contacto con nosotros para que nuestro equipo pueda dirigirte a la mejor referencia para tus proyectos.<\/strong><\/p>\n","protected":false},"excerpt":{"rendered":"<p>Nuestra gama de biopl\u00e1sticos, con nuestras principales referencias, puede dividirse en dos categor\u00edas principales: Se pueden suministrar otras referencias dentro de cada una de estas gamas. Ponte en contacto con nosotros para que nuestro equipo pueda dirigirte a la mejor referencia para tus proyectos.<\/p>\n","protected":false},"author":1,"featured_media":0,"parent":2677,"menu_order":0,"comment_status":"closed","ping_status":"closed","template":"categories.php","meta":{"_acf_changed":false,"footnotes":""},"class_list":["post-6769","page","type-page","status-publish","hentry"],"acf":[],"_links":{"self":[{"href":"https:\/\/natureplast.eu\/es\/wp-json\/wp\/v2\/pages\/6769","targetHints":{"allow":["GET"]}}],"collection":[{"href":"https:\/\/natureplast.eu\/es\/wp-json\/wp\/v2\/pages"}],"about":[{"href":"https:\/\/natureplast.eu\/es\/wp-json\/wp\/v2\/types\/page"}],"author":[{"embeddable":true,"href":"https:\/\/natureplast.eu\/es\/wp-json\/wp\/v2\/users\/1"}],"replies":[{"embeddable":true,"href":"https:\/\/natureplast.eu\/es\/wp-json\/wp\/v2\/comments?post=6769"}],"version-history":[{"count":1,"href":"https:\/\/natureplast.eu\/es\/wp-json\/wp\/v2\/pages\/6769\/revisions"}],"predecessor-version":[{"id":6771,"href":"https:\/\/natureplast.eu\/es\/wp-json\/wp\/v2\/pages\/6769\/revisions\/6771"}],"up":[{"embeddable":true,"href":"https:\/\/natureplast.eu\/es\/wp-json\/wp\/v2\/pages\/2677"}],"wp:attachment":[{"href":"https:\/\/natureplast.eu\/es\/wp-json\/wp\/v2\/media?parent=6769"}],"curies":[{"name":"wp","href":"https:\/\/api.w.org\/{rel}","templated":true}]}}