{"id":6776,"date":"2024-11-06T12:28:33","date_gmt":"2024-11-06T11:28:33","guid":{"rendered":"https:\/\/sc2leje1101.universe.wf\/materiales\/compuestos-bioplasticos\/"},"modified":"2025-04-15T12:00:30","modified_gmt":"2025-04-15T10:00:30","slug":"compuestos-bioplasticos","status":"publish","type":"page","link":"https:\/\/natureplast.eu\/es\/materiales\/compuestos-bioplasticos\/","title":{"rendered":"Compuestos biopl\u00e1sticos"},"content":{"rendered":"\n<p>El objetivo de <strong>estos<\/strong> compuestos <strong>biopl\u00e1sticos<\/strong> es aportar soluciones a los problemas que presentan los biopl\u00e1sticos brutos en cuanto a su procesamiento (modificaci\u00f3n de la reolog\u00eda, desmoldeo, etc.), propiedades intr\u00ednsecas (mec\u00e1nicas, t\u00e9rmicas, etc.) y cin\u00e9tica de la tasa de degradaci\u00f3n.<br\/><br\/>Estos compuestos pueden estar formados por <strong>diferentes pol\u00edmeros de origen biol\u00f3gico y\/o pol\u00edmeros biodegradables<\/strong> en diferentes condiciones (seg\u00fan los requisitos del cliente), aditivos y otros componentes.<\/p>\n\n<p>Cada d\u00eda, el trabajo realizado por nuestro centro de I+D nos permite idear nuevas soluciones y desarrollar nuevos compuestos para afrontar nuevos retos.<\/p>\n\n<p><br\/><strong>Esta gama no es exhaustiva. \u00a1Cons\u00faltanos si deseas un compuesto adaptado espec\u00edficamente a tus necesidades!<\/strong><\/p>\n\n<p><\/p>\n","protected":false},"excerpt":{"rendered":"<p>El objetivo de estos compuestos biopl\u00e1sticos es aportar soluciones a los problemas que presentan los biopl\u00e1sticos brutos en cuanto a su procesamiento (modificaci\u00f3n de la reolog\u00eda, desmoldeo, etc.), propiedades intr\u00ednsecas (mec\u00e1nicas, t\u00e9rmicas, etc.) y cin\u00e9tica de la tasa de degradaci\u00f3n. Estos compuestos pueden estar formados por diferentes pol\u00edmeros de origen biol\u00f3gico y\/o pol\u00edmeros biodegradables en [&hellip;]<\/p>\n","protected":false},"author":1,"featured_media":0,"parent":2677,"menu_order":0,"comment_status":"closed","ping_status":"closed","template":"categories.php","meta":{"_acf_changed":false,"footnotes":""},"class_list":["post-6776","page","type-page","status-publish","hentry"],"acf":[],"_links":{"self":[{"href":"https:\/\/natureplast.eu\/es\/wp-json\/wp\/v2\/pages\/6776","targetHints":{"allow":["GET"]}}],"collection":[{"href":"https:\/\/natureplast.eu\/es\/wp-json\/wp\/v2\/pages"}],"about":[{"href":"https:\/\/natureplast.eu\/es\/wp-json\/wp\/v2\/types\/page"}],"author":[{"embeddable":true,"href":"https:\/\/natureplast.eu\/es\/wp-json\/wp\/v2\/users\/1"}],"replies":[{"embeddable":true,"href":"https:\/\/natureplast.eu\/es\/wp-json\/wp\/v2\/comments?post=6776"}],"version-history":[{"count":1,"href":"https:\/\/natureplast.eu\/es\/wp-json\/wp\/v2\/pages\/6776\/revisions"}],"predecessor-version":[{"id":6779,"href":"https:\/\/natureplast.eu\/es\/wp-json\/wp\/v2\/pages\/6776\/revisions\/6779"}],"up":[{"embeddable":true,"href":"https:\/\/natureplast.eu\/es\/wp-json\/wp\/v2\/pages\/2677"}],"wp:attachment":[{"href":"https:\/\/natureplast.eu\/es\/wp-json\/wp\/v2\/media?parent=6776"}],"curies":[{"name":"wp","href":"https:\/\/api.w.org\/{rel}","templated":true}]}}