{"id":6792,"date":"2024-11-06T12:33:04","date_gmt":"2024-11-06T11:33:04","guid":{"rendered":"https:\/\/sc2leje1101.universe.wf\/rectificado-a-medida\/"},"modified":"2025-04-16T14:49:34","modified_gmt":"2025-04-16T12:49:34","slug":"rectificado-a-medida","status":"publish","type":"page","link":"https:\/\/natureplast.eu\/es\/rectificado-a-medida\/","title":{"rendered":"Rectificado a medida"},"content":{"rendered":"\n<div class=\"wp-block-group bloc-famille\"><div class=\"wp-block-group__inner-container is-layout-constrained wp-block-group-is-layout-constrained\">\n<h2 class=\"wp-block-heading has-text-align-center reveal-from-top\"><mark style=\"background-color:rgba(0, 0, 0, 0);color:#000000\" class=\"has-inline-color\">Las diferentes \u00e1reas de <em>actividad<\/em>:<\/mark><\/h2>\n\n\n\n<div class=\"wp-block-columns is-layout-flex wp-container-core-columns-is-layout-28f84493 wp-block-columns-is-layout-flex\">\n<div class=\"wp-block-column is-layout-flow wp-block-column-is-layout-flow\"><div class=\"wp-block-image\">\n<figure class=\"aligncenter size-full\"><img decoding=\"async\" src=\"https:\/\/natureplast.eu\/wp-content\/uploads\/2025\/04\/particules.svg\" alt=\"\" class=\"wp-image-9029\"\/><\/figure>\n<\/div>\n\n\n<p class=\"has-text-align-center\">Molturaci\u00f3n y micronizaci\u00f3n a diferentes tama\u00f1os de part\u00edcula<\/p>\n<\/div>\n\n\n\n<div class=\"wp-block-column is-layout-flow wp-block-column-is-layout-flow\"><div class=\"wp-block-image\">\n<figure class=\"aligncenter size-large\"><img decoding=\"async\" src=\"https:\/\/natureplast.eu\/wp-content\/uploads\/2024\/11\/tamisage.svg\" alt=\"\"\/><\/figure>\n<\/div>\n\n\n<p class=\"has-text-align-center\">Tamizado con diferentes fracciones<\/p>\n<\/div>\n\n\n\n<div class=\"wp-block-column is-layout-flow wp-block-column-is-layout-flow\"><div class=\"wp-block-image\">\n<figure class=\"aligncenter size-full\"><img decoding=\"async\" src=\"https:\/\/natureplast.eu\/wp-content\/uploads\/2025\/04\/conditionnement.svg\" alt=\"\" class=\"wp-image-9024\"\/><\/figure>\n<\/div>\n\n\n<p class=\"has-text-align-center\">Envases a medida<\/p>\n<\/div>\n<\/div>\n<\/div><\/div>\n\n\n\n<div id=\"valeurs\" class=\"wp-block-group bloc-valeurs has-background\" style=\"border-radius:40px;background-color:#ffffff\"><div class=\"wp-block-group__inner-container is-layout-constrained wp-block-group-is-layout-constrained\">\n<figure class=\"wp-block-image size-large\"><img loading=\"lazy\" decoding=\"async\" width=\"1024\" height=\"248\" src=\"https:\/\/natureplast.eu\/wp-content\/uploads\/2024\/11\/broyage-a-facon-1024x248.png\" alt=\"\" class=\"wp-image-1031\" srcset=\"https:\/\/natureplast.eu\/wp-content\/uploads\/2024\/11\/broyage-a-facon-1024x248.png 1024w, https:\/\/natureplast.eu\/wp-content\/uploads\/2024\/11\/broyage-a-facon-300x73.png 300w, https:\/\/natureplast.eu\/wp-content\/uploads\/2024\/11\/broyage-a-facon-768x186.png 768w, https:\/\/natureplast.eu\/wp-content\/uploads\/2024\/11\/broyage-a-facon-800x194.png 800w, https:\/\/natureplast.eu\/wp-content\/uploads\/2024\/11\/broyage-a-facon.png 1523w\" sizes=\"auto, (max-width: 1024px) 100vw, 1024px\" \/><\/figure>\n\n\n\n<div class=\"wp-block-columns are-vertically-aligned-top is-layout-flex wp-container-core-columns-is-layout-12a0b04b wp-block-columns-is-layout-flex\" style=\"padding-top:var(--wp--preset--spacing--40)\">\n<div class=\"wp-block-column is-vertically-aligned-top is-layout-flow wp-block-column-is-layout-flow\">\n<h3 class=\"wp-block-heading\"><mark style=\"background-color:rgba(0, 0, 0, 0);color:#000000\" class=\"has-inline-color\">Molienda y micronizaci\u00f3n<\/mark><\/h3>\n\n\n\n<p>NaturePlast dispone de una <strong>gama de tecnolog\u00edas de trituraci\u00f3n<\/strong> para encontrar la mejor soluci\u00f3n para cada coproducto a procesar:<\/p>\n\n\n\n<ul class=\"wp-block-list\">\n<li><strong>recortar y aplastar<\/strong>,<\/li>\n\n\n\n<li><strong>afilado de cuchillas<\/strong>,<\/li>\n\n\n\n<li><strong>trituraci\u00f3n por atrici\u00f3n<\/strong> con una placa de paletas o de pasadores.<\/li>\n<\/ul>\n\n\n\n<p>Este equipo nos permite trabajar en fases anteriores con productos relativamente grandes, de varias decenas de cent\u00edmetros de tama\u00f1o, para reducirlos a part\u00edculas de unos pocos mm, cientos o decenas de micras.<br> <br>El <strong>equipo de laboratorio<\/strong> nos permite alcanzar producciones de unos pocos cientos de gramos a unos pocos kg por hora.<br> <br>Los <strong>equipos industriales<\/strong> pueden alcanzar producciones de varias decenas de centenares de kg\/hora, seg\u00fan el coproducto que haya que procesar y el tama\u00f1o de part\u00edcula requerido.<br> <br>Los equipos de <strong>micronizaci\u00f3n<\/strong> totalmente de acero inoxidable nos permiten trabajar en mercados que exigen certificaciones espec\u00edficas.<\/p>\n\n\n\n<h3 class=\"wp-block-heading\"><mark style=\"background-color:rgba(0, 0, 0, 0);color:#000000\" class=\"has-inline-color\">Pesaje &#8211; envasado<\/mark><\/h3>\n\n\n\n<p>Una vez procesados los productos, se pesan y luego se envasan en el formato requerido por el cliente, en tarros, bolsitas, bolsas o big bags, y luego se colocan en cartones o pal\u00e9s.<\/p>\n<\/div>\n\n\n\n<div class=\"wp-block-column is-vertically-aligned-top is-layout-flow wp-block-column-is-layout-flow\">\n<h3 class=\"wp-block-heading\"><mark style=\"background-color:rgba(0, 0, 0, 0);color:#000000\" class=\"has-inline-color\">Exploraci\u00f3n<\/mark><\/h3>\n\n\n\n<p>Disponemos de equipos de <strong>tamizado<\/strong> desde laboratorio hasta escala industrial, lo que nos permite tamizar diversos productos por <strong>separaciones granulom\u00e9tricas<\/strong> con cortes m\u00faltiples seg\u00fan lo requiera el cliente tras la etapa de molienda &#8211; micronizaci\u00f3n.<\/p>\n\n\n\n<div style=\"height:15px\" aria-hidden=\"true\" class=\"wp-block-spacer d-none d-lg-block\"><\/div>\n\n\n\n<h3 class=\"wp-block-heading\"><mark style=\"background-color:rgba(0, 0, 0, 0);color:#000000\" class=\"has-inline-color\">Control de calidad<\/mark><\/h3>\n\n\n\n<p>Nuestro laboratorio realiza constantemente los an\u00e1lisis necesarios para garantizar el cumplimiento de las especificaciones y la calidad constante del producto acabado:<\/p>\n\n\n\n<ul class=\"wp-block-list\">\n<li>control del peso desde la recepci\u00f3n hasta el envasado<\/li>\n\n\n\n<li>control de la temperatura durante la molienda<\/li>\n\n\n\n<li>control granulom\u00e9trico en tamices de laboratorio<\/li>\n\n\n\n<li>control higrom\u00e9trico mediante an\u00e1lisis Karl Fisher<\/li>\n<\/ul>\n\n\n\n<p><strong>Podemos subcontratar otros tipos de an\u00e1lisis (an\u00e1lisis l\u00e1ser u otros) en funci\u00f3n de las necesidades de nuestros clientes.<\/strong><\/p>\n<\/div>\n<\/div>\n<\/div><\/div>\n\n\n\n<div class=\"wp-block-columns line-activites-composition is-layout-flex wp-container-core-columns-is-layout-28f84493 wp-block-columns-is-layout-flex\">\n<div class=\"wp-block-column item-activite is-layout-flow wp-block-column-is-layout-flow\">\n<figure class=\"wp-block-image size-full\"><img loading=\"lazy\" decoding=\"async\" width=\"369\" height=\"445\" src=\"https:\/\/natureplast.eu\/wp-content\/uploads\/2024\/11\/industries-agro-alimentaires.png\" alt=\"\" class=\"wp-image-1043\" srcset=\"https:\/\/natureplast.eu\/wp-content\/uploads\/2024\/11\/industries-agro-alimentaires.png 369w, https:\/\/natureplast.eu\/wp-content\/uploads\/2024\/11\/industries-agro-alimentaires-249x300.png 249w\" sizes=\"auto, (max-width: 369px) 100vw, 369px\" \/><\/figure>\n\n\n\n<h3 class=\"wp-block-heading\">Industria alimentaria<\/h3>\n\n\n\n<div class=\"wp-block-group overlay\"><div class=\"wp-block-group__inner-container is-layout-constrained wp-block-group-is-layout-constrained\">\n<ul class=\"wp-block-list\">\n<li><strong>Cereales <\/strong>: c\u00e1scaras, paja, diferencias de clasificaci\u00f3n, subproductos de cereales, etc.<\/li>\n\n\n\n<li><strong>Frutas y hortalizas<\/strong>: piel, pulpa, hueso, semilla, c\u00e1scara, orujo, torta, etc.<\/li>\n\n\n\n<li><strong>Agricultura <\/strong>(huevos, etc.)<br> <\/li>\n<\/ul>\n<\/div><\/div>\n<\/div>\n\n\n\n<div class=\"wp-block-column item-activite is-layout-flow wp-block-column-is-layout-flow\">\n<figure class=\"wp-block-image size-full\"><img loading=\"lazy\" decoding=\"async\" width=\"351\" height=\"445\" src=\"https:\/\/natureplast.eu\/wp-content\/uploads\/2024\/11\/produits-de-la-mer.png\" alt=\"\" class=\"wp-image-1048\" srcset=\"https:\/\/natureplast.eu\/wp-content\/uploads\/2024\/11\/produits-de-la-mer.png 351w, https:\/\/natureplast.eu\/wp-content\/uploads\/2024\/11\/produits-de-la-mer-237x300.png 237w\" sizes=\"auto, (max-width: 351px) 100vw, 351px\" \/><\/figure>\n\n\n\n<h3 class=\"wp-block-heading\">Productos del mar<\/h3>\n\n\n\n<div class=\"wp-block-group overlay\"><div class=\"wp-block-group__inner-container is-layout-constrained wp-block-group-is-layout-constrained\">\n<ul class=\"wp-block-list\">\n<li><strong>Marisco <\/strong>: vieiras, ostras, mejillones, etc.<\/li>\n\n\n\n<li><strong>Algas<\/strong>, etc.<\/li>\n<\/ul>\n<\/div><\/div>\n<\/div>\n\n\n\n<div class=\"wp-block-column item-activite is-layout-flow wp-block-column-is-layout-flow\">\n<figure class=\"wp-block-image size-full\"><img loading=\"lazy\" decoding=\"async\" width=\"351\" height=\"445\" src=\"https:\/\/natureplast.eu\/wp-content\/uploads\/2024\/11\/fibres-naturelles.png\" alt=\"\" class=\"wp-image-1053\" srcset=\"https:\/\/natureplast.eu\/wp-content\/uploads\/2024\/11\/fibres-naturelles.png 351w, https:\/\/natureplast.eu\/wp-content\/uploads\/2024\/11\/fibres-naturelles-237x300.png 237w\" sizes=\"auto, (max-width: 351px) 100vw, 351px\" \/><\/figure>\n\n\n\n<h3 class=\"wp-block-heading\">Fibras naturales<\/h3>\n\n\n\n<div class=\"wp-block-group overlay\"><div class=\"wp-block-group__inner-container is-layout-constrained wp-block-group-is-layout-constrained\">\n<ul class=\"wp-block-list\">\n<li><strong>Fibras naturales <\/strong>: madera, c\u00e1\u00f1amo, lino, corcho, miscanthus, etc.<\/li>\n\n\n\n<li><strong>Poda de madera <\/strong>: sarmientos, etc.<\/li>\n\n\n\n<li><strong>Horticultura<\/strong>: flores, etc.<br> <\/li>\n<\/ul>\n<\/div><\/div>\n<\/div>\n\n\n\n<div class=\"wp-block-column item-activite is-layout-flow wp-block-column-is-layout-flow\">\n<figure class=\"wp-block-image size-full\"><img loading=\"lazy\" decoding=\"async\" width=\"351\" height=\"445\" src=\"https:\/\/natureplast.eu\/wp-content\/uploads\/2024\/11\/autres-filieres.png\" alt=\"\" class=\"wp-image-1058\" srcset=\"https:\/\/natureplast.eu\/wp-content\/uploads\/2024\/11\/autres-filieres.png 351w, https:\/\/natureplast.eu\/wp-content\/uploads\/2024\/11\/autres-filieres-237x300.png 237w\" sizes=\"auto, (max-width: 351px) 100vw, 351px\" \/><\/figure>\n\n\n\n<h3 class=\"wp-block-heading\">Otros sectores<\/h3>\n\n\n\n<div class=\"wp-block-group overlay\"><div class=\"wp-block-group__inner-container is-layout-constrained wp-block-group-is-layout-constrained\">\n<ul class=\"wp-block-list\">\n<li><strong>Construcci\u00f3n y obras p\u00fablicas <\/strong>: mobiliario, tierra, ladrillos, etc.<\/li>\n\n\n\n<li><strong>Textiles<\/strong>: cuero, etc.<\/li>\n\n\n\n<li><strong>Transformaci\u00f3n de pl\u00e1sticos: <\/strong>pruebas de orientaci\u00f3n para reciclar pl\u00e1sticos o elast\u00f3meros<br> <\/li>\n<\/ul>\n<\/div><\/div>\n<\/div>\n<\/div>\n\n\n\n<div id=\"valeurs\" class=\"wp-block-group bloc-valeurs has-background\" style=\"border-radius:40px;background-color:#ffffff\"><div class=\"wp-block-group__inner-container is-layout-constrained wp-block-group-is-layout-constrained\">\n<div class=\"wp-block-columns are-vertically-aligned-top is-layout-flex wp-container-core-columns-is-layout-12a0b04b wp-block-columns-is-layout-flex\" style=\"padding-top:var(--wp--preset--spacing--40)\">\n<div class=\"wp-block-column is-vertically-aligned-top is-layout-flow wp-block-column-is-layout-flow\">\n<h3 class=\"wp-block-heading\"><mark style=\"background-color:rgba(0, 0, 0, 0);color:#000000\" class=\"has-inline-color\">Tipo de coproductos<\/mark><\/h3>\n\n\n\n<p><strong>La mayor\u00eda de los coproductos proceden de Francia.<\/strong> Los procesos seleccionados se eligieron por su viabilidad industrial, en t\u00e9rminos de vol\u00famenes y calidad (reproducibilidad de los lotes) y por su pertinencia t\u00e9cnica y medioambiental. <br> <br><strong>Estas fuentes son potencialmente \u00abinfinitas\u00bb, y<\/strong> la lista de coproductos disponibles no es exhaustiva, ya que pueden identificarse y validarse nuevos procesos en funci\u00f3n de una necesidad espec\u00edfica. <br> <br>Por tanto, es totalmente posible trabajar en nuevos coproductos con vistas a <strong>un proyecto de econom\u00eda circular<\/strong>, cuyo objetivo ser\u00eda lograr la coherencia entre la actividad que genera el coproducto y su reutilizaci\u00f3n.<\/p>\n<\/div>\n\n\n\n<div class=\"wp-block-column is-vertically-aligned-top is-layout-flow wp-block-column-is-layout-flow\">\n<h3 class=\"wp-block-heading\"><mark style=\"background-color:rgba(0, 0, 0, 0);color:#000000\" class=\"has-inline-color\">Sectores de actividad y aplicaciones<\/mark><\/h3>\n\n\n\n<p>Nuestros servicios pueden aplicarse a una amplia gama de sectores y aplicaciones:<\/p>\n\n\n\n<ul class=\"wp-block-list\">\n<li><strong>Agroalimentario <\/strong>: marisco, algas, berberechos, huesos, semillas, pulpa deshidratada, orujo deshidratado, etc.<\/li>\n\n\n\n<li><strong>Plantas\/fibras vegetales<\/strong>: madera, lino, c\u00e1\u00f1amo, flores, etc.<\/li>\n\n\n\n<li><strong>Textiles <\/strong>: cuero, algod\u00f3n, etc.<\/li>\n\n\n\n<li>Industria <strong>qu\u00edmica<\/strong> y de <strong>minerales<\/strong><\/li>\n\n\n\n<li><strong>Transformaci\u00f3n de pl\u00e1sticos <\/strong>: pl\u00e1sticos y elast\u00f3meros<\/li>\n\n\n\n<li><strong>Reciclado <\/strong>: orientaci\u00f3n y pruebas de viabilidad para el reciclado de pl\u00e1sticos<\/li>\n<\/ul>\n<\/div>\n<\/div>\n<\/div><\/div>\n","protected":false},"excerpt":{"rendered":"<p>Las diferentes \u00e1reas de actividad: Molturaci\u00f3n y micronizaci\u00f3n a diferentes tama\u00f1os de part\u00edcula Tamizado con diferentes fracciones Envases a medida Molienda y micronizaci\u00f3n NaturePlast dispone de una gama de tecnolog\u00edas de trituraci\u00f3n para encontrar la mejor soluci\u00f3n para cada coproducto a procesar: Este equipo nos permite trabajar en fases anteriores con productos relativamente grandes, de [&hellip;]<\/p>\n","protected":false},"author":1,"featured_media":0,"parent":0,"menu_order":0,"comment_status":"closed","ping_status":"closed","template":"","meta":{"_acf_changed":false,"footnotes":""},"class_list":["post-6792","page","type-page","status-publish","hentry"],"acf":[],"_links":{"self":[{"href":"https:\/\/natureplast.eu\/es\/wp-json\/wp\/v2\/pages\/6792","targetHints":{"allow":["GET"]}}],"collection":[{"href":"https:\/\/natureplast.eu\/es\/wp-json\/wp\/v2\/pages"}],"about":[{"href":"https:\/\/natureplast.eu\/es\/wp-json\/wp\/v2\/types\/page"}],"author":[{"embeddable":true,"href":"https:\/\/natureplast.eu\/es\/wp-json\/wp\/v2\/users\/1"}],"replies":[{"embeddable":true,"href":"https:\/\/natureplast.eu\/es\/wp-json\/wp\/v2\/comments?post=6792"}],"version-history":[{"count":6,"href":"https:\/\/natureplast.eu\/es\/wp-json\/wp\/v2\/pages\/6792\/revisions"}],"predecessor-version":[{"id":9033,"href":"https:\/\/natureplast.eu\/es\/wp-json\/wp\/v2\/pages\/6792\/revisions\/9033"}],"wp:attachment":[{"href":"https:\/\/natureplast.eu\/es\/wp-json\/wp\/v2\/media?parent=6792"}],"curies":[{"name":"wp","href":"https:\/\/api.w.org\/{rel}","templated":true}]}}