{"id":6795,"date":"2024-11-06T12:32:14","date_gmt":"2024-11-06T11:32:14","guid":{"rendered":"https:\/\/sc2leje1101.universe.wf\/servicios\/"},"modified":"2025-03-26T16:42:36","modified_gmt":"2025-03-26T15:42:36","slug":"servicios","status":"publish","type":"page","link":"https:\/\/natureplast.eu\/es\/nuestra-experiencia\/servicios\/","title":{"rendered":"Servicios"},"content":{"rendered":"\n<div class=\"wp-block-group\"><div class=\"wp-block-group__inner-container is-layout-constrained wp-block-group-is-layout-constrained\">\n<div id=\"valeurs\" class=\"wp-block-group bloc-valeurs has-background\" style=\"border-radius:40px;background-color:#ffffff\"><div class=\"wp-block-group__inner-container is-layout-constrained wp-block-group-is-layout-constrained\">\n<div class=\"wp-block-columns is-layout-flex wp-container-core-columns-is-layout-12a0b04b wp-block-columns-is-layout-flex\" style=\"padding-top:var(--wp--preset--spacing--40)\">\n<div class=\"wp-block-column is-vertically-aligned-top is-layout-flow wp-block-column-is-layout-flow\">\n<h3 class=\"wp-block-heading\"><mark style=\"background-color:rgba(0, 0, 0, 0);color:#000000\" class=\"has-inline-color\">Estudios t\u00e9cnicos y econ\u00f3micos personalizados<\/mark><\/h3>\n\n\n\n<p>Apoyamos tus proyectos con <strong>estudios personalizados<\/strong> adaptados a tus necesidades y problemas espec\u00edficos. Nuestros an\u00e1lisis abarcan la <strong>viabilidad t\u00e9cnica<\/strong>, la<strong>evaluaci\u00f3n econ\u00f3mica<\/strong>, la <strong>elecci\u00f3n de materiales<\/strong> y el<strong>impacto medioambiental de<\/strong> las soluciones previstas. <\/p>\n\n\n\n<div class=\"wp-block-buttons is-layout-flex wp-block-buttons-is-layout-flex\">\n<div class=\"wp-block-button\"><a class=\"wp-block-button__link has-color-1-background-color has-text-color has-background has-link-color wp-element-button\" href=\"https:\/\/natureplast.eu\/es\/nuestra-experiencia\/servicios\/estudios-de-mercado\/\" style=\"color:#ffffff\">M\u00e1s informaci\u00f3n<\/a><\/div>\n<\/div>\n\n\n\n<h3 class=\"wp-block-heading\"><mark style=\"background-color:rgba(0, 0, 0, 0);color:#000000\" class=\"has-inline-color\">Formaci\u00f3n especializada en biopl\u00e1sticos<\/mark><\/h3>\n\n\n\n<p>Para que conozcas mejor el mercado de los biopl\u00e1sticos y sus retos, te ofrecemos <strong>cursos de formaci\u00f3n adaptados a<\/strong> tu sector de actividad. Estas sesiones cubren : <\/p>\n\n\n\n<ul class=\"wp-block-list\">\n<li>Las diferentes familias de biopl\u00e1sticos y sus propiedades,<\/li>\n\n\n\n<li>Procesos de implantaci\u00f3n e integraci\u00f3n para aplicaciones industriales,<\/li>\n\n\n\n<li>El entorno normativo y reglamentario,<\/li>\n\n\n\n<li>Tendencias y perspectivas del mercado.<\/li>\n<\/ul>\n\n\n\n<p>Tanto si eres un fabricante, un promotor de proyectos o un agente de la industria del pl\u00e1stico, <strong>NaturePlast<\/strong> puede proporcionarte un apoyo integral para ayudarte a comprender, integrar y optimizar el uso de los biopl\u00e1sticos en tu empresa.<\/p>\n<\/div>\n\n\n\n<div class=\"wp-block-column is-vertically-aligned-top is-layout-flow wp-container-core-column-is-layout-b108c007 wp-block-column-is-layout-flow\" style=\"padding-right:0;padding-left:0;flex-basis:30%\">\n<figure class=\"wp-block-image size-full\" id=\"custom-gallery\"><img loading=\"lazy\" decoding=\"async\" width=\"370\" height=\"445\" src=\"https:\/\/natureplast.eu\/wp-content\/uploads\/2024\/12\/EXPERTISE.jpg\" alt=\"\" class=\"wp-image-2742\" srcset=\"https:\/\/natureplast.eu\/wp-content\/uploads\/2024\/12\/EXPERTISE.jpg 370w, https:\/\/natureplast.eu\/wp-content\/uploads\/2024\/12\/EXPERTISE-249x300.jpg 249w\" sizes=\"auto, (max-width: 370px) 100vw, 370px\" \/><\/figure>\n<\/div>\n<\/div>\n\n\n\n<div class=\"wp-block-buttons is-layout-flex wp-block-buttons-is-layout-flex\">\n<div class=\"wp-block-button\"><a class=\"wp-block-button__link has-color-1-background-color has-text-color has-background has-link-color wp-element-button\" href=\"https:\/\/natureplast.eu\/es\/nuestra-experiencia\/servicios\/formacion\/\" style=\"color:#ffffff\">Descubre nuestros cursos de formaci\u00f3n<\/a><\/div>\n<\/div>\n<\/div><\/div>\n<\/div><\/div>\n\n<p><\/p>\n","protected":false},"excerpt":{"rendered":"<p>Estudios t\u00e9cnicos y econ\u00f3micos personalizados Apoyamos tus proyectos con estudios personalizados adaptados a tus necesidades y problemas espec\u00edficos. Nuestros an\u00e1lisis abarcan la viabilidad t\u00e9cnica, laevaluaci\u00f3n econ\u00f3mica, la elecci\u00f3n de materiales y elimpacto medioambiental de las soluciones previstas. Formaci\u00f3n especializada en biopl\u00e1sticos Para que conozcas mejor el mercado de los biopl\u00e1sticos y sus retos, te ofrecemos [&hellip;]<\/p>\n","protected":false},"author":1,"featured_media":0,"parent":6901,"menu_order":0,"comment_status":"closed","ping_status":"closed","template":"","meta":{"_acf_changed":false,"footnotes":""},"class_list":["post-6795","page","type-page","status-publish","hentry"],"acf":[],"_links":{"self":[{"href":"https:\/\/natureplast.eu\/es\/wp-json\/wp\/v2\/pages\/6795","targetHints":{"allow":["GET"]}}],"collection":[{"href":"https:\/\/natureplast.eu\/es\/wp-json\/wp\/v2\/pages"}],"about":[{"href":"https:\/\/natureplast.eu\/es\/wp-json\/wp\/v2\/types\/page"}],"author":[{"embeddable":true,"href":"https:\/\/natureplast.eu\/es\/wp-json\/wp\/v2\/users\/1"}],"replies":[{"embeddable":true,"href":"https:\/\/natureplast.eu\/es\/wp-json\/wp\/v2\/comments?post=6795"}],"version-history":[{"count":1,"href":"https:\/\/natureplast.eu\/es\/wp-json\/wp\/v2\/pages\/6795\/revisions"}],"predecessor-version":[{"id":6797,"href":"https:\/\/natureplast.eu\/es\/wp-json\/wp\/v2\/pages\/6795\/revisions\/6797"}],"up":[{"embeddable":true,"href":"https:\/\/natureplast.eu\/es\/wp-json\/wp\/v2\/pages\/6901"}],"wp:attachment":[{"href":"https:\/\/natureplast.eu\/es\/wp-json\/wp\/v2\/media?parent=6795"}],"curies":[{"name":"wp","href":"https:\/\/api.w.org\/{rel}","templated":true}]}}