{"id":6807,"date":"2024-11-06T14:08:20","date_gmt":"2024-11-06T13:08:20","guid":{"rendered":"https:\/\/sc2leje1101.universe.wf\/nuestras-empresas\/"},"modified":"2026-03-23T10:35:27","modified_gmt":"2026-03-23T09:35:27","slug":"nuestras-empresas","status":"publish","type":"page","link":"https:\/\/natureplast.eu\/es\/nuestras-empresas\/","title":{"rendered":"Nuestras empresas"},"content":{"rendered":"\n<div class=\"wp-block-group ancres\"><div class=\"wp-block-group__inner-container is-layout-constrained wp-block-group-is-layout-constrained\">\n<p class=\"has-text-align-center\"><strong><a href=\"#valeurs\" data-type=\"internal\" data-id=\"#valeurs\">NUESTROS VALORES<\/a> | <a href=\"#equipe\" data-type=\"internal\" data-id=\"#equipe\">NUESTRO EQUIPO<\/a> | <a href=\"#partenaires\" data-type=\"internal\" data-id=\"#partenaires\">NUESTROS SOCIOS<\/a> | NUESTRAS ACCIONES<\/strong><\/p>\n<\/div><\/div>\n\n<div class=\"wp-block-columns is-layout-flex wp-container-core-columns-is-layout-28f84493 wp-block-columns-is-layout-flex\" id=\"missions\">\n<div class=\"wp-block-column is-layout-flow wp-block-column-is-layout-flow\">\n<h2 class=\"wp-block-heading reveal-from-top\"><mark style=\"background-color:rgba(0, 0, 0, 0);color:#000000\" class=\"has-inline-color\"><em>Nuestras<\/em> misiones<\/mark><\/h2>\n\n\n\n<ul class=\"wp-block-list\">\n<li><strong>Selecciona los temas <\/strong>que te convienen<\/li>\n\n\n\n<li><strong>Favorecer a los socios locales<\/strong><\/li>\n\n\n\n<li><strong>Formular y dise\u00f1ar materiales<\/strong> para afrontar los retos del desarrollo sostenible<\/li>\n\n\n\n<li><strong>Desarrollar localmente<\/strong> coproductos de las industrias francesas<\/li>\n\n\n\n<li><strong>Apoyar a los fabricantes<\/strong> en el uso de materiales m\u00e1s responsables<\/li>\n<\/ul>\n<\/div>\n\n\n\n<div class=\"wp-block-column is-layout-flow wp-block-column-is-layout-flow\">\n<figure class=\"wp-block-image size-full custom-gallery\"><img loading=\"lazy\" decoding=\"async\" width=\"1920\" height=\"1080\" src=\"https:\/\/natureplast.eu\/wp-content\/uploads\/2025\/03\/Photos-site-web-42-edited.png\" alt=\"\" class=\"wp-image-6062\" srcset=\"https:\/\/natureplast.eu\/wp-content\/uploads\/2025\/03\/Photos-site-web-42-edited.png 1920w, https:\/\/natureplast.eu\/wp-content\/uploads\/2025\/03\/Photos-site-web-42-edited-300x169.png 300w, https:\/\/natureplast.eu\/wp-content\/uploads\/2025\/03\/Photos-site-web-42-edited-1024x576.png 1024w, https:\/\/natureplast.eu\/wp-content\/uploads\/2025\/03\/Photos-site-web-42-edited-768x432.png 768w, https:\/\/natureplast.eu\/wp-content\/uploads\/2025\/03\/Photos-site-web-42-edited-1536x864.png 1536w, https:\/\/natureplast.eu\/wp-content\/uploads\/2025\/03\/Photos-site-web-42-edited-800x450.png 800w\" sizes=\"auto, (max-width: 1920px) 100vw, 1920px\" \/><\/figure>\n<\/div>\n<\/div>\n\n<div id=\"valeurs\" class=\"wp-block-group bloc-valeurs has-background\" style=\"border-radius:40px;background-color:#ffffff\"><div class=\"wp-block-group__inner-container is-layout-constrained wp-block-group-is-layout-constrained\">\n<h2 class=\"wp-block-heading has-text-align-center reveal-from-top\"><mark style=\"background-color:rgba(0, 0, 0, 0);color:#000000\" class=\"has-inline-color\"><em>Nuestros<\/em> valores<\/mark><\/h2>\n\n\n\n<div class=\"wp-block-columns are-vertically-aligned-top is-layout-flex wp-container-core-columns-is-layout-12a0b04b wp-block-columns-is-layout-flex\" style=\"padding-top:var(--wp--preset--spacing--40)\">\n<div class=\"wp-block-column is-vertically-aligned-top is-layout-flow wp-block-column-is-layout-flow\">\n<h3 class=\"wp-block-heading\"><mark style=\"background-color:rgba(0, 0, 0, 0);color:#000000\" class=\"has-inline-color\">El medio ambiente<\/mark><\/h3>\n\n\n\n<p>No es ning\u00fan secreto que nuestro medio ambiente es fr\u00e1gil y que depende de nosotros cuidarlo. En <strong>NaturePlast<\/strong>, todos somos conscientes de esta realidad, y de la responsabilidad que nos incumbe: <strong>debemos actuar hoy, para poder vivir ma\u00f1ana.<\/strong><br\/>Nuestra actividad nos permite actuar a nuestra escala, proponiendo <strong>soluciones sostenibles y m\u00e1s respetuosas con nuestro planeta.<\/strong> <\/p>\n\n\n\n<h3 class=\"wp-block-heading\"><mark style=\"background-color:rgba(0, 0, 0, 0);color:#000000\" class=\"has-inline-color\">Innovaci\u00f3n<\/mark><\/h3>\n\n\n\n<p>Trabajamos con materiales de reciente desarrollo, por lo que uno de los aspectos clave de nuestro negocio es ofrecer <strong>nuevas soluciones adaptadas a<\/strong> una necesidad espec\u00edfica.<strong>La innovaci\u00f3n<\/strong> es, por tanto, una parte natural de nuestro negocio. Nos esforzamos cada d\u00eda por presentar nuevas propuestas, y aunque no todas sean perfectas hoy, nos esforzamos por innovar para que las de ma\u00f1ana lo sean.<br\/>Estos aspectos a\u00fan pueden mejorarse en comparaci\u00f3n con la situaci\u00f3n actual. La biomasa utilizada hasta la fecha ha sido principalmente \u00abnoble\u00bb y a menudo ha procedido de cultivos dedicados.  <br\/>En algunos casos, ya se utilizan <strong>subproductos <\/strong>como la melaza de la ca\u00f1a de az\u00facar para producir <strong>pol\u00edmeros de base biol\u00f3gica<\/strong> (en este caso, PET de base biol\u00f3gica).<br\/>La utilizaci\u00f3n de coproductos y residuos de distintos sectores se est\u00e1 investigando actualmente en varios proyectos, tanto a nivel local <strong>(COPROPLAST<\/strong>) como europeo<strong>(URBIOFIN<\/strong>).<br\/>Estos desarrollos se industrializar\u00e1n en los pr\u00f3ximos a\u00f1os, con el objetivo de <strong>promover el uso de la biomasa<\/strong> como parte de un enfoque de desarrollo sostenible <strong>ecodise\u00f1o y econom\u00eda circular.<\/strong><\/p>\n<\/div>\n\n\n\n<div class=\"wp-block-column is-vertically-aligned-top is-layout-flow wp-block-column-is-layout-flow\">\n<h3 class=\"wp-block-heading\"><mark style=\"background-color:rgba(0, 0, 0, 0);color:#000000\" class=\"has-inline-color\">Respeta<\/mark><\/h3>\n\n\n\n<p>En <strong>NaturePlast<\/strong>, el respeto por el mundo que nos rodea es evidente. Respeto por el medio ambiente, por supuesto, pero tambi\u00e9n por <strong>las personas<\/strong>. Ya sean nuestros <strong>empleados<\/strong>, nuestros <strong>clientes<\/strong>, nuestros <strong>proveedores<\/strong> o nuestros <strong>socios<\/strong>, hacemos todo lo posible por escuchar y responder a las expectativas de todos. Trabajar para el ma\u00f1ana significa tambi\u00e9n (y quiz\u00e1s sobre todo) trabajar juntos, con confianza y respeto mutuo.   <\/p>\n\n\n\n<figure class=\"wp-block-image size-full custom-gallery\"><img loading=\"lazy\" decoding=\"async\" width=\"1920\" height=\"1080\" src=\"https:\/\/natureplast.eu\/wp-content\/uploads\/2025\/03\/28-edited.png\" alt=\"\" class=\"wp-image-6056\" srcset=\"https:\/\/natureplast.eu\/wp-content\/uploads\/2025\/03\/28-edited.png 1920w, https:\/\/natureplast.eu\/wp-content\/uploads\/2025\/03\/28-edited-300x169.png 300w, https:\/\/natureplast.eu\/wp-content\/uploads\/2025\/03\/28-edited-1024x576.png 1024w, https:\/\/natureplast.eu\/wp-content\/uploads\/2025\/03\/28-edited-768x432.png 768w, https:\/\/natureplast.eu\/wp-content\/uploads\/2025\/03\/28-edited-1536x864.png 1536w, https:\/\/natureplast.eu\/wp-content\/uploads\/2025\/03\/28-edited-800x450.png 800w\" sizes=\"auto, (max-width: 1920px) 100vw, 1920px\" \/><\/figure>\n<\/div>\n<\/div>\n<\/div><\/div>\n\n<div class=\"wp-block-columns are-vertically-aligned-center bloc-partenaires has-background is-layout-flex wp-container-core-columns-is-layout-28f84493 wp-block-columns-is-layout-flex\" id=\"partenaires\" style=\"border-radius:20px;background-color:#ffffff\">\n<div class=\"wp-block-column is-vertically-aligned-center logos is-layout-flow wp-block-column-is-layout-flow\">\n<div class=\"wp-block-columns is-not-stacked-on-mobile is-layout-flex wp-container-core-columns-is-layout-8351d469 wp-block-columns-is-layout-flex\" style=\"margin-bottom:var(--wp--preset--spacing--50)\">\n<div class=\"wp-block-column is-layout-flow wp-block-column-is-layout-flow\">\n<h2 class=\"wp-block-heading has-text-align-center reveal-from-top\"><mark style=\"background-color:rgba(0, 0, 0, 0);color:#000000\" class=\"has-inline-color\"><em>Nuestro<\/em> compromiso<\/mark><\/h2>\n\n\n\n<h4 class=\"wp-block-heading has-text-align-center reveal-from-top\"><mark style=\"background-color:rgba(0, 0, 0, 0);color:#000000\" class=\"has-inline-color\"><mark style=\"background-color:rgba(0, 0, 0, 0);color:#000000\" class=\"has-inline-color\">Certificaci\u00f3n Cero P\u00e9rdidas para Pellets de Pl\u00e1stico Industriales<\/mark><\/mark><\/h4>\n\n\n\n<p>Nos enorgullece anunciar que nuestras instalaciones han obtenido el certificado de conformidad para <strong>pellets de pl\u00e1stico industriales de p\u00e9rdida cero<\/strong>. El objetivo de esta certificaci\u00f3n es cumplir el decreto<strong> n\u00ba 2021-461 de 16 de abril de 2021<\/strong> en relaci\u00f3n con la <strong>ley AGEC (2020)<\/strong>. <\/p>\n\n\n\n<p>Como empresa del sector del pl\u00e1stico, hemos establecido procedimientos rigurosos para evitar cualquier dispersi\u00f3n de gr\u00e1nulos de pl\u00e1stico en el medio ambiente, desde la recepci\u00f3n de las materias primas hasta la producci\u00f3n y la expedici\u00f3n.<\/p>\n\n\n\n<p>Este planteamiento est\u00e1 en plena consonancia con nuestra pol\u00edtica de responsabilidad medioambiental y nuestro deseo de adoptar pr\u00e1cticas industriales sostenibles.<\/p>\n\n\n\n<div class=\"wp-block-buttons is-horizontal is-content-justification-center is-nowrap is-layout-flex wp-container-core-buttons-is-layout-01e1d51f wp-block-buttons-is-layout-flex\">\n<div class=\"wp-block-button has-custom-width wp-block-button__width-50 is-style-outline is-style-outline--1\"><a class=\"wp-block-button__link has-color-1-background-color has-text-color has-background has-link-color wp-element-button\" href=\"https:\/\/natureplast.eu\/wp-content\/uploads\/2025\/03\/attestation-GPI-1.pdf\" style=\"color:#ffffff\" target=\"_blank\" rel=\"noreferrer noopener\">Consulta nuestro certificado<\/a><\/div>\n\n\n\n<div class=\"wp-block-button has-custom-width wp-block-button__width-50\"><a class=\"wp-block-button__link has-color-1-background-color has-text-color has-background has-link-color has-text-align-center wp-element-button\" href=\"https:\/\/natureplast.eu\/wp-content\/uploads\/2025\/03\/Synthese-devaluation-GPI-1.pdf\" style=\"color:#fffefe\" target=\"_blank\" rel=\"noreferrer noopener\">Lee nuestro resumen<\/a><\/div>\n<\/div>\n<\/div>\n<\/div>\n<\/div>\n<\/div>\n\n<div class=\"wp-block-columns are-vertically-aligned-center bloc-equipe is-layout-flex wp-container-core-columns-is-layout-28f84493 wp-block-columns-is-layout-flex\" id=\"equipe\">\n<div class=\"wp-block-column is-vertically-aligned-center is-layout-flow wp-block-column-is-layout-flow\">\n<h2 class=\"wp-block-heading reveal-from-top\"><mark style=\"background-color:rgba(0, 0, 0, 0);color:#000000\" class=\"has-inline-color\"><em>Nuestro<\/em> equipo<\/mark><\/h2>\n\n\n\n<p>Un <strong>equipo din\u00e1mico y experimentado<\/strong> de hombres y mujeres apasionados por su trabajo en el coraz\u00f3n del <strong>desarrollo sostenible y la innovaci\u00f3n<\/strong>.<\/p>\n\n\n    <a class=\"btn-color-1 btn-droite\" href=\"\/nos-entreprises\/equipe\/\" target=\"_self\">\r\n                Descubre nuestro equipo    <\/a>\r\n<\/div>\n\n\n\n<div class=\"wp-block-column is-vertically-aligned-center is-layout-flow wp-block-column-is-layout-flow\">\n<figure class=\"wp-block-image size-large has-custom-border\"><img loading=\"lazy\" decoding=\"async\" width=\"1024\" height=\"683\" src=\"https:\/\/natureplast.eu\/wp-content\/uploads\/2025\/03\/Photos-site-web-43-1024x683.png\" alt=\"\" class=\"wp-image-6265\" style=\"border-radius:20px\" srcset=\"https:\/\/natureplast.eu\/wp-content\/uploads\/2025\/03\/Photos-site-web-43-1024x683.png 1024w, https:\/\/natureplast.eu\/wp-content\/uploads\/2025\/03\/Photos-site-web-43-300x200.png 300w, https:\/\/natureplast.eu\/wp-content\/uploads\/2025\/03\/Photos-site-web-43-768x512.png 768w, https:\/\/natureplast.eu\/wp-content\/uploads\/2025\/03\/Photos-site-web-43-1536x1024.png 1536w, https:\/\/natureplast.eu\/wp-content\/uploads\/2025\/03\/Photos-site-web-43-800x533.png 800w, https:\/\/natureplast.eu\/wp-content\/uploads\/2025\/03\/Photos-site-web-43.png 1920w\" sizes=\"auto, (max-width: 1024px) 100vw, 1024px\" \/><\/figure>\n<\/div>\n<\/div>\n\n<div class=\"wp-block-columns are-vertically-aligned-center bloc-partenaires has-background is-layout-flex wp-container-core-columns-is-layout-28f84493 wp-block-columns-is-layout-flex\" id=\"partenaires\" style=\"border-radius:20px;background-color:#ffffff\">\n<div class=\"wp-block-column is-vertically-aligned-center is-layout-flow wp-block-column-is-layout-flow\">\n<h2 class=\"wp-block-heading reveal-from-top\"><mark style=\"background-color:rgba(0, 0, 0, 0);color:#000000\" class=\"has-inline-color\"><em>Nuestros<\/em> socios<\/mark><\/h2>\n\n\n\n<p><strong>NaturePlast <\/strong>trabaja con una amplia red de socios t\u00e9cnicos (universidades, centros t\u00e9cnicos, expertos, etc.) e institucionales:<br\/>polos de competitividad<strong>(B4C, Polymeris<\/strong>), asociaci\u00f3n de la industria del pl\u00e1stico<strong>(Polyvia<\/strong>) y <strong>organismos de financiaci\u00f3n de proyectos de colaboraci\u00f3n<\/strong> (Europa, Regi\u00f3n de Normand\u00eda, C\u00e1mara de Agricultura de Normand\u00eda).<\/p>\n<\/div>\n\n\n\n<div class=\"wp-block-column is-vertically-aligned-center logos is-layout-flow wp-block-column-is-layout-flow\">\n<div class=\"wp-block-columns is-not-stacked-on-mobile is-layout-flex wp-container-core-columns-is-layout-8351d469 wp-block-columns-is-layout-flex\" style=\"margin-bottom:var(--wp--preset--spacing--50)\">\n<div class=\"wp-block-column is-layout-flow wp-block-column-is-layout-flow\">\n<figure class=\"wp-block-image size-full\"><img loading=\"lazy\" decoding=\"async\" width=\"130\" height=\"92\" src=\"https:\/\/natureplast.eu\/wp-content\/uploads\/2024\/11\/Rectangle-1609.png\" alt=\"Bioeconom&#xED;a para el cambio\" class=\"wp-image-861\"\/><\/figure>\n<\/div>\n\n\n\n<div class=\"wp-block-column is-layout-flow wp-block-column-is-layout-flow\">\n<figure class=\"wp-block-image size-full\"><img loading=\"lazy\" decoding=\"async\" width=\"270\" height=\"152\" src=\"https:\/\/natureplast.eu\/wp-content\/uploads\/2026\/03\/logo-polyvia-2.jpg\" alt=\"logo-polyvia 2\" class=\"wp-image-10425\"\/><\/figure>\n<\/div>\n\n\n\n<div class=\"wp-block-column is-layout-flow wp-block-column-is-layout-flow\">\n<figure class=\"wp-block-image size-full\"><img loading=\"lazy\" decoding=\"async\" width=\"130\" height=\"92\" src=\"https:\/\/natureplast.eu\/wp-content\/uploads\/2024\/11\/Rectangle-1611.png\" alt=\"Polymeris\" class=\"wp-image-866\"\/><\/figure>\n<\/div>\n<\/div>\n\n\n\n<div class=\"wp-block-columns is-not-stacked-on-mobile is-layout-flex wp-container-core-columns-is-layout-28f84493 wp-block-columns-is-layout-flex\">\n<div class=\"wp-block-column is-layout-flow wp-block-column-is-layout-flow\">\n<div class=\"wp-block-columns is-layout-flex wp-container-core-columns-is-layout-28f84493 wp-block-columns-is-layout-flex\">\n<div class=\"wp-block-column is-layout-flow wp-block-column-is-layout-flow\" style=\"flex-basis:100%\">\n<figure class=\"wp-block-image size-full\"><img loading=\"lazy\" decoding=\"async\" width=\"132\" height=\"92\" src=\"https:\/\/natureplast.eu\/wp-content\/uploads\/2024\/11\/Rectangle-1608-2.png\" alt=\"Uni&#xF3;n Europea\" class=\"wp-image-876\"\/><\/figure>\n<\/div>\n<\/div>\n<\/div>\n\n\n\n<div class=\"wp-block-column is-layout-flow wp-block-column-is-layout-flow\">\n<figure class=\"wp-block-image size-full is-resized\"><img loading=\"lazy\" decoding=\"async\" width=\"99\" height=\"82\" src=\"https:\/\/natureplast.eu\/wp-content\/uploads\/2024\/11\/g4198.png\" alt=\"Regi&#xF3;n de Normand&#xED;a\" class=\"wp-image-881\" style=\"aspect-ratio:1.2073573337525547;width:101px;height:auto\"\/><\/figure>\n<\/div>\n\n\n\n<div class=\"wp-block-column is-layout-flow wp-block-column-is-layout-flow\">\n<figure class=\"wp-block-image size-full\"><img loading=\"lazy\" decoding=\"async\" width=\"131\" height=\"92\" src=\"https:\/\/natureplast.eu\/wp-content\/uploads\/2024\/11\/Rectangle-1608-1.png\" alt=\"C&#xE1;mara de Agricultura de Normand&#xED;a\" class=\"wp-image-856\"\/><\/figure>\n<\/div>\n<\/div>\n<\/div>\n<\/div>\n\n<figure class=\"wp-block-image size-large is-style-default\"><img decoding=\"async\" src=\"https:\/\/natureplast.eu\/wp-content\/uploads\/2025\/04\/historiques-2-5-1024x307.png\" alt=\"\" class=\"wp-image-6309\"\/><\/figure>\n\n<div class=\"wp-block-columns are-vertically-aligned-top ligne-icons is-layout-flex wp-container-core-columns-is-layout-28232c24 wp-block-columns-is-layout-flex\">\n<div class=\"wp-block-column is-vertically-aligned-top is-layout-flow wp-block-column-is-layout-flow\"><\/div>\n\n\n\n<div class=\"wp-block-column is-vertically-aligned-top is-layout-flow wp-block-column-is-layout-flow\">\n<figure class=\"wp-block-image size-large\"><img loading=\"lazy\" decoding=\"async\" width=\"74\" height=\"74\" src=\"https:\/\/natureplast.eu\/wp-content\/uploads\/2025\/04\/Group-66.svg\" alt=\"\" class=\"wp-image-9034\"\/><\/figure>\n\n\n\n<p><strong>2 000<\/strong><\/p>\n\n\n\n<p>N\u00famero de clientes atendidos desde nuestra creaci\u00f3n<\/p>\n<\/div>\n\n\n\n<div class=\"wp-block-column is-vertically-aligned-top is-layout-flow wp-block-column-is-layout-flow\">\n<figure class=\"wp-block-image size-full\"><img loading=\"lazy\" decoding=\"async\" width=\"74\" height=\"74\" src=\"https:\/\/natureplast.eu\/wp-content\/uploads\/2024\/11\/Group-127.png\" alt=\"\" class=\"wp-image-520\"\/><\/figure>\n\n\n\n<p><strong>500T \/ a\u00f1o<\/strong><\/p>\n\n\n\n<p>Tonelaje anual de materiales comercializados<\/p>\n<\/div>\n\n\n\n<div class=\"wp-block-column is-vertically-aligned-top is-layout-flow wp-block-column-is-layout-flow\">\n<figure class=\"wp-block-image size-full\"><img loading=\"lazy\" decoding=\"async\" width=\"74\" height=\"74\" src=\"https:\/\/natureplast.eu\/wp-content\/uploads\/2024\/11\/Group-66.png\" alt=\"\" class=\"wp-image-510\"\/><\/figure>\n\n\n\n<p><strong>15 empleados<\/strong><\/p>\n\n\n\n<p>50% perfil ingeniero y m\u00e9dico<\/p>\n<\/div>\n\n\n\n<div class=\"wp-block-column is-vertically-aligned-top is-layout-flow wp-block-column-is-layout-flow\">\n<figure class=\"wp-block-image size-full\"><img loading=\"lazy\" decoding=\"async\" width=\"74\" height=\"74\" src=\"https:\/\/natureplast.eu\/wp-content\/uploads\/2024\/11\/Group-64.png\" alt=\"\" class=\"wp-image-525\" style=\"object-fit:cover\"\/><\/figure>\n\n\n\n<p><strong>3000<\/strong><\/p>\n\n\n\n<p>N\u00famero de f\u00f3rmulas desarrolladas desde nuestra creaci\u00f3n<\/p>\n<\/div>\n\n\n\n<div class=\"wp-block-column is-vertically-aligned-center is-layout-flow wp-block-column-is-layout-flow\">\n<figure class=\"wp-block-image size-large\"><img loading=\"lazy\" decoding=\"async\" width=\"74\" height=\"74\" src=\"https:\/\/natureplast.eu\/wp-content\/uploads\/2025\/04\/Group-128.svg\" alt=\"\" class=\"wp-image-9039\"\/><\/figure>\n\n\n\n<p><strong>25% de las ventas<\/strong><\/p>\n\n\n\n<p>Cuota de inversi\u00f3n en I+D<br\/><br\/><br\/><br\/><\/p>\n<\/div>\n<\/div>\n\r\n<div class=\"references-home container\">\r\n    <div class=\"row text-center\">\r\n        <h2 class=\"reveal-from-top\"><p>Nuestras <em>referencias<\/em><\/p>\n<\/h2>\r\n    <\/div>\r\n            <div class=\"slider-references\">\r\n                            <div class=\"item-references\">\r\n                    <img loading=\"lazy\" decoding=\"async\" width=\"300\" height=\"65\" src=\"https:\/\/natureplast.eu\/wp-content\/uploads\/2024\/11\/swatch-logo.svg\" class=\"attachment-medium size-medium\" alt=\"Swatch\" \/>                <\/div>\r\n                            <div class=\"item-references\">\r\n                    <img loading=\"lazy\" decoding=\"async\" width=\"250\" height=\"180\" src=\"https:\/\/natureplast.eu\/wp-content\/uploads\/2024\/11\/logo-lvmh-2x.png\" class=\"attachment-medium size-medium\" alt=\"LVMH\" \/>                <\/div>\r\n                            <div class=\"item-references\">\r\n                    <img loading=\"lazy\" decoding=\"async\" width=\"300\" height=\"54\" src=\"https:\/\/natureplast.eu\/wp-content\/uploads\/2024\/11\/LOreal_logo.svg-300x54.png\" class=\"attachment-medium size-medium\" alt=\"L&#039;Or\u00e9al\" srcset=\"https:\/\/natureplast.eu\/wp-content\/uploads\/2024\/11\/LOreal_logo.svg-300x54.png 300w, https:\/\/natureplast.eu\/wp-content\/uploads\/2024\/11\/LOreal_logo.svg-1024x186.png 1024w, https:\/\/natureplast.eu\/wp-content\/uploads\/2024\/11\/LOreal_logo.svg-768x139.png 768w, https:\/\/natureplast.eu\/wp-content\/uploads\/2024\/11\/LOreal_logo.svg-800x145.png 800w, https:\/\/natureplast.eu\/wp-content\/uploads\/2024\/11\/LOreal_logo.svg.png 1280w\" sizes=\"auto, (max-width: 300px) 100vw, 300px\" \/>                <\/div>\r\n                            <div class=\"item-references\">\r\n                    <img loading=\"lazy\" decoding=\"async\" width=\"300\" height=\"81\" src=\"https:\/\/natureplast.eu\/wp-content\/uploads\/2024\/11\/Decathlon-Logo-300x81.png\" class=\"attachment-medium size-medium\" alt=\"Decathlon\" srcset=\"https:\/\/natureplast.eu\/wp-content\/uploads\/2024\/11\/Decathlon-Logo-300x81.png 300w, https:\/\/natureplast.eu\/wp-content\/uploads\/2024\/11\/Decathlon-Logo-1024x277.png 1024w, https:\/\/natureplast.eu\/wp-content\/uploads\/2024\/11\/Decathlon-Logo-768x208.png 768w, https:\/\/natureplast.eu\/wp-content\/uploads\/2024\/11\/Decathlon-Logo-1536x416.png 1536w, https:\/\/natureplast.eu\/wp-content\/uploads\/2024\/11\/Decathlon-Logo-2048x555.png 2048w, https:\/\/natureplast.eu\/wp-content\/uploads\/2024\/11\/Decathlon-Logo-800x217.png 800w\" sizes=\"auto, (max-width: 300px) 100vw, 300px\" \/>                <\/div>\r\n                            <div class=\"item-references\">\r\n                    <img loading=\"lazy\" decoding=\"async\" width=\"300\" height=\"100\" src=\"https:\/\/natureplast.eu\/wp-content\/uploads\/2024\/11\/Kering_logo.svg-300x100.png\" class=\"attachment-medium size-medium\" alt=\"Kering\" srcset=\"https:\/\/natureplast.eu\/wp-content\/uploads\/2024\/11\/Kering_logo.svg-300x100.png 300w, https:\/\/natureplast.eu\/wp-content\/uploads\/2024\/11\/Kering_logo.svg.png 500w\" sizes=\"auto, (max-width: 300px) 100vw, 300px\" \/>                <\/div>\r\n                            <div class=\"item-references\">\r\n                    <img loading=\"lazy\" decoding=\"async\" width=\"300\" height=\"169\" src=\"https:\/\/natureplast.eu\/wp-content\/uploads\/2024\/11\/Hermes-Logo-300x169.png\" class=\"attachment-medium size-medium\" alt=\"Herm\u00e8s\" srcset=\"https:\/\/natureplast.eu\/wp-content\/uploads\/2024\/11\/Hermes-Logo-300x169.png 300w, https:\/\/natureplast.eu\/wp-content\/uploads\/2024\/11\/Hermes-Logo-1024x576.png 1024w, https:\/\/natureplast.eu\/wp-content\/uploads\/2024\/11\/Hermes-Logo-768x432.png 768w, https:\/\/natureplast.eu\/wp-content\/uploads\/2024\/11\/Hermes-Logo-1536x864.png 1536w, https:\/\/natureplast.eu\/wp-content\/uploads\/2024\/11\/Hermes-Logo-2048x1152.png 2048w, https:\/\/natureplast.eu\/wp-content\/uploads\/2024\/11\/Hermes-Logo-800x450.png 800w\" sizes=\"auto, (max-width: 300px) 100vw, 300px\" \/>                <\/div>\r\n                    <\/div>\r\n    <\/div>\n\n<figure class=\"wp-block-gallery has-nested-images columns-default is-cropped wp-block-gallery-2 is-layout-flex wp-block-gallery-is-layout-flex\"><\/figure>\n","protected":false},"excerpt":{"rendered":"<p>NUESTROS VALORES | NUESTRO EQUIPO | NUESTROS SOCIOS | NUESTRAS ACCIONES Nuestras misiones Nuestros valores El medio ambiente No es ning\u00fan secreto que nuestro medio ambiente es fr\u00e1gil y que depende de nosotros cuidarlo. En NaturePlast, todos somos conscientes de esta realidad, y de la responsabilidad que nos incumbe: debemos actuar hoy, para poder vivir [&hellip;]<\/p>\n","protected":false},"author":1,"featured_media":0,"parent":0,"menu_order":0,"comment_status":"closed","ping_status":"closed","template":"","meta":{"_acf_changed":false,"footnotes":""},"class_list":["post-6807","page","type-page","status-publish","hentry"],"acf":[],"_links":{"self":[{"href":"https:\/\/natureplast.eu\/es\/wp-json\/wp\/v2\/pages\/6807","targetHints":{"allow":["GET"]}}],"collection":[{"href":"https:\/\/natureplast.eu\/es\/wp-json\/wp\/v2\/pages"}],"about":[{"href":"https:\/\/natureplast.eu\/es\/wp-json\/wp\/v2\/types\/page"}],"author":[{"embeddable":true,"href":"https:\/\/natureplast.eu\/es\/wp-json\/wp\/v2\/users\/1"}],"replies":[{"embeddable":true,"href":"https:\/\/natureplast.eu\/es\/wp-json\/wp\/v2\/comments?post=6807"}],"version-history":[{"count":17,"href":"https:\/\/natureplast.eu\/es\/wp-json\/wp\/v2\/pages\/6807\/revisions"}],"predecessor-version":[{"id":10440,"href":"https:\/\/natureplast.eu\/es\/wp-json\/wp\/v2\/pages\/6807\/revisions\/10440"}],"wp:attachment":[{"href":"https:\/\/natureplast.eu\/es\/wp-json\/wp\/v2\/media?parent=6807"}],"curies":[{"name":"wp","href":"https:\/\/api.w.org\/{rel}","templated":true}]}}