{"id":6828,"date":"2024-11-06T14:02:11","date_gmt":"2024-11-06T13:02:11","guid":{"rendered":"https:\/\/sc2leje1101.universe.wf\/beneficios\/"},"modified":"2025-05-05T08:45:45","modified_gmt":"2025-05-05T06:45:45","slug":"beneficios","status":"publish","type":"page","link":"https:\/\/natureplast.eu\/es\/bioplasticos\/beneficios\/","title":{"rendered":"Beneficios"},"content":{"rendered":"\n<div class=\"wp-block-columns line-activites-composition is-layout-flex wp-container-core-columns-is-layout-28f84493 wp-block-columns-is-layout-flex\">\n<div class=\"wp-block-column item-activite is-layout-flow wp-block-column-is-layout-flow\">\n<figure class=\"wp-block-image size-full\"><a href=\"https:\/\/natureplast.eu\/es\/bioplasticos\/beneficios\/beneficios-medioambientales-de-los-bioplasticos\/\"><img loading=\"lazy\" decoding=\"async\" width=\"2000\" height=\"1334\" src=\"https:\/\/natureplast.eu\/wp-content\/uploads\/2025\/01\/avantage-environnementales.jpg\" alt=\"\" class=\"wp-image-3778\" srcset=\"https:\/\/natureplast.eu\/wp-content\/uploads\/2025\/01\/avantage-environnementales.jpg 2000w, https:\/\/natureplast.eu\/wp-content\/uploads\/2025\/01\/avantage-environnementales-300x200.jpg 300w, https:\/\/natureplast.eu\/wp-content\/uploads\/2025\/01\/avantage-environnementales-1024x683.jpg 1024w, https:\/\/natureplast.eu\/wp-content\/uploads\/2025\/01\/avantage-environnementales-768x512.jpg 768w, https:\/\/natureplast.eu\/wp-content\/uploads\/2025\/01\/avantage-environnementales-1536x1025.jpg 1536w, https:\/\/natureplast.eu\/wp-content\/uploads\/2025\/01\/avantage-environnementales-800x534.jpg 800w\" sizes=\"auto, (max-width: 2000px) 100vw, 2000px\" \/><\/a><\/figure>\n\n\n\n<h3 class=\"wp-block-heading has-color-2-color has-text-color has-link-color wp-elements-29afa41f174c7eb4fe33fe552256e708\"><a href=\"https:\/\/natureplast.eu\/es\/bioplasticos\/beneficios\/beneficios-medioambientales-de-los-bioplasticos\/\" data-type=\"page\" data-id=\"134\">Beneficios medioambientales de los biopl\u00e1sticos<\/a><\/h3>\n\n\n\n<div class=\"wp-block-group overlay\"><div class=\"wp-block-group__inner-container is-layout-constrained wp-block-group-is-layout-constrained\">\n<p><strong>La principal ventaja de utilizar biopl\u00e1sticos es su capacidad para mejorar el impacto medioambiental de un producto.<\/strong><br\/> <\/p>\n<\/div><\/div>\n<\/div>\n\n\n\n<div class=\"wp-block-column item-activite is-layout-flow wp-block-column-is-layout-flow\">\n<figure class=\"wp-block-image size-full\"><a href=\"https:\/\/natureplast.eu\/es\/bioplasticos\/beneficios\/ventajas-tecnicas-de-los-bioplasticos\/\"><img loading=\"lazy\" decoding=\"async\" width=\"1920\" height=\"1280\" src=\"https:\/\/natureplast.eu\/wp-content\/uploads\/2025\/02\/Photos-site-web-38.png\" alt=\"lona acolchada biopl&#xE1;stica\" class=\"wp-image-5624\" srcset=\"https:\/\/natureplast.eu\/wp-content\/uploads\/2025\/02\/Photos-site-web-38.png 1920w, https:\/\/natureplast.eu\/wp-content\/uploads\/2025\/02\/Photos-site-web-38-300x200.png 300w, https:\/\/natureplast.eu\/wp-content\/uploads\/2025\/02\/Photos-site-web-38-1024x683.png 1024w, https:\/\/natureplast.eu\/wp-content\/uploads\/2025\/02\/Photos-site-web-38-768x512.png 768w, https:\/\/natureplast.eu\/wp-content\/uploads\/2025\/02\/Photos-site-web-38-1536x1024.png 1536w, https:\/\/natureplast.eu\/wp-content\/uploads\/2025\/02\/Photos-site-web-38-800x533.png 800w\" sizes=\"auto, (max-width: 1920px) 100vw, 1920px\" \/><\/a><\/figure>\n\n\n\n<h3 class=\"wp-block-heading has-color-2-color has-text-color has-link-color wp-elements-6c793c84fffb03201c3323e57439645c\"><a href=\"https:\/\/natureplast.eu\/es\/bioplasticos\/beneficios\/ventajas-tecnicas-de-los-bioplasticos\/\" data-type=\"page\" data-id=\"138\">ventajas t\u00e9cnicas de los biopl\u00e1sticos<\/a><\/h3>\n\n\n\n<div class=\"wp-block-group overlay\"><div class=\"wp-block-group__inner-container is-layout-constrained wp-block-group-is-layout-constrained\">\n<p><strong>Los materiales biopl\u00e1sticos pueden aportar nuevas funcionalidades, como la biodegradaci\u00f3n.<\/strong><\/p>\n<\/div><\/div>\n<\/div>\n\n\n\n<div class=\"wp-block-column item-activite is-layout-flow wp-block-column-is-layout-flow\">\n<figure class=\"wp-block-image size-full\"><img loading=\"lazy\" decoding=\"async\" width=\"1000\" height=\"667\" src=\"https:\/\/natureplast.eu\/wp-content\/uploads\/2025\/03\/shutterstock_2320605671.jpg\" alt=\"Ventajas de los biopl&#xE1;sticos para el marketing y la comunicaci&#xF3;n\" class=\"wp-image-6642\" srcset=\"https:\/\/natureplast.eu\/wp-content\/uploads\/2025\/03\/shutterstock_2320605671.jpg 1000w, https:\/\/natureplast.eu\/wp-content\/uploads\/2025\/03\/shutterstock_2320605671-300x200.jpg 300w, https:\/\/natureplast.eu\/wp-content\/uploads\/2025\/03\/shutterstock_2320605671-768x512.jpg 768w, https:\/\/natureplast.eu\/wp-content\/uploads\/2025\/03\/shutterstock_2320605671-800x534.jpg 800w\" sizes=\"auto, (max-width: 1000px) 100vw, 1000px\" \/><\/figure>\n\n\n\n<h3 class=\"wp-block-heading has-color-2-color has-text-color has-link-color wp-elements-4efea20e45b7c6197ff4a51e482d1353\"><a href=\"https:\/\/natureplast.eu\/es\/bioplasticos\/beneficios\/beneficios-en-marketing-y-comunicacion\/\" data-type=\"page\" data-id=\"136\">ventajas de los biopl\u00e1sticos para el marketing y la comunicaci\u00f3n<\/a><\/h3>\n\n\n\n<div class=\"wp-block-group overlay\"><div class=\"wp-block-group__inner-container is-layout-constrained wp-block-group-is-layout-constrained\">\n<p><strong>Los biopl\u00e1sticos tambi\u00e9n tienen beneficios socioecon\u00f3micos, y a menudo repercuten positivamente en los consumidores, cada vez m\u00e1s sensibles a las cuestiones medioambientales.<\/strong><br\/> <\/p>\n<\/div><\/div>\n<\/div>\n<\/div>\n\n<p><\/p>\n","protected":false},"excerpt":{"rendered":"<p>Beneficios medioambientales de los biopl\u00e1sticos La principal ventaja de utilizar biopl\u00e1sticos es su capacidad para mejorar el impacto medioambiental de un producto. ventajas t\u00e9cnicas de los biopl\u00e1sticos Los materiales biopl\u00e1sticos pueden aportar nuevas funcionalidades, como la biodegradaci\u00f3n. ventajas de los biopl\u00e1sticos para el marketing y la comunicaci\u00f3n Los biopl\u00e1sticos tambi\u00e9n tienen beneficios socioecon\u00f3micos, y a [&hellip;]<\/p>\n","protected":false},"author":1,"featured_media":0,"parent":6939,"menu_order":0,"comment_status":"closed","ping_status":"closed","template":"","meta":{"_acf_changed":false,"footnotes":""},"class_list":["post-6828","page","type-page","status-publish","hentry"],"acf":[],"_links":{"self":[{"href":"https:\/\/natureplast.eu\/es\/wp-json\/wp\/v2\/pages\/6828","targetHints":{"allow":["GET"]}}],"collection":[{"href":"https:\/\/natureplast.eu\/es\/wp-json\/wp\/v2\/pages"}],"about":[{"href":"https:\/\/natureplast.eu\/es\/wp-json\/wp\/v2\/types\/page"}],"author":[{"embeddable":true,"href":"https:\/\/natureplast.eu\/es\/wp-json\/wp\/v2\/users\/1"}],"replies":[{"embeddable":true,"href":"https:\/\/natureplast.eu\/es\/wp-json\/wp\/v2\/comments?post=6828"}],"version-history":[{"count":3,"href":"https:\/\/natureplast.eu\/es\/wp-json\/wp\/v2\/pages\/6828\/revisions"}],"predecessor-version":[{"id":9455,"href":"https:\/\/natureplast.eu\/es\/wp-json\/wp\/v2\/pages\/6828\/revisions\/9455"}],"up":[{"embeddable":true,"href":"https:\/\/natureplast.eu\/es\/wp-json\/wp\/v2\/pages\/6939"}],"wp:attachment":[{"href":"https:\/\/natureplast.eu\/es\/wp-json\/wp\/v2\/media?parent=6828"}],"curies":[{"name":"wp","href":"https:\/\/api.w.org\/{rel}","templated":true}]}}