{"id":6850,"date":"2024-11-06T14:03:18","date_gmt":"2024-11-06T13:03:18","guid":{"rendered":"https:\/\/sc2leje1101.universe.wf\/beneficios\/ventajas-tecnicas-de-los-bioplasticos\/"},"modified":"2025-05-05T14:14:50","modified_gmt":"2025-05-05T12:14:50","slug":"ventajas-tecnicas-de-los-bioplasticos","status":"publish","type":"page","link":"https:\/\/natureplast.eu\/es\/bioplasticos\/beneficios\/ventajas-tecnicas-de-los-bioplasticos\/","title":{"rendered":"Ventajas t\u00e9cnicas de los biopl\u00e1sticos"},"content":{"rendered":"\n<div class=\"wp-block-columns composition-diaporama-single-produit is-layout-flex wp-container-core-columns-is-layout-28f84493 wp-block-columns-is-layout-flex\">\n<div class=\"wp-block-column is-layout-flow wp-block-column-is-layout-flow\">\n<p>El campo de los biopl\u00e1sticos abarca <strong>una gran variedad de materiales<\/strong>, la mayor\u00eda de los cuales son relativamente <strong>nuevos en<\/strong> <strong>la industria<\/strong>. Por tanto, es l\u00f3gico que estos materiales no se beneficien de todos los <strong>avances tecnol\u00f3gicos<\/strong> y <strong>optimizaciones<\/strong> que se han aplicado a los pol\u00edmeros derivados del petr\u00f3leo con una trayectoria m\u00e1s larga. <\/p>\n\n\n\n<p>Por tanto, hay lagunas que cubrir en algunos materiales, que requieren adaptaciones en cuanto a<strong> su procesamiento<\/strong> o <strong>propiedades de uso<\/strong>. Otros tienen exactamente las mismas capacidades, o incluso superan las de los materiales derivados del petr\u00f3leo, como <strong>la Poliamida-11<\/strong>. Hay varios tipos de ventajas t\u00e9cnicas que se pueden obtener con el uso de biopl\u00e1sticos:  <\/p>\n\n\n\n<ul class=\"wp-block-list\">\n<li><strong>Nuevas funciones<\/strong><\/li>\n<\/ul>\n\n\n\n<ul class=\"wp-block-list\">\n<li><strong>Propiedades intr\u00ednsecas<\/strong><\/li>\n<\/ul>\n\n\n\n<ul class=\"wp-block-list\">\n<li><strong>Biodegradabilidad<\/strong><\/li>\n<\/ul>\n<\/div>\n\n\n\n<div class=\"wp-block-column is-layout-flow wp-block-column-is-layout-flow\">\n<p><\/p>\n\n\n\n<figure class=\"wp-block-image size-full custom-gallery\"><img loading=\"lazy\" decoding=\"async\" width=\"1024\" height=\"576\" src=\"https:\/\/natureplast.eu\/wp-content\/uploads\/2025\/02\/application-horticulture-edited.jpg\" alt=\"Aplicaci&#xF3;n horticultura\" class=\"wp-image-5731\" srcset=\"https:\/\/natureplast.eu\/wp-content\/uploads\/2025\/02\/application-horticulture-edited.jpg 1024w, https:\/\/natureplast.eu\/wp-content\/uploads\/2025\/02\/application-horticulture-edited-300x169.jpg 300w, https:\/\/natureplast.eu\/wp-content\/uploads\/2025\/02\/application-horticulture-edited-768x432.jpg 768w, https:\/\/natureplast.eu\/wp-content\/uploads\/2025\/02\/application-horticulture-edited-800x450.jpg 800w\" sizes=\"auto, (max-width: 1024px) 100vw, 1024px\" \/><\/figure>\n<\/div>\n<\/div>\n\n<div id=\"valeurs\" class=\"wp-block-group bloc-valeurs has-background\" style=\"border-radius:40px;background-color:#ffffff\"><div class=\"wp-block-group__inner-container is-layout-constrained wp-block-group-is-layout-constrained\">\n<div class=\"wp-block-columns are-vertically-aligned-top is-layout-flex wp-container-core-columns-is-layout-12a0b04b wp-block-columns-is-layout-flex\" style=\"padding-top:var(--wp--preset--spacing--40)\">\n<div class=\"wp-block-column is-vertically-aligned-top is-layout-flow wp-block-column-is-layout-flow\">\n<h3 class=\"wp-block-heading\"><mark style=\"background-color:rgba(0, 0, 0, 0);color:#000000\" class=\"has-inline-color\">propiedades intr\u00ednsecas<\/mark><\/h3>\n\n\n\n<p>El furanoato de polietileno (PEF) es un ejemplo concreto de las ventajas t\u00e9cnicas que se pueden conseguir utilizando un biopl\u00e1stico. Se trata de un nuevo pol\u00edmero en desarrollo que competir\u00e1 con el PET con las siguientes caracter\u00edsticas: <\/p>\n\n\n\n<ul class=\"wp-block-list\">\n<li><strong>100% biobasado <\/strong>y siempre <strong>transparente <\/strong>y <strong>reciclable <\/strong>: uso y fin de vida id\u00e9nticos al PET.<\/li>\n<\/ul>\n\n\n\n<ul class=\"wp-block-list\">\n<li><strong>10 veces <\/strong>mejor <strong>barrera al<\/strong> ox\u00edgeno y <strong>2 veces <\/strong>mejor <strong>barrera <\/strong>al di\u00f3xido de carbono y al vapor de agua: esto significa, por ejemplo, una reducci\u00f3n del grosor de las paredes de los envases (botellas de refrescos).<\/li>\n<\/ul>\n\n\n\n<ul class=\"wp-block-list\">\n<li>La <strong>temperatura de transici\u00f3n v\u00edtrea<\/strong> (Tg) es 12 \u00b0C m\u00e1s alta, lo que significa que puede rellenarse en caliente, lo que es imposible con el PET amorfo est\u00e1ndar.<\/li>\n<\/ul>\n\n\n\n<ul class=\"wp-block-list\">\n<li>La <strong>temperatura de fusi\u00f3n<\/strong> es 30\u00b0C m\u00e1s baja, lo que ahorra energ\u00eda durante el procesado.<\/li>\n<\/ul>\n\n\n\n<h3 class=\"wp-block-heading\"><mark style=\"background-color:rgba(0, 0, 0, 0);color:#000000\" class=\"has-inline-color\">biodegradabilidad<\/mark><\/h3>\n\n\n\n<p>Esta propiedad permite aportar nuevas funcionalidades apreciadas por los fabricantes. En efecto, puede ser interesante fabricar un producto con una vida \u00fatil determinada, que luego pueda <strong>biodegradarse<\/strong> en su <strong>entorno de uso<\/strong> de forma <strong>respetuosa con el medio ambiente.<\/strong> El principal ejemplo de esto en la industria del pl\u00e1stico actual es <strong>la pel\u00edcula de acolchado agr\u00edcola<\/strong>: su funci\u00f3n principal es regular la temperatura del suelo manteniendo un nivel relativo de humedad, lo que permite que la vegetaci\u00f3n crezca con mayor eficacia. Ahora es posible fabricar estas l\u00e1minas de acolchado utilizando <strong>pol\u00edmeros biodegradables<\/strong>. La ventaja es doble:   <\/p>\n\n\n\n<ul class=\"wp-block-list\">\n<li>El cultivador puede dejar fragmentos de la pel\u00edcula en el suelo una vez utilizada para que termine de biodegradarse, evitando as\u00ed la <strong>tarea de recoger<\/strong> y <strong>procesar <\/strong>la pel\u00edcula que no es biodegradable.<\/li>\n<\/ul>\n\n\n\n<ul class=\"wp-block-list\">\n<li><strong>Suelo enriquecido<\/strong> con materia org\u00e1nica y nutrientes mediante la biodegradaci\u00f3n del mantillo.<\/li>\n<\/ul>\n\n\n\n<p>Otros ejemplos son los clips para la vid, los enlaces para la horticultura (tomates, etc.), la caza (cartuchos, etc.) o los fuegos artificiales (v\u00e9ase el proyecto <a href=\"\/projets_collaboratif\/projet-matadore\/\" target=\"_blank\" rel=\"noreferrer noopener\">MATADORE<\/a>).  <\/p>\n<\/div>\n\n\n\n<div class=\"wp-block-column is-vertically-aligned-top is-layout-flow wp-block-column-is-layout-flow\">\n<h3 class=\"wp-block-heading\"><mark style=\"background-color:rgba(0, 0, 0, 0);color:#000000\" class=\"has-inline-color\">nuevas funciones<\/mark><\/h3>\n\n\n\n<p>Esta propiedad<strong> de biodegradabilidad<\/strong> tambi\u00e9n puede utilizarse para conferir nuevas funcionalidades al producto. As\u00ed, es posible incorporar <strong>aditivos de inter\u00e9s <\/strong>que puedan liberarse durante el uso o al final de la vida \u00fatil del producto. La biodegradaci\u00f3n se convierte as\u00ed en una <strong>ventaja t\u00e9cnica para el uso<\/strong> y no para el final de la vida \u00fatil. Se pueden obtener las siguientes funcionalidades no exhaustivas:   <\/p>\n\n\n\n<ul class=\"wp-block-list\">\n<li>Descontaminaci\u00f3n (agua, suelo, etc.)<\/li>\n<\/ul>\n\n\n\n<ul class=\"wp-block-list\">\n<li>Atracci\u00f3n (plagas, insectos, etc.)<\/li>\n<\/ul>\n\n\n\n<ul class=\"wp-block-list\">\n<li>Repulsi\u00f3n (plagas, insectos, etc.)<\/li>\n<\/ul>\n\n\n\n<ul class=\"wp-block-list\">\n<li>Nutrici\u00f3n (plantas, etc.)<\/li>\n<\/ul>\n<\/div>\n<\/div>\n<\/div><\/div>\n","protected":false},"excerpt":{"rendered":"<p>El campo de los biopl\u00e1sticos abarca una gran variedad de materiales, la mayor\u00eda de los cuales son relativamente nuevos en la industria. Por tanto, es l\u00f3gico que estos materiales no se beneficien de todos los avances tecnol\u00f3gicos y optimizaciones que se han aplicado a los pol\u00edmeros derivados del petr\u00f3leo con una trayectoria m\u00e1s larga. Por [&hellip;]<\/p>\n","protected":false},"author":1,"featured_media":0,"parent":6828,"menu_order":0,"comment_status":"closed","ping_status":"closed","template":"","meta":{"_acf_changed":false,"footnotes":""},"class_list":["post-6850","page","type-page","status-publish","hentry"],"acf":[],"_links":{"self":[{"href":"https:\/\/natureplast.eu\/es\/wp-json\/wp\/v2\/pages\/6850","targetHints":{"allow":["GET"]}}],"collection":[{"href":"https:\/\/natureplast.eu\/es\/wp-json\/wp\/v2\/pages"}],"about":[{"href":"https:\/\/natureplast.eu\/es\/wp-json\/wp\/v2\/types\/page"}],"author":[{"embeddable":true,"href":"https:\/\/natureplast.eu\/es\/wp-json\/wp\/v2\/users\/1"}],"replies":[{"embeddable":true,"href":"https:\/\/natureplast.eu\/es\/wp-json\/wp\/v2\/comments?post=6850"}],"version-history":[{"count":3,"href":"https:\/\/natureplast.eu\/es\/wp-json\/wp\/v2\/pages\/6850\/revisions"}],"predecessor-version":[{"id":9510,"href":"https:\/\/natureplast.eu\/es\/wp-json\/wp\/v2\/pages\/6850\/revisions\/9510"}],"up":[{"embeddable":true,"href":"https:\/\/natureplast.eu\/es\/wp-json\/wp\/v2\/pages\/6828"}],"wp:attachment":[{"href":"https:\/\/natureplast.eu\/es\/wp-json\/wp\/v2\/media?parent=6850"}],"curies":[{"name":"wp","href":"https:\/\/api.w.org\/{rel}","templated":true}]}}