{"id":6867,"date":"2024-11-06T12:09:00","date_gmt":"2024-11-06T11:09:00","guid":{"rendered":"https:\/\/sc2leje1101.universe.wf\/politica-de-privacidad\/"},"modified":"2025-03-26T16:43:55","modified_gmt":"2025-03-26T15:43:55","slug":"politica-de-privacidad","status":"publish","type":"page","link":"https:\/\/natureplast.eu\/es\/politica-de-privacidad\/","title":{"rendered":"Pol\u00edtica de privacidad"},"content":{"rendered":"\n<p>v 1.2 &#8211; 06\/11\/2024<\/p>\n\n<p>La presente pol\u00edtica de confidencialidad define y te informa de la forma en que Natureplast utiliza y protege la informaci\u00f3n que nos transmites, en su caso, cuando utilizas este sitio accesible desde la siguiente URL: <a href=\"https:\/\/natureplast.eu\/es\/\">Natureplast<\/a> (en adelante, el \u00abSitio\u00bb).<\/p>\n\n<p>Ten en cuenta que esta pol\u00edtica de privacidad puede ser modificada o complementada en cualquier momento por Natureplast, en particular para cumplir con cualquier evoluci\u00f3n legislativa, reglamentaria, jurisprudencial o tecnol\u00f3gica. En tal caso, la fecha de la actualizaci\u00f3n se identificar\u00e1 claramente en la parte superior de esta pol\u00edtica. Estos cambios son vinculantes para el Usuario desde el momento en que se ponen en l\u00ednea. Por lo tanto, es aconsejable que el Usuario consulte esta pol\u00edtica de confidencialidad con regularidad para estar al tanto de cualquier cambio.   <\/p>\n\n<p>En Europa, los datos personales est\u00e1n protegidos por el Reglamento General de Protecci\u00f3n de Datos (RGPD). Natureplast se compromete a cumplir este reglamento y a hacer todo lo posible para garantizar que sus servicios en l\u00ednea sean entornos seguros y \u00fatiles para sus visitantes y clientes. Natureplast se compromete a proteger tu informaci\u00f3n personal cuando utilices los servicios de Natureplast. Hacemos todo lo posible para garantizar que nuestros servicios sean entornos seguros y \u00fatiles para nuestros visitantes y clientes.   <\/p>\n\n<p>De acuerdo con el RGPD, tienes derecho a acceder, rectificar y oponerte a los datos personales que te conciernan, enviando una solicitud escrita y firmada, acompa\u00f1ada de una copia del documento de identidad con la firma del titular del documento, especificando la direcci\u00f3n a la que debe enviarse la respuesta.<\/p>\n\n<p>Ninguna informaci\u00f3n personal del usuario del sitio <a href=\"https:\/\/natureplast.eu\/es\/\">Natureplast<\/a> es publicada sin el conocimiento del usuario, intercambiada, transferida, cedida o vendida en ning\u00fan soporte a terceros. S\u00f3lo la hip\u00f3tesis de la recompra de Natureplast y de sus derechos permitir\u00eda la transmisi\u00f3n de las informaciones antes mencionadas al posible comprador que estar\u00eda a su vez sujeto a la misma obligaci\u00f3n de conservaci\u00f3n y modificaci\u00f3n de los datos con respecto al usuario del sitio <a href=\"https:\/\/natureplast.eu\/es\/\">Natureplast<\/a>. <\/p>\n\n<h2 class=\"wp-block-heading has-text-align-left\">1. Recogida de datos personales<\/h2>\n\n<p>Cuando se utiliza el sitio <a href=\"https:\/\/natureplast.eu\/es\/\">Natureplast<\/a>, el software del servidor recoge autom\u00e1ticamente la siguiente informaci\u00f3n: la URL de los enlaces a trav\u00e9s de los cuales el usuario ha accedido al sitio <a href=\"https:\/\/natureplast.eu\/es\/\">Natureplast<\/a>, el software de navegaci\u00f3n y el sistema operativo, as\u00ed como su versi\u00f3n utilizada para consultar el sitio <a href=\"https:\/\/natureplast.eu\/es\/\">Natureplast<\/a>, la direcci\u00f3n del protocolo de Internet (IP) del terminal utilizado (eventualmente en forma de nombre de host), la fecha y la hora de la visita, la p\u00e1gina consultada. Estos datos se utilizan con fines estad\u00edsticos y se conservan durante un a\u00f1o. <\/p>\n\n<p>El sitio web <a href=\"https:\/\/natureplast.eu\/es\/\">de Natureplast<\/a> utiliza soluciones ofrecidas por terceros editores, incluidos, entre otros, Google Analytics, Google Map y Youtube. Estos editores tienen sus propias pol\u00edticas de confidencialidad que te invitamos a consultar. En cualquier caso, los editores en cuesti\u00f3n se han comprometido a cumplir el RGPD.  <\/p>\n\n<p>En general, es posible visitar el sitio <a href=\"https:\/\/natureplast.eu\/es\/\">Natureplast<\/a> sin tener que introducir informaci\u00f3n personal. En cualquier caso, no est\u00e1s obligado en modo alguno a proporcionar dicha informaci\u00f3n a Natureplast para consultar el sitio <a href=\"https:\/\/natureplast.eu\/es\/\">Natureplast<\/a>. <\/p>\n\n<p>No obstante, la utilizaci\u00f3n de determinados servicios ofrecidos por el sitio web <a href=\"https:\/\/natureplast.eu\/es\/\">de Natureplast<\/a> requiere la recogida de datos personales. Los usuarios facilitan esta informaci\u00f3n con pleno conocimiento de causa cuando ellos mismos la introducen. A continuaci\u00f3n, se informa a los usuarios del sitio <a href=\"https:\/\/natureplast.eu\/es\/\">Natureplast<\/a> de la necesidad o no de facilitar esta informaci\u00f3n (campos obligatorios).  <\/p>\n\n<h2 class=\"wp-block-heading\">2. Cookies.<\/h2>\n\n<p>La navegaci\u00f3n en el sitio <a href=\"https:\/\/natureplast.eu\/es\/\">Natureplast<\/a> conlleva la instalaci\u00f3n de cookie(s) en el ordenador del usuario. Una cookie es un peque\u00f1o archivo que permite identificar el navegador del usuario y, por tanto, registrar informaci\u00f3n relativa a la navegaci\u00f3n del visitante en el sitio <a href=\"https:\/\/natureplast.eu\/es\/\">Natureplast<\/a>. Los datos obtenidos de este modo se destinan a mejorar la navegaci\u00f3n en el sitio, y tambi\u00e9n se utilizan para diversas mediciones de tr\u00e1fico.  <\/p>\n\n<p>Ciertos servicios de terceros utilizados por el sitio <a href=\"https:\/\/natureplast.eu\/es\/\">Natureplast<\/a> pueden depositar cookies \u00abpersistentes\u00bb, cuyo uso y dep\u00f3sito est\u00e1n sujetos a sus propias pol\u00edticas de confidencialidad, cuyo enlace se proporciona a continuaci\u00f3n. Esta familia de cookies incluye cookies de medici\u00f3n de audiencia, cookies publicitarias y cookies para compartir en redes sociales (en particular de Facebook, YouTube, Twitter y LinkedIn). <\/p>\n\n<h3 class=\"wp-block-heading\">2.1. Medici\u00f3n de la audiencia <\/h3>\n\n<p>Las cookies de medici\u00f3n de audiencia establecen estad\u00edsticas relativas a la frecuentaci\u00f3n y utilizaci\u00f3n de diversos elementos del sitio web (como los contenidos\/p\u00e1ginas que has visitado). Estos datos se utilizan para mejorar la ergonom\u00eda del sitio web <a href=\"https:\/\/natureplast.eu\/es\/\">de Natureplast<\/a>. <\/p>\n\n<p>En este sitio web se utiliza una herramienta de medici\u00f3n de audiencia:<\/p>\n\n<ul class=\"wp-block-list\">\n<li>Google Analytics, cuya pol\u00edtica de privacidad est\u00e1 disponible en el siguiente enlace: https: <a href=\"https:\/\/privacy.google.com\/intl\/fr_fr\/businesses\/compliance\/#?modal_active=none\" target=\"_blank\" rel=\"noreferrer noopener\">\/\/privacy.google.com\/intl\/fr_fr\/businesses\/compliance<\/a><\/li>\n<\/ul>\n\n<h2 class=\"wp-block-heading\">3. Datos recogidos<\/h2>\n\n<h3 class=\"wp-block-heading\">3.1 Formulario de contacto <\/h3>\n\n<p>Los datos personales solicitados al utilizar el formulario de contacto no se conservan en el sitio <a href=\"https:\/\/natureplast.eu\/es\/\">Natureplast<\/a>, sino que se transmiten directamente por correo electr\u00f3nico a Natureplast. Estos datos se utilizan para responder por correo electr\u00f3nico a tu solicitud y se conservan durante un periodo m\u00e1ximo de 36 meses. <\/p>\n","protected":false},"excerpt":{"rendered":"<p>v 1.2 &#8211; 06\/11\/2024 La presente pol\u00edtica de confidencialidad define y te informa de la forma en que Natureplast utiliza y protege la informaci\u00f3n que nos transmites, en su caso, cuando utilizas este sitio accesible desde la siguiente URL: Natureplast (en adelante, el \u00abSitio\u00bb). Ten en cuenta que esta pol\u00edtica de privacidad puede ser modificada [&hellip;]<\/p>\n","protected":false},"author":1,"featured_media":0,"parent":0,"menu_order":0,"comment_status":"closed","ping_status":"closed","template":"","meta":{"_acf_changed":false,"footnotes":""},"class_list":["post-6867","page","type-page","status-publish","hentry"],"acf":[],"_links":{"self":[{"href":"https:\/\/natureplast.eu\/es\/wp-json\/wp\/v2\/pages\/6867","targetHints":{"allow":["GET"]}}],"collection":[{"href":"https:\/\/natureplast.eu\/es\/wp-json\/wp\/v2\/pages"}],"about":[{"href":"https:\/\/natureplast.eu\/es\/wp-json\/wp\/v2\/types\/page"}],"author":[{"embeddable":true,"href":"https:\/\/natureplast.eu\/es\/wp-json\/wp\/v2\/users\/1"}],"replies":[{"embeddable":true,"href":"https:\/\/natureplast.eu\/es\/wp-json\/wp\/v2\/comments?post=6867"}],"version-history":[{"count":2,"href":"https:\/\/natureplast.eu\/es\/wp-json\/wp\/v2\/pages\/6867\/revisions"}],"predecessor-version":[{"id":8469,"href":"https:\/\/natureplast.eu\/es\/wp-json\/wp\/v2\/pages\/6867\/revisions\/8469"}],"wp:attachment":[{"href":"https:\/\/natureplast.eu\/es\/wp-json\/wp\/v2\/media?parent=6867"}],"curies":[{"name":"wp","href":"https:\/\/api.w.org\/{rel}","templated":true}]}}