{"id":6888,"date":"2024-11-06T12:29:42","date_gmt":"2024-11-06T11:29:42","guid":{"rendered":"https:\/\/sc2leje1101.universe.wf\/materiales\/biocomposites\/"},"modified":"2025-04-16T14:37:17","modified_gmt":"2025-04-16T12:37:17","slug":"biocomposites","status":"publish","type":"page","link":"https:\/\/natureplast.eu\/es\/materiales\/biocomposites\/","title":{"rendered":"Biocomposites"},"content":{"rendered":"\n<p>La gama de <strong>biocomposites<\/strong> producidos y comercializados por NaturePlast utiliza diferentes matrices pl\u00e1sticas (de origen biol\u00f3gico, biodegradables, recicladas o incluso v\u00edrgenes) a las que se incorporan <strong>coproductos o fibras naturales<\/strong>.<\/p>\n\n<p>La mayor\u00eda de estos <strong>coproductos y fibras vegetales<\/strong> proceden de <strong>Francia<\/strong>. El objetivo es incorporar coproductos o residuos locales a diversos pol\u00edmeros para <strong>fomentar la econom\u00eda circular y la valorizaci\u00f3n de residuos<\/strong> en un sector innovador. <\/p>\n\n<p>Estos canales se han seleccionado por su <strong>viabilidad industrial<\/strong>, sobre todo en t\u00e9rminos de vol\u00famenes y calidad (reproducibilidad de los lotes). Estos coproductos proceden principalmente de la<strong>industria agroalimentaria<\/strong> (marisco, algas, frutas y verduras, etc.) y del <strong>sector agr\u00edcola<\/strong>, incluidas las fibras vegetales (madera, lino, c\u00e1\u00f1amo, miscanthus, etc.) y los residuos de cereales (trigo, ma\u00edz, etc.). <\/p>\n\n<p>Adem\u00e1s de mejorar sus propiedades mec\u00e1nicas, estos <strong>biocomposites<\/strong> ofrecen <strong>dise\u00f1os muy at\u00edpicos<\/strong> que no pueden reproducirse mediante una simple coloraci\u00f3n. Esto significa que los consumidores se diferencian inmediatamente cuando ven el producto desarrollado, a diferencia de la gama de materias primas biopl\u00e1sticas cuyo aspecto es mucho m\u00e1s parecido al de los pl\u00e1sticos convencionales. <\/p>\n\n<p>Esta lista no es exhaustiva, y en algunos casos es posible identificar y utilizar nuevos canales de coproductos dirigidos a una necesidad espec\u00edfica.<\/p>\n","protected":false},"excerpt":{"rendered":"<p>La gama de biocomposites producidos y comercializados por NaturePlast utiliza diferentes matrices pl\u00e1sticas (de origen biol\u00f3gico, biodegradables, recicladas o incluso v\u00edrgenes) a las que se incorporan coproductos o fibras naturales. La mayor\u00eda de estos coproductos y fibras vegetales proceden de Francia. El objetivo es incorporar coproductos o residuos locales a diversos pol\u00edmeros para fomentar la [&hellip;]<\/p>\n","protected":false},"author":1,"featured_media":0,"parent":2677,"menu_order":0,"comment_status":"closed","ping_status":"closed","template":"categories.php","meta":{"_acf_changed":false,"footnotes":""},"class_list":["post-6888","page","type-page","status-publish","hentry"],"acf":[],"_links":{"self":[{"href":"https:\/\/natureplast.eu\/es\/wp-json\/wp\/v2\/pages\/6888","targetHints":{"allow":["GET"]}}],"collection":[{"href":"https:\/\/natureplast.eu\/es\/wp-json\/wp\/v2\/pages"}],"about":[{"href":"https:\/\/natureplast.eu\/es\/wp-json\/wp\/v2\/types\/page"}],"author":[{"embeddable":true,"href":"https:\/\/natureplast.eu\/es\/wp-json\/wp\/v2\/users\/1"}],"replies":[{"embeddable":true,"href":"https:\/\/natureplast.eu\/es\/wp-json\/wp\/v2\/comments?post=6888"}],"version-history":[{"count":1,"href":"https:\/\/natureplast.eu\/es\/wp-json\/wp\/v2\/pages\/6888\/revisions"}],"predecessor-version":[{"id":6891,"href":"https:\/\/natureplast.eu\/es\/wp-json\/wp\/v2\/pages\/6888\/revisions\/6891"}],"up":[{"embeddable":true,"href":"https:\/\/natureplast.eu\/es\/wp-json\/wp\/v2\/pages\/2677"}],"wp:attachment":[{"href":"https:\/\/natureplast.eu\/es\/wp-json\/wp\/v2\/media?parent=6888"}],"curies":[{"name":"wp","href":"https:\/\/api.w.org\/{rel}","templated":true}]}}