{"id":6927,"date":"2024-11-06T12:32:49","date_gmt":"2024-11-06T11:32:49","guid":{"rendered":"https:\/\/sc2leje1101.universe.wf\/nuestra-experiencia\/servicios\/estudios-de-mercado\/"},"modified":"2025-04-16T14:35:37","modified_gmt":"2025-04-16T12:35:37","slug":"estudios-de-mercado","status":"publish","type":"page","link":"https:\/\/natureplast.eu\/es\/nuestra-experiencia\/servicios\/estudios-de-mercado\/","title":{"rendered":"Estudios de mercado"},"content":{"rendered":"\n<div class=\"wp-block-columns composition-diaporama-single-produit is-layout-flex wp-container-core-columns-is-layout-28f84493 wp-block-columns-is-layout-flex\">\n<div class=\"wp-block-column is-layout-flow wp-block-column-is-layout-flow\">\n<p><strong>Una vigilancia t\u00e9cnica y econ\u00f3mica permanente<\/strong> permite a NaturePlast tener un amplio conocimiento del <strong>mercado de los biopl\u00e1sticos<\/strong> en todo el mundo (mercados, aplicaciones, productores actuales y futuros, centros\/laboratorios t\u00e9cnicos y transformadores especializados, etc.).<\/p>\n\n\n\n<p>NaturePlast ofrece a los fabricantes la posibilidad de realizar estudios de seguimiento t\u00e9cnico y econ\u00f3mico a medida, en respuesta a solicitudes y problemas espec\u00edficos.<\/p>\n<\/div>\n\n\n\n<div class=\"wp-block-column is-layout-flow wp-block-column-is-layout-flow\">\n<figure class=\"wp-block-image size-large custom-gallery\"><img loading=\"lazy\" decoding=\"async\" width=\"1178\" height=\"613\" src=\"https:\/\/natureplast.eu\/wp-content\/uploads\/2025\/01\/etude-marche-bioplastique-edited.webp\" alt=\"\" class=\"wp-image-3858\" srcset=\"https:\/\/natureplast.eu\/wp-content\/uploads\/2025\/01\/etude-marche-bioplastique-edited.webp 1178w, https:\/\/natureplast.eu\/wp-content\/uploads\/2025\/01\/etude-marche-bioplastique-edited-300x156.webp 300w, https:\/\/natureplast.eu\/wp-content\/uploads\/2025\/01\/etude-marche-bioplastique-edited-1024x533.webp 1024w, https:\/\/natureplast.eu\/wp-content\/uploads\/2025\/01\/etude-marche-bioplastique-edited-768x400.webp 768w, https:\/\/natureplast.eu\/wp-content\/uploads\/2025\/01\/etude-marche-bioplastique-edited-800x416.webp 800w\" sizes=\"auto, (max-width: 1178px) 100vw, 1178px\" \/><\/figure>\n<\/div>\n<\/div>\n\n<div id=\"valeurs\" class=\"wp-block-group bloc-valeurs has-background\" style=\"border-radius:40px;background-color:#ffffff\"><div class=\"wp-block-group__inner-container is-layout-constrained wp-block-group-is-layout-constrained\">\n<div class=\"wp-block-columns are-vertically-aligned-top is-layout-flex wp-container-core-columns-is-layout-12a0b04b wp-block-columns-is-layout-flex\" style=\"padding-top:var(--wp--preset--spacing--40)\">\n<div class=\"wp-block-column is-vertically-aligned-top is-layout-flow wp-block-column-is-layout-flow\">\n<h3 class=\"wp-block-heading\"><mark style=\"background-color:rgba(0, 0, 0, 0);color:#000000\" class=\"has-inline-color\">Ejemplo de estudio de mercado<\/mark><\/h3>\n\n\n\n<ul class=\"wp-block-list\">\n<li>Estudio general de los biopl\u00e1sticos <strong>o estudio espec\u00edfico de un material<\/strong>.<\/li>\n\n\n\n<li>Estudio de la <strong>sustituci\u00f3n de materiales\/productos\/envases biopl\u00e1sticos<\/strong> (y an\u00e1lisis competitivo).<\/li>\n\n\n\n<li>Estudio de las ventajas del desarrollo industrial de un nuevo <strong>relleno o refuerzo <\/strong>para aplicaciones pl\u00e1sticas (fibra, coproductos, etc.).<\/li>\n\n\n\n<li>Estudio de los fabricantes mundiales de <strong>productos semiacabados de biopl\u00e1sticos<\/strong> (pel\u00edculas, l\u00e1minas, fibras, etc.).<\/li>\n\n\n\n<li>Otros tipos de estudios personalizados vinculados a nuestra experiencia en el <strong>mercado de los biopl\u00e1sticos<\/strong>.<\/li>\n<\/ul>\n<\/div>\n<\/div>\n<\/div><\/div>\n\n<p><\/p>\n","protected":false},"excerpt":{"rendered":"<p>Una vigilancia t\u00e9cnica y econ\u00f3mica permanente permite a NaturePlast tener un amplio conocimiento del mercado de los biopl\u00e1sticos en todo el mundo (mercados, aplicaciones, productores actuales y futuros, centros\/laboratorios t\u00e9cnicos y transformadores especializados, etc.). NaturePlast ofrece a los fabricantes la posibilidad de realizar estudios de seguimiento t\u00e9cnico y econ\u00f3mico a medida, en respuesta a solicitudes [&hellip;]<\/p>\n","protected":false},"author":1,"featured_media":0,"parent":6795,"menu_order":0,"comment_status":"closed","ping_status":"closed","template":"","meta":{"_acf_changed":false,"footnotes":""},"class_list":["post-6927","page","type-page","status-publish","hentry"],"acf":[],"_links":{"self":[{"href":"https:\/\/natureplast.eu\/es\/wp-json\/wp\/v2\/pages\/6927","targetHints":{"allow":["GET"]}}],"collection":[{"href":"https:\/\/natureplast.eu\/es\/wp-json\/wp\/v2\/pages"}],"about":[{"href":"https:\/\/natureplast.eu\/es\/wp-json\/wp\/v2\/types\/page"}],"author":[{"embeddable":true,"href":"https:\/\/natureplast.eu\/es\/wp-json\/wp\/v2\/users\/1"}],"replies":[{"embeddable":true,"href":"https:\/\/natureplast.eu\/es\/wp-json\/wp\/v2\/comments?post=6927"}],"version-history":[{"count":1,"href":"https:\/\/natureplast.eu\/es\/wp-json\/wp\/v2\/pages\/6927\/revisions"}],"predecessor-version":[{"id":6929,"href":"https:\/\/natureplast.eu\/es\/wp-json\/wp\/v2\/pages\/6927\/revisions\/6929"}],"up":[{"embeddable":true,"href":"https:\/\/natureplast.eu\/es\/wp-json\/wp\/v2\/pages\/6795"}],"wp:attachment":[{"href":"https:\/\/natureplast.eu\/es\/wp-json\/wp\/v2\/media?parent=6927"}],"curies":[{"name":"wp","href":"https:\/\/api.w.org\/{rel}","templated":true}]}}