{"id":6955,"date":"2024-11-06T14:00:15","date_gmt":"2024-11-06T13:00:15","guid":{"rendered":"https:\/\/sc2leje1101.universe.wf\/bioplasticos\/definicion-de-bioplasticos\/"},"modified":"2025-04-29T17:12:12","modified_gmt":"2025-04-29T15:12:12","slug":"definicion-de-bioplasticos","status":"publish","type":"page","link":"https:\/\/natureplast.eu\/es\/bioplasticos\/definicion-de-bioplasticos\/","title":{"rendered":"Definici\u00f3n de biopl\u00e1sticos"},"content":{"rendered":"\n<div class=\"wp-block-group bloc-famille\"><div class=\"wp-block-group__inner-container is-layout-constrained wp-block-group-is-layout-constrained\">\n<h2 class=\"wp-block-heading has-text-align-center reveal-from-top\"><mark style=\"background-color:rgba(0, 0, 0, 0);color:#000000\" class=\"has-inline-color\">3 grandes familias de <em>biopl\u00e1sticos<\/em>:<\/mark><\/h2>\n\n\n\n<div class=\"wp-block-columns is-layout-flex wp-container-core-columns-is-layout-28f84493 wp-block-columns-is-layout-flex\">\n<div class=\"wp-block-column is-layout-flow wp-block-column-is-layout-flow\"><div class=\"wp-block-image\">\n<figure class=\"aligncenter size-large\"><img loading=\"lazy\" decoding=\"async\" width=\"43\" height=\"34\" src=\"https:\/\/natureplast.eu\/wp-content\/uploads\/2025\/04\/biodegradrable.svg\" alt=\"\" class=\"wp-image-9056\"\/><\/figure>\n<\/div>\n\n\n<p class=\"has-text-align-center\">Materiales de base biol\u00f3gica<br> +<br>Biodegradable<\/p>\n<\/div>\n\n\n\n<div class=\"wp-block-column is-layout-flow wp-block-column-is-layout-flow\"><div class=\"wp-block-image\">\n<figure class=\"aligncenter size-large\"><img decoding=\"async\" src=\"https:\/\/natureplast.eu\/wp-content\/uploads\/2024\/11\/Group-139.svg\" alt=\"\"\/><\/figure>\n<\/div>\n\n\n<p class=\"has-text-align-center\">Materiales de base biol\u00f3gica<br> +<br>No degradable<\/p>\n<\/div>\n\n\n\n<div class=\"wp-block-column is-layout-flow wp-block-column-is-layout-flow\"><div class=\"wp-block-image\">\n<figure class=\"aligncenter size-large\"><img loading=\"lazy\" decoding=\"async\" width=\"65\" height=\"53\" src=\"https:\/\/natureplast.eu\/wp-content\/uploads\/2025\/04\/Calque_1.svg\" alt=\"\" class=\"wp-image-9061\"\/><\/figure>\n<\/div>\n\n\n<p class=\"has-text-align-center\">Materiales derivados del petr\u00f3leo<br> +<br>Biodegradable<\/p>\n<\/div>\n<\/div>\n<\/div><\/div>\n\n\n\n<div id=\"valeurs\" class=\"wp-block-group bloc-valeurs has-background\" style=\"border-radius:40px;background-color:#ffffff\"><div class=\"wp-block-group__inner-container is-layout-constrained wp-block-group-is-layout-constrained\">\n<div class=\"wp-block-columns are-vertically-aligned-top is-layout-flex wp-container-core-columns-is-layout-12a0b04b wp-block-columns-is-layout-flex\" style=\"padding-top:var(--wp--preset--spacing--40)\">\n<div class=\"wp-block-column is-vertically-aligned-top is-layout-flow wp-block-column-is-layout-flow\">\n<p>Adem\u00e1s de por su origen y propiedades al final de su vida \u00fatil, los biopl\u00e1sticos pueden dividirse en dos categor\u00edas.<\/p>\n\n\n\n<p>De hecho, algunos biopl\u00e1sticos son qu\u00edmicamente similares a los pol\u00edmeros de uso com\u00fan. Por ejemplo, un PE fabricado a partir de ca\u00f1a de az\u00facar (tambi\u00e9n conocido como <strong>PE<\/strong> <strong>de origen biol\u00f3gico<\/strong>) y un PE obtenido tradicionalmente a partir de recursos f\u00f3siles tendr\u00e1n las mismas caracter\u00edsticas t\u00e9cnicas. La ventaja del <strong>PE de origen<\/strong> biol\u00f3gico es que procede de un recurso renovable y no de un recurso f\u00f3sil. Por tanto, pueden sustituir inmediatamente y sin dificultad a sus equivalentes petroqu\u00edmicos. Esta familia s\u00f3lo incluye <strong>pol\u00edmeros<\/strong> no biodegradables <strong>de origen biol\u00f3gico<\/strong>, como <strong>PE<\/strong>, <strong>PET<\/strong>, <strong>PP<\/strong>, <strong>PA<\/strong> y <strong>TPU de origen biol\u00f3gico<\/strong>.    <\/p>\n\n\n\n<p>Aparte de los estir\u00e9nicos (PS, ABS), actualmente es posible obtener casi todos los pol\u00edmeros b\u00e1sicos, al menos parcialmente, a partir de fuentes de origen biol\u00f3gico (v\u00e9ase <a href=\"https:\/\/natureplast.eu\/es\/bioplasticos\/origen-de-los-plasticos-de-origen-biologico\/\" data-type=\"link\" data-id=\"https:\/\/natureplast.eu\/es\/bioplasticos\/origen-de-los-plasticos-de-origen-biologico\/\"><strong><em>origen de los biopl\u00e1sticos<\/em><\/strong><\/a>).<\/p>\n<\/div>\n\n\n\n<div class=\"wp-block-column is-vertically-aligned-top is-layout-flow wp-block-column-is-layout-flow\">\n<p>En el segundo caso, los biopl\u00e1sticos tienen nuevas estructuras qu\u00edmicas. La mayor\u00eda son <a href=\"https:\/\/natureplast.eu\/es\/bioplasticos\/fin-de-vida-de-los-bioplasticos\/\" data-type=\"link\" data-id=\"https:\/\/natureplast.eu\/es\/bioplasticos\/fin-de-vida-de-los-bioplasticos\/\"><strong>pol\u00edmeros biodegradables<\/strong><\/a> la mayor\u00eda de los cuales tambi\u00e9n son, al menos parcialmente <a href=\"https:\/\/natureplast.eu\/es\/bioplasticos\/origen-de-los-plasticos-de-origen-biologico\/\" data-type=\"link\" data-id=\"http:\/\/sc2leje1101.universe.wf\/bioplastiques\/origine-des-plastiques-biosources\/\"><strong>de origen biol\u00f3gico<\/strong><\/a>. Los materiales de esta familia tienen propiedades diferentes, por lo que deben seleccionarse en funci\u00f3n de las caracter\u00edsticas esperadas del producto final. Adem\u00e1s, estos materiales son nuevos a escala industrial (la mayor\u00eda tienen menos de 10-20 a\u00f1os), por lo que requieren esfuerzos de <strong>investigaci\u00f3n y desarrollo <\/strong> para dotarlos de propiedades que cumplan las expectativas del mercado.<\/p>\n<\/div>\n<\/div>\n<\/div><\/div>\n\n\n\n<div id=\"valeurs\" class=\"wp-block-group bloc-valeurs has-background\" style=\"border-radius:40px;background-color:#ffffff\"><div class=\"wp-block-group__inner-container is-layout-constrained wp-block-group-is-layout-constrained\">\n<figure class=\"wp-block-image size-large\"><img loading=\"lazy\" decoding=\"async\" width=\"1024\" height=\"707\" src=\"https:\/\/natureplast.eu\/wp-content\/uploads\/2025\/04\/Diagramme-bioplastiques-EN-1024x707.png\" alt=\"\" class=\"wp-image-9416\" srcset=\"https:\/\/natureplast.eu\/wp-content\/uploads\/2025\/04\/Diagramme-bioplastiques-EN-1024x707.png 1024w, https:\/\/natureplast.eu\/wp-content\/uploads\/2025\/04\/Diagramme-bioplastiques-EN-300x207.png 300w, https:\/\/natureplast.eu\/wp-content\/uploads\/2025\/04\/Diagramme-bioplastiques-EN-768x530.png 768w, https:\/\/natureplast.eu\/wp-content\/uploads\/2025\/04\/Diagramme-bioplastiques-EN-800x553.png 800w, https:\/\/natureplast.eu\/wp-content\/uploads\/2025\/04\/Diagramme-bioplastiques-EN.png 1468w\" sizes=\"auto, (max-width: 1024px) 100vw, 1024px\" \/><\/figure>\n<\/div><\/div>\n","protected":false},"excerpt":{"rendered":"<p>3 grandes familias de biopl\u00e1sticos: Materiales de base biol\u00f3gica +Biodegradable Materiales de base biol\u00f3gica +No degradable Materiales derivados del petr\u00f3leo +Biodegradable Adem\u00e1s de por su origen y propiedades al final de su vida \u00fatil, los biopl\u00e1sticos pueden dividirse en dos categor\u00edas. De hecho, algunos biopl\u00e1sticos son qu\u00edmicamente similares a los pol\u00edmeros de uso com\u00fan. Por [&hellip;]<\/p>\n","protected":false},"author":1,"featured_media":0,"parent":6939,"menu_order":0,"comment_status":"closed","ping_status":"closed","template":"","meta":{"_acf_changed":false,"footnotes":""},"class_list":["post-6955","page","type-page","status-publish","hentry"],"acf":[],"_links":{"self":[{"href":"https:\/\/natureplast.eu\/es\/wp-json\/wp\/v2\/pages\/6955","targetHints":{"allow":["GET"]}}],"collection":[{"href":"https:\/\/natureplast.eu\/es\/wp-json\/wp\/v2\/pages"}],"about":[{"href":"https:\/\/natureplast.eu\/es\/wp-json\/wp\/v2\/types\/page"}],"author":[{"embeddable":true,"href":"https:\/\/natureplast.eu\/es\/wp-json\/wp\/v2\/users\/1"}],"replies":[{"embeddable":true,"href":"https:\/\/natureplast.eu\/es\/wp-json\/wp\/v2\/comments?post=6955"}],"version-history":[{"count":9,"href":"https:\/\/natureplast.eu\/es\/wp-json\/wp\/v2\/pages\/6955\/revisions"}],"predecessor-version":[{"id":9420,"href":"https:\/\/natureplast.eu\/es\/wp-json\/wp\/v2\/pages\/6955\/revisions\/9420"}],"up":[{"embeddable":true,"href":"https:\/\/natureplast.eu\/es\/wp-json\/wp\/v2\/pages\/6939"}],"wp:attachment":[{"href":"https:\/\/natureplast.eu\/es\/wp-json\/wp\/v2\/media?parent=6955"}],"curies":[{"name":"wp","href":"https:\/\/api.w.org\/{rel}","templated":true}]}}