{"id":6965,"date":"2024-11-06T14:01:49","date_gmt":"2024-11-06T13:01:49","guid":{"rendered":"https:\/\/sc2leje1101.universe.wf\/bioplasticos\/el-mercado-de-los-bioplasticos\/"},"modified":"2025-04-16T14:36:24","modified_gmt":"2025-04-16T12:36:24","slug":"el-mercado-de-los-bioplasticos","status":"publish","type":"page","link":"https:\/\/natureplast.eu\/es\/bioplasticos\/el-mercado-de-los-bioplasticos\/","title":{"rendered":"El mercado de los biopl\u00e1sticos"},"content":{"rendered":"\n<div class=\"wp-block-columns composition-diaporama-single-produit is-layout-flex wp-container-core-columns-is-layout-28f84493 wp-block-columns-is-layout-flex\">\n<div class=\"wp-block-column is-layout-flow wp-block-column-is-layout-flow\">\n<p>El mercado de <strong>los pl\u00e1sticos de origen biol\u00f3gico<\/strong> y\/o <strong>biodegradables<\/strong> est\u00e1 en constante evoluci\u00f3n. Tras varios a\u00f1os de lento progreso, <strong>la concienciaci\u00f3n de la industria y la sociedad<\/strong> ha permitido que el mercado d\u00e9 un giro y entre en una fase de crecimiento mucho m\u00e1s significativa. Esto est\u00e1 siendo impulsado principalmente por un fuerte aumento de la oferta de <strong>pol\u00edmeros biodegradables<\/strong>, que en \u00faltima instancia deber\u00eda elevar la capacidad de <strong>producci\u00f3n total a 7,5 Tm<\/strong> anuales en 2028, m\u00e1s de <strong>3 veces la capacidad de producci\u00f3n actual<\/strong>.  <\/p>\n\n\n\n<p>Los pol\u00edmeros de origen biol\u00f3gico y\/o biodegradables deber\u00edan representar entonces m\u00e1s del <strong>2% de la capacidad mundial<\/strong> de producci\u00f3n de pol\u00edmeros.<\/p>\n<\/div>\n\n\n\n<div class=\"wp-block-column is-layout-flow wp-block-column-is-layout-flow\">\n<figure class=\"wp-block-image size-large custom-gallery\"><img loading=\"lazy\" decoding=\"async\" width=\"1024\" height=\"794\" src=\"https:\/\/natureplast.eu\/wp-content\/uploads\/2025\/01\/market-2024-1024x794.png\" alt=\"\" class=\"wp-image-3909\" style=\"aspect-ratio:4\/3;object-fit:cover\" srcset=\"https:\/\/natureplast.eu\/wp-content\/uploads\/2025\/01\/market-2024-1024x794.png 1024w, https:\/\/natureplast.eu\/wp-content\/uploads\/2025\/01\/market-2024-300x233.png 300w, https:\/\/natureplast.eu\/wp-content\/uploads\/2025\/01\/market-2024-768x596.png 768w, https:\/\/natureplast.eu\/wp-content\/uploads\/2025\/01\/market-2024-800x620.png 800w, https:\/\/natureplast.eu\/wp-content\/uploads\/2025\/01\/market-2024.png 1305w\" sizes=\"auto, (max-width: 1024px) 100vw, 1024px\" \/><\/figure>\n<\/div>\n<\/div>\n\n<div id=\"valeurs\" class=\"wp-block-group bloc-valeurs has-background\" style=\"border-radius:40px;background-color:#ffffff\"><div class=\"wp-block-group__inner-container is-layout-constrained wp-block-group-is-layout-constrained\">\n<div class=\"wp-block-columns are-vertically-aligned-top is-layout-flex wp-container-core-columns-is-layout-12a0b04b wp-block-columns-is-layout-flex\" style=\"padding-top:var(--wp--preset--spacing--40)\">\n<div class=\"wp-block-column is-vertically-aligned-top is-layout-flow wp-block-column-is-layout-flow\">\n<h3 class=\"wp-block-heading\"><mark style=\"background-color:rgba(0, 0, 0, 0);color:#000000\" class=\"has-inline-color\">Una gama de aplicaciones cada vez m\u00e1s amplia<\/mark><\/h3>\n\n\n\n<p><strong>Los pol\u00edmeros<\/strong> con mayor cuota de mercado en la actualidad son <strong>el PLA<\/strong> y la familia de <strong>las poliamidas de base biol\u00f3gica<\/strong>, seguidos de cerca por los PTT (poli\u00e9steres parcialmente de base biol\u00f3gica) y el PE de base biol\u00f3gica.<\/p>\n\n\n\n<p>En los pr\u00f3ximos a\u00f1os deber\u00eda aumentar por fin la oferta de <strong>PHAs<\/strong><\/p>\n\n\n\n<p>Tampoco sorprende ver que el grueso del <strong>mercado de los biopl\u00e1sticos<\/strong> se concentra en <strong>las aplicaciones de envasado<\/strong>, tanto flexible como r\u00edgido, que actualmente representan m\u00e1s de la mitad de todas las salidas.<\/p>\n<\/div>\n\n\n\n<div class=\"wp-block-column is-vertically-aligned-top is-layout-flow wp-block-column-is-layout-flow\">\n<figure class=\"wp-block-image size-large custom-gallery\"><img loading=\"lazy\" decoding=\"async\" width=\"1024\" height=\"576\" src=\"https:\/\/natureplast.eu\/wp-content\/uploads\/2025\/01\/Global-production-capacities-of-bioplastics-2024-1024x576.jpg\" alt=\"\" class=\"wp-image-3893\" srcset=\"https:\/\/natureplast.eu\/wp-content\/uploads\/2025\/01\/Global-production-capacities-of-bioplastics-2024-1024x576.jpg 1024w, https:\/\/natureplast.eu\/wp-content\/uploads\/2025\/01\/Global-production-capacities-of-bioplastics-2024-300x169.jpg 300w, https:\/\/natureplast.eu\/wp-content\/uploads\/2025\/01\/Global-production-capacities-of-bioplastics-2024-768x432.jpg 768w, https:\/\/natureplast.eu\/wp-content\/uploads\/2025\/01\/Global-production-capacities-of-bioplastics-2024-1536x864.jpg 1536w, https:\/\/natureplast.eu\/wp-content\/uploads\/2025\/01\/Global-production-capacities-of-bioplastics-2024-800x450.jpg 800w, https:\/\/natureplast.eu\/wp-content\/uploads\/2025\/01\/Global-production-capacities-of-bioplastics-2024.jpg 1814w\" sizes=\"auto, (max-width: 1024px) 100vw, 1024px\" \/><\/figure>\n<\/div>\n<\/div>\n\n\n\n<div class=\"wp-block-columns are-vertically-aligned-top is-layout-flex wp-container-core-columns-is-layout-12a0b04b wp-block-columns-is-layout-flex\" style=\"padding-top:var(--wp--preset--spacing--40)\">\n<div class=\"wp-block-column is-vertically-aligned-top is-layout-flow wp-block-column-is-layout-flow\">\n<p>Una de las \u00e1reas m\u00e1s prometedoras es la<strong>impresi\u00f3n 3D<\/strong>, en la que los biopl\u00e1sticos desempe\u00f1an un papel fundamental. Utilizando <strong>filamentos biodegradables<\/strong>, por ejemplo, esta tecnolog\u00eda puede utilizarse para crear objetos a medida, con fascinantes perspectivas para la fabricaci\u00f3n de piezas personalizadas en diversos campos, desde la medicina a los objetos cotidianos. <\/p>\n\n\n\n<p>Tambi\u00e9n crece el inter\u00e9s por adecuar las <strong>propiedades de los <\/strong>biopl\u00e1sticos al <strong>final de su vida \u00fatil <\/strong>al<strong>uso al que se destinan<\/strong>, por ejemplo en el sector de <strong>los pl\u00e1sticos agr\u00edcolas<\/strong> y en la biodegradabilidad de ciertos materiales.<\/p>\n\n\n\n<p>Por \u00faltimo, las innovaciones tecnol\u00f3gicas desarrolladas en el marco de <strong>los proyectos de I+D <\/strong>permitir\u00e1n con el tiempo obtener pl\u00e1sticos de origen biol\u00f3gico a partir de <strong>residuos y coproductos<\/strong>, contribuyendo as\u00ed a mejorar la gesti\u00f3n de los residuos y a reducir el impacto medioambiental.<\/p>\n<\/div>\n<\/div>\n\n\n\n<div class=\"wp-block-columns are-vertically-aligned-top is-layout-flex wp-container-core-columns-is-layout-12a0b04b wp-block-columns-is-layout-flex\" style=\"padding-top:var(--wp--preset--spacing--40)\">\n<div class=\"wp-block-column is-layout-flow wp-block-column-is-layout-flow\"><div class=\"wp-block-image\">\n<figure class=\"aligncenter size-large is-resized\"><img loading=\"lazy\" decoding=\"async\" width=\"1024\" height=\"576\" src=\"https:\/\/natureplast.eu\/wp-content\/uploads\/2025\/01\/Global-production-capacities-of-bioplastics-2024-market-segments-by-polymers-1024x576.jpg\" alt=\"\" class=\"wp-image-3888\" style=\"width:739px;height:auto\" srcset=\"https:\/\/natureplast.eu\/wp-content\/uploads\/2025\/01\/Global-production-capacities-of-bioplastics-2024-market-segments-by-polymers-1024x576.jpg 1024w, https:\/\/natureplast.eu\/wp-content\/uploads\/2025\/01\/Global-production-capacities-of-bioplastics-2024-market-segments-by-polymers-300x169.jpg 300w, https:\/\/natureplast.eu\/wp-content\/uploads\/2025\/01\/Global-production-capacities-of-bioplastics-2024-market-segments-by-polymers-768x432.jpg 768w, https:\/\/natureplast.eu\/wp-content\/uploads\/2025\/01\/Global-production-capacities-of-bioplastics-2024-market-segments-by-polymers-1536x864.jpg 1536w, https:\/\/natureplast.eu\/wp-content\/uploads\/2025\/01\/Global-production-capacities-of-bioplastics-2024-market-segments-by-polymers-800x450.jpg 800w, https:\/\/natureplast.eu\/wp-content\/uploads\/2025\/01\/Global-production-capacities-of-bioplastics-2024-market-segments-by-polymers.jpg 1814w\" sizes=\"auto, (max-width: 1024px) 100vw, 1024px\" \/><\/figure>\n<\/div><\/div>\n<\/div>\n<\/div><\/div>\n","protected":false},"excerpt":{"rendered":"<p>El mercado de los pl\u00e1sticos de origen biol\u00f3gico y\/o biodegradables est\u00e1 en constante evoluci\u00f3n. Tras varios a\u00f1os de lento progreso, la concienciaci\u00f3n de la industria y la sociedad ha permitido que el mercado d\u00e9 un giro y entre en una fase de crecimiento mucho m\u00e1s significativa. Esto est\u00e1 siendo impulsado principalmente por un fuerte aumento [&hellip;]<\/p>\n","protected":false},"author":1,"featured_media":0,"parent":6939,"menu_order":0,"comment_status":"closed","ping_status":"closed","template":"","meta":{"_acf_changed":false,"footnotes":""},"class_list":["post-6965","page","type-page","status-publish","hentry"],"acf":[],"_links":{"self":[{"href":"https:\/\/natureplast.eu\/es\/wp-json\/wp\/v2\/pages\/6965","targetHints":{"allow":["GET"]}}],"collection":[{"href":"https:\/\/natureplast.eu\/es\/wp-json\/wp\/v2\/pages"}],"about":[{"href":"https:\/\/natureplast.eu\/es\/wp-json\/wp\/v2\/types\/page"}],"author":[{"embeddable":true,"href":"https:\/\/natureplast.eu\/es\/wp-json\/wp\/v2\/users\/1"}],"replies":[{"embeddable":true,"href":"https:\/\/natureplast.eu\/es\/wp-json\/wp\/v2\/comments?post=6965"}],"version-history":[{"count":1,"href":"https:\/\/natureplast.eu\/es\/wp-json\/wp\/v2\/pages\/6965\/revisions"}],"predecessor-version":[{"id":6968,"href":"https:\/\/natureplast.eu\/es\/wp-json\/wp\/v2\/pages\/6965\/revisions\/6968"}],"up":[{"embeddable":true,"href":"https:\/\/natureplast.eu\/es\/wp-json\/wp\/v2\/pages\/6939"}],"wp:attachment":[{"href":"https:\/\/natureplast.eu\/es\/wp-json\/wp\/v2\/media?parent=6965"}],"curies":[{"name":"wp","href":"https:\/\/api.w.org\/{rel}","templated":true}]}}