{"id":6852,"date":"2024-11-06T14:03:18","date_gmt":"2024-11-06T13:03:18","guid":{"rendered":"https:\/\/sc2leje1101.universe.wf\/vantaggi\/vantaggi-tecnici-delle-bioplastiche\/"},"modified":"2025-05-05T14:14:51","modified_gmt":"2025-05-05T12:14:51","slug":"vantaggi-tecnici-delle-bioplastiche","status":"publish","type":"page","link":"https:\/\/natureplast.eu\/it\/bioplastica\/vantaggi\/vantaggi-tecnici-delle-bioplastiche\/","title":{"rendered":"Vantaggi tecnici delle bioplastiche"},"content":{"rendered":"\n<div class=\"wp-block-columns composition-diaporama-single-produit is-layout-flex wp-container-core-columns-is-layout-28f84493 wp-block-columns-is-layout-flex\">\n<div class=\"wp-block-column is-layout-flow wp-block-column-is-layout-flow\">\n<p>Il campo delle bioplastiche comprende <strong>un&#8217;ampia variet\u00e0 di materiali<\/strong>, la maggior parte dei quali sono relativamente <strong>nuovi per l&#8217;<\/strong> <strong>industria<\/strong>. \u00c8 quindi logico che questi materiali non beneficino di tutti i <strong>progressi tecnologici<\/strong> e delle <strong>ottimizzazioni<\/strong> che sono stati applicati ai polimeri a base di petrolio con una storia pi\u00f9 lunga. <\/p>\n\n\n\n<p>Ci sono quindi delle lacune da colmare per alcuni materiali, che richiedono adattamenti in termini di<strong> lavorazione<\/strong> o <strong>propriet\u00e0 di utilizzo<\/strong>. Altri hanno esattamente le stesse capacit\u00e0, o addirittura superano quelle dei materiali derivati dal petrolio, come la <strong>Poliammide-11<\/strong>. L&#8217;utilizzo delle bioplastiche offre diversi tipi di vantaggi tecnici:  <\/p>\n\n\n\n<ul class=\"wp-block-list\">\n<li><strong>Nuove funzioni<\/strong><\/li>\n<\/ul>\n\n\n\n<ul class=\"wp-block-list\">\n<li><strong>Propriet\u00e0 intrinseche<\/strong><\/li>\n<\/ul>\n\n\n\n<ul class=\"wp-block-list\">\n<li><strong>Biodegradabilit\u00e0<\/strong><\/li>\n<\/ul>\n<\/div>\n\n\n\n<div class=\"wp-block-column is-layout-flow wp-block-column-is-layout-flow\">\n<p><\/p>\n\n\n\n<figure class=\"wp-block-image size-full custom-gallery\"><img loading=\"lazy\" decoding=\"async\" width=\"1024\" height=\"576\" src=\"https:\/\/natureplast.eu\/wp-content\/uploads\/2025\/02\/application-horticulture-edited.jpg\" alt=\"Applicazione per l'orticoltura\" class=\"wp-image-5731\" srcset=\"https:\/\/natureplast.eu\/wp-content\/uploads\/2025\/02\/application-horticulture-edited.jpg 1024w, https:\/\/natureplast.eu\/wp-content\/uploads\/2025\/02\/application-horticulture-edited-300x169.jpg 300w, https:\/\/natureplast.eu\/wp-content\/uploads\/2025\/02\/application-horticulture-edited-768x432.jpg 768w, https:\/\/natureplast.eu\/wp-content\/uploads\/2025\/02\/application-horticulture-edited-800x450.jpg 800w\" sizes=\"auto, (max-width: 1024px) 100vw, 1024px\" \/><\/figure>\n<\/div>\n<\/div>\n\n<div id=\"valeurs\" class=\"wp-block-group bloc-valeurs has-background\" style=\"border-radius:40px;background-color:#ffffff\"><div class=\"wp-block-group__inner-container is-layout-constrained wp-block-group-is-layout-constrained\">\n<div class=\"wp-block-columns are-vertically-aligned-top is-layout-flex wp-container-core-columns-is-layout-12a0b04b wp-block-columns-is-layout-flex\" style=\"padding-top:var(--wp--preset--spacing--40)\">\n<div class=\"wp-block-column is-vertically-aligned-top is-layout-flow wp-block-column-is-layout-flow\">\n<h3 class=\"wp-block-heading\"><mark style=\"background-color:rgba(0, 0, 0, 0);color:#000000\" class=\"has-inline-color\">propriet\u00e0 intrinseche<\/mark><\/h3>\n\n\n\n<p>Il polietilene furanoato (PEF) \u00e8 un esempio concreto dei vantaggi tecnici che si possono ottenere utilizzando una bioplastica. Si tratta di un nuovo polimero in fase di sviluppo che far\u00e0 concorrenza al PET con le seguenti caratteristiche: <\/p>\n\n\n\n<ul class=\"wp-block-list\">\n<li><strong>100% biobased <\/strong>e sempre <strong>trasparente <\/strong>e <strong>riciclabile <\/strong>: utilizzo e fine vita identici al PET.<\/li>\n<\/ul>\n\n\n\n<ul class=\"wp-block-list\">\n<li>Una <strong>barriera<\/strong> <strong>10 volte <\/strong>migliore <strong>all&#8217;<\/strong> ossigeno e <strong>2 volte <\/strong>migliore <strong>all <\/strong>&#8216;anidride carbonica e al vapore acqueo: questo significa, ad esempio, una riduzione dello spessore delle pareti degli imballaggi (bottiglie per bibite).<\/li>\n<\/ul>\n\n\n\n<ul class=\"wp-block-list\">\n<li>La <strong>temperatura di transizione vetrosa<\/strong> (Tg) \u00e8 superiore di 12\u00b0C, il che significa che pu\u00f2 essere riempito a caldo, cosa impossibile con il PET amorfo standard.<\/li>\n<\/ul>\n\n\n\n<ul class=\"wp-block-list\">\n<li>La <strong>temperatura di fusione<\/strong> \u00e8 inferiore di 30\u00b0C, con un risparmio energetico durante la lavorazione.<\/li>\n<\/ul>\n\n\n\n<h3 class=\"wp-block-heading\"><mark style=\"background-color:rgba(0, 0, 0, 0);color:#000000\" class=\"has-inline-color\">biodegradabilit\u00e0<\/mark><\/h3>\n\n\n\n<p>Questa propriet\u00e0 permette di fornire nuove funzionalit\u00e0 apprezzate dai produttori. Infatti, pu\u00f2 essere interessante realizzare un prodotto con una determinata vita utile, che possa poi <strong>biodegradarsi<\/strong> nell&#8217;<strong>ambiente<\/strong> in cui viene utilizzato in modo <strong>ecologico.<\/strong> L&#8217;esempio principale nell&#8217;industria delle materie plastiche \u00e8 il <strong>film pacciamante per l&#8217;agricoltura<\/strong>: la sua funzione principale \u00e8 quella di regolare la temperatura del suolo e mantenere un livello di umidit\u00e0 relativa, consentendo alla vegetazione di crescere in modo pi\u00f9 efficace. Oggi \u00e8 possibile produrre queste pellicole pacciamanti utilizzando <strong>polimeri biodegradabili<\/strong>. Il vantaggio \u00e8 duplice:   <\/p>\n\n\n\n<ul class=\"wp-block-list\">\n<li>Il coltivatore pu\u00f2 lasciare frammenti della pellicola nel terreno una volta utilizzata, in modo che finisca di biodegradarsi, evitando cos\u00ec di <strong>raccogliere<\/strong> e <strong>trattare la <\/strong>pellicola non biodegradabile.<\/li>\n<\/ul>\n\n\n\n<ul class=\"wp-block-list\">\n<li>Il <strong>terreno si arricchisce<\/strong> di materia organica e nutrienti grazie alla biodegradazione del pacciame.<\/li>\n<\/ul>\n\n\n\n<p>Altri esempi sono le clip per le viti, i link per l&#8217;orticoltura (pomodori, ecc.), la caccia (cartucce, ecc.) o i fuochi d&#8217;artificio (vedi il progetto <a href=\"\/projets_collaboratif\/projet-matadore\/\" target=\"_blank\" rel=\"noreferrer noopener\">MATADORE<\/a>).  <\/p>\n<\/div>\n\n\n\n<div class=\"wp-block-column is-vertically-aligned-top is-layout-flow wp-block-column-is-layout-flow\">\n<h3 class=\"wp-block-heading\"><mark style=\"background-color:rgba(0, 0, 0, 0);color:#000000\" class=\"has-inline-color\">nuove funzioni<\/mark><\/h3>\n\n\n\n<p>Questa propriet\u00e0 di<strong> biodegradabilit\u00e0<\/strong> pu\u00f2 essere sfruttata anche per conferire nuove funzionalit\u00e0 al prodotto. \u00c8 quindi possibile incorporare <strong>additivi di interesse <\/strong>che possono essere rilasciati durante l&#8217;uso o alla fine del ciclo di vita del prodotto. La biodegradazione diventa quindi un <strong>vantaggio tecnico per l&#8217;uso<\/strong> piuttosto che per la fine del ciclo di vita. \u00c8 possibile ottenere le seguenti funzioni, non esaustive:   <\/p>\n\n\n\n<ul class=\"wp-block-list\">\n<li>Disinquinamento (acqua, suolo, ecc.)<\/li>\n<\/ul>\n\n\n\n<ul class=\"wp-block-list\">\n<li>Attrazione (parassiti, insetti, ecc.)<\/li>\n<\/ul>\n\n\n\n<ul class=\"wp-block-list\">\n<li>Repulsione (parassiti, insetti, ecc.)<\/li>\n<\/ul>\n\n\n\n<ul class=\"wp-block-list\">\n<li>Nutrizione (piante, ecc.)<\/li>\n<\/ul>\n<\/div>\n<\/div>\n<\/div><\/div>\n","protected":false},"excerpt":{"rendered":"<p>Il campo delle bioplastiche comprende un&#8217;ampia variet\u00e0 di materiali, la maggior parte dei quali sono relativamente nuovi per l&#8217; industria. \u00c8 quindi logico che questi materiali non beneficino di tutti i progressi tecnologici e delle ottimizzazioni che sono stati applicati ai polimeri a base di petrolio con una storia pi\u00f9 lunga. Ci sono quindi delle [&hellip;]<\/p>\n","protected":false},"author":1,"featured_media":0,"parent":6833,"menu_order":0,"comment_status":"closed","ping_status":"closed","template":"","meta":{"_acf_changed":false,"footnotes":""},"class_list":["post-6852","page","type-page","status-publish","hentry"],"acf":[],"_links":{"self":[{"href":"https:\/\/natureplast.eu\/it\/wp-json\/wp\/v2\/pages\/6852","targetHints":{"allow":["GET"]}}],"collection":[{"href":"https:\/\/natureplast.eu\/it\/wp-json\/wp\/v2\/pages"}],"about":[{"href":"https:\/\/natureplast.eu\/it\/wp-json\/wp\/v2\/types\/page"}],"author":[{"embeddable":true,"href":"https:\/\/natureplast.eu\/it\/wp-json\/wp\/v2\/users\/1"}],"replies":[{"embeddable":true,"href":"https:\/\/natureplast.eu\/it\/wp-json\/wp\/v2\/comments?post=6852"}],"version-history":[{"count":3,"href":"https:\/\/natureplast.eu\/it\/wp-json\/wp\/v2\/pages\/6852\/revisions"}],"predecessor-version":[{"id":9511,"href":"https:\/\/natureplast.eu\/it\/wp-json\/wp\/v2\/pages\/6852\/revisions\/9511"}],"up":[{"embeddable":true,"href":"https:\/\/natureplast.eu\/it\/wp-json\/wp\/v2\/pages\/6833"}],"wp:attachment":[{"href":"https:\/\/natureplast.eu\/it\/wp-json\/wp\/v2\/media?parent=6852"}],"curies":[{"name":"wp","href":"https:\/\/api.w.org\/{rel}","templated":true}]}}