{"id":6935,"date":"2024-11-06T12:33:04","date_gmt":"2024-11-06T11:33:04","guid":{"rendered":"https:\/\/sc2leje1101.universe.wf\/rettifica-personalizzata\/"},"modified":"2025-04-16T14:49:03","modified_gmt":"2025-04-16T12:49:03","slug":"rettifica-personalizzata","status":"publish","type":"page","link":"https:\/\/natureplast.eu\/it\/rettifica-personalizzata\/","title":{"rendered":"Rettifica personalizzata"},"content":{"rendered":"\n<div class=\"wp-block-group bloc-famille\"><div class=\"wp-block-group__inner-container is-layout-constrained wp-block-group-is-layout-constrained\">\n<h2 class=\"wp-block-heading has-text-align-center reveal-from-top\"><mark style=\"background-color:rgba(0, 0, 0, 0);color:#000000\" class=\"has-inline-color\">Le diverse aree di <em>attivit\u00e0<\/em>:<\/mark><\/h2>\n\n\n\n<div class=\"wp-block-columns is-layout-flex wp-container-core-columns-is-layout-28f84493 wp-block-columns-is-layout-flex\">\n<div class=\"wp-block-column is-layout-flow wp-block-column-is-layout-flow\"><div class=\"wp-block-image\">\n<figure class=\"aligncenter size-full\"><img decoding=\"async\" src=\"https:\/\/natureplast.eu\/wp-content\/uploads\/2025\/04\/particules.svg\" alt=\"\" class=\"wp-image-9028\"\/><\/figure>\n<\/div>\n\n\n<p class=\"has-text-align-center\">Macinazione e micronizzazione di particelle di diverse dimensioni<\/p>\n<\/div>\n\n\n\n<div class=\"wp-block-column is-layout-flow wp-block-column-is-layout-flow\"><div class=\"wp-block-image\">\n<figure class=\"aligncenter size-large\"><img decoding=\"async\" src=\"https:\/\/natureplast.eu\/wp-content\/uploads\/2024\/11\/tamisage.svg\" alt=\"\"\/><\/figure>\n<\/div>\n\n\n<p class=\"has-text-align-center\">Setacciatura con diverse frazioni<\/p>\n<\/div>\n\n\n\n<div class=\"wp-block-column is-layout-flow wp-block-column-is-layout-flow\"><div class=\"wp-block-image\">\n<figure class=\"aligncenter size-full\"><img decoding=\"async\" src=\"https:\/\/natureplast.eu\/wp-content\/uploads\/2025\/04\/conditionnement.svg\" alt=\"\" class=\"wp-image-9023\"\/><\/figure>\n<\/div>\n\n\n<p class=\"has-text-align-center\">Imballaggio personalizzato<\/p>\n<\/div>\n<\/div>\n<\/div><\/div>\n\n\n\n<div id=\"valeurs\" class=\"wp-block-group bloc-valeurs has-background\" style=\"border-radius:40px;background-color:#ffffff\"><div class=\"wp-block-group__inner-container is-layout-constrained wp-block-group-is-layout-constrained\">\n<figure class=\"wp-block-image size-large\"><img loading=\"lazy\" decoding=\"async\" width=\"1024\" height=\"248\" src=\"https:\/\/natureplast.eu\/wp-content\/uploads\/2024\/11\/broyage-a-facon-1024x248.png\" alt=\"\" class=\"wp-image-1031\" srcset=\"https:\/\/natureplast.eu\/wp-content\/uploads\/2024\/11\/broyage-a-facon-1024x248.png 1024w, https:\/\/natureplast.eu\/wp-content\/uploads\/2024\/11\/broyage-a-facon-300x73.png 300w, https:\/\/natureplast.eu\/wp-content\/uploads\/2024\/11\/broyage-a-facon-768x186.png 768w, https:\/\/natureplast.eu\/wp-content\/uploads\/2024\/11\/broyage-a-facon-800x194.png 800w, https:\/\/natureplast.eu\/wp-content\/uploads\/2024\/11\/broyage-a-facon.png 1523w\" sizes=\"auto, (max-width: 1024px) 100vw, 1024px\" \/><\/figure>\n\n\n\n<div class=\"wp-block-columns are-vertically-aligned-top is-layout-flex wp-container-core-columns-is-layout-12a0b04b wp-block-columns-is-layout-flex\" style=\"padding-top:var(--wp--preset--spacing--40)\">\n<div class=\"wp-block-column is-vertically-aligned-top is-layout-flow wp-block-column-is-layout-flow\">\n<h3 class=\"wp-block-heading\"><mark style=\"background-color:rgba(0, 0, 0, 0);color:#000000\" class=\"has-inline-color\">Macinazione e micronizzazione<\/mark><\/h3>\n\n\n\n<p>NaturePlast dispone di una <strong>serie di tecnologie di triturazione<\/strong> per trovare la soluzione migliore per ogni co-prodotto da lavorare:<\/p>\n\n\n\n<ul class=\"wp-block-list\">\n<li><strong>taglio e frantumazione<\/strong>,<\/li>\n\n\n\n<li><strong>affilatura delle lame<\/strong>,<\/li>\n\n\n\n<li><strong>macinazione per attrito<\/strong> con un piatto a pale o un piatto a spine.<\/li>\n<\/ul>\n\n\n\n<p>Queste apparecchiature ci permettono di lavorare a monte su prodotti relativamente grandi, con dimensioni di diverse decine di centimetri, con l&#8217;obiettivo di ridurli a particelle di pochi mm, centinaia o decine di micron.<br> <br>Le <strong>apparecchiature da laboratorio<\/strong> ci permettono di raggiungere produzioni da poche centinaia di grammi a qualche kg all&#8217;ora.<br> <br><strong>Le attrezzature industriali<\/strong> possono raggiungere produzioni di diverse decine o centinaia di kg\/ora, a seconda del co-prodotto da trattare e della dimensione delle particelle richiesta.<br> <br>Le attrezzature <strong>di micronizzazione<\/strong> completamente in acciaio inox ci permettono di lavorare su mercati che richiedono certificazioni specifiche.<\/p>\n\n\n\n<h3 class=\"wp-block-heading\"><mark style=\"background-color:rgba(0, 0, 0, 0);color:#000000\" class=\"has-inline-color\">Pesatura &#8211; imballaggio<\/mark><\/h3>\n\n\n\n<p>Una volta che i prodotti sono stati lavorati, vengono pesati e poi confezionati nel formato richiesto dal cliente, in barattoli, bustine, sacchetti o big bag, per poi essere messi su cartoni o pallet.<\/p>\n<\/div>\n\n\n\n<div class=\"wp-block-column is-vertically-aligned-top is-layout-flow wp-block-column-is-layout-flow\">\n<h3 class=\"wp-block-heading\"><mark style=\"background-color:rgba(0, 0, 0, 0);color:#000000\" class=\"has-inline-color\">Screening<\/mark><\/h3>\n\n\n\n<p>Siamo dotati di attrezzature <strong>di setacciatura<\/strong> da laboratorio a scala industriale, che ci permettono di setacciare vari prodotti per <strong>separazioni granulometriche<\/strong> con tagli multipli come richiesto dal cliente dopo la fase di macinazione &#8211; micronizzazione.<\/p>\n\n\n\n<div style=\"height:15px\" aria-hidden=\"true\" class=\"wp-block-spacer d-none d-lg-block\"><\/div>\n\n\n\n<h3 class=\"wp-block-heading\"><mark style=\"background-color:rgba(0, 0, 0, 0);color:#000000\" class=\"has-inline-color\">Controllo qualit\u00e0<\/mark><\/h3>\n\n\n\n<p>Il nostro laboratorio esegue costantemente le analisi necessarie per garantire la conformit\u00e0 alle specifiche e la qualit\u00e0 costante del prodotto finito:<\/p>\n\n\n\n<ul class=\"wp-block-list\">\n<li>controllo del peso dalla ricezione all&#8217;imballaggio<\/li>\n\n\n\n<li>controllo della temperatura durante la macinazione<\/li>\n\n\n\n<li>controllo granulometrico su setacci da laboratorio<\/li>\n\n\n\n<li>controllo igrometrico mediante analisi Karl Fisher<\/li>\n<\/ul>\n\n\n\n<p><strong>Possiamo subappaltare altri tipi di analisi (analisi laser o altro) a seconda delle esigenze dei nostri clienti.<\/strong><\/p>\n<\/div>\n<\/div>\n<\/div><\/div>\n\n\n\n<div class=\"wp-block-columns line-activites-composition is-layout-flex wp-container-core-columns-is-layout-28f84493 wp-block-columns-is-layout-flex\">\n<div class=\"wp-block-column item-activite is-layout-flow wp-block-column-is-layout-flow\">\n<figure class=\"wp-block-image size-full\"><img loading=\"lazy\" decoding=\"async\" width=\"369\" height=\"445\" src=\"https:\/\/natureplast.eu\/wp-content\/uploads\/2024\/11\/industries-agro-alimentaires.png\" alt=\"\" class=\"wp-image-1043\" srcset=\"https:\/\/natureplast.eu\/wp-content\/uploads\/2024\/11\/industries-agro-alimentaires.png 369w, https:\/\/natureplast.eu\/wp-content\/uploads\/2024\/11\/industries-agro-alimentaires-249x300.png 249w\" sizes=\"auto, (max-width: 369px) 100vw, 369px\" \/><\/figure>\n\n\n\n<h3 class=\"wp-block-heading\">Industria alimentare<\/h3>\n\n\n\n<div class=\"wp-block-group overlay\"><div class=\"wp-block-group__inner-container is-layout-constrained wp-block-group-is-layout-constrained\">\n<ul class=\"wp-block-list\">\n<li><strong>Cereali <\/strong>: mallo, paglia, differenze di cernita, sottoprodotti dei cereali, ecc.<\/li>\n\n\n\n<li><strong>Frutta e verdura<\/strong>: buccia, polpa, nocciolo, seme, guscio, vinaccia, torta, ecc.<\/li>\n\n\n\n<li><strong>Agricoltura <\/strong>(uova, ecc.)<br> <\/li>\n<\/ul>\n<\/div><\/div>\n<\/div>\n\n\n\n<div class=\"wp-block-column item-activite is-layout-flow wp-block-column-is-layout-flow\">\n<figure class=\"wp-block-image size-full\"><img loading=\"lazy\" decoding=\"async\" width=\"351\" height=\"445\" src=\"https:\/\/natureplast.eu\/wp-content\/uploads\/2024\/11\/produits-de-la-mer.png\" alt=\"\" class=\"wp-image-1048\" srcset=\"https:\/\/natureplast.eu\/wp-content\/uploads\/2024\/11\/produits-de-la-mer.png 351w, https:\/\/natureplast.eu\/wp-content\/uploads\/2024\/11\/produits-de-la-mer-237x300.png 237w\" sizes=\"auto, (max-width: 351px) 100vw, 351px\" \/><\/figure>\n\n\n\n<h3 class=\"wp-block-heading\">Prodotti ittici<\/h3>\n\n\n\n<div class=\"wp-block-group overlay\"><div class=\"wp-block-group__inner-container is-layout-constrained wp-block-group-is-layout-constrained\">\n<ul class=\"wp-block-list\">\n<li><strong>Molluschi <\/strong>: capesante, ostriche, cozze, ecc.<\/li>\n\n\n\n<li><strong>Alghe<\/strong>, ecc.<\/li>\n<\/ul>\n<\/div><\/div>\n<\/div>\n\n\n\n<div class=\"wp-block-column item-activite is-layout-flow wp-block-column-is-layout-flow\">\n<figure class=\"wp-block-image size-full\"><img loading=\"lazy\" decoding=\"async\" width=\"351\" height=\"445\" src=\"https:\/\/natureplast.eu\/wp-content\/uploads\/2024\/11\/fibres-naturelles.png\" alt=\"\" class=\"wp-image-1053\" srcset=\"https:\/\/natureplast.eu\/wp-content\/uploads\/2024\/11\/fibres-naturelles.png 351w, https:\/\/natureplast.eu\/wp-content\/uploads\/2024\/11\/fibres-naturelles-237x300.png 237w\" sizes=\"auto, (max-width: 351px) 100vw, 351px\" \/><\/figure>\n\n\n\n<h3 class=\"wp-block-heading\">Fibre naturali<\/h3>\n\n\n\n<div class=\"wp-block-group overlay\"><div class=\"wp-block-group__inner-container is-layout-constrained wp-block-group-is-layout-constrained\">\n<ul class=\"wp-block-list\">\n<li><strong>Fibre naturali <\/strong>: legno, canapa, lino, sughero, miscanto, ecc.<\/li>\n\n\n\n<li><strong>Potatura del legno <\/strong>: tralci di vite, ecc.<\/li>\n\n\n\n<li><strong>Orticoltura<\/strong>: fiori, ecc.<br> <\/li>\n<\/ul>\n<\/div><\/div>\n<\/div>\n\n\n\n<div class=\"wp-block-column item-activite is-layout-flow wp-block-column-is-layout-flow\">\n<figure class=\"wp-block-image size-full\"><img loading=\"lazy\" decoding=\"async\" width=\"351\" height=\"445\" src=\"https:\/\/natureplast.eu\/wp-content\/uploads\/2024\/11\/autres-filieres.png\" alt=\"\" class=\"wp-image-1058\" srcset=\"https:\/\/natureplast.eu\/wp-content\/uploads\/2024\/11\/autres-filieres.png 351w, https:\/\/natureplast.eu\/wp-content\/uploads\/2024\/11\/autres-filieres-237x300.png 237w\" sizes=\"auto, (max-width: 351px) 100vw, 351px\" \/><\/figure>\n\n\n\n<h3 class=\"wp-block-heading\">Altri settori<\/h3>\n\n\n\n<div class=\"wp-block-group overlay\"><div class=\"wp-block-group__inner-container is-layout-constrained wp-block-group-is-layout-constrained\">\n<ul class=\"wp-block-list\">\n<li><strong>Costruzione <\/strong>: mobili, terra, mattoni, ecc.<\/li>\n\n\n\n<li><strong>Tessili<\/strong>: pelle, ecc.<\/li>\n\n\n\n<li><strong>Lavorazione della plastica: <\/strong>test di orientamento per il riciclo di plastiche o elastomeri<br> <\/li>\n<\/ul>\n<\/div><\/div>\n<\/div>\n<\/div>\n\n\n\n<div id=\"valeurs\" class=\"wp-block-group bloc-valeurs has-background\" style=\"border-radius:40px;background-color:#ffffff\"><div class=\"wp-block-group__inner-container is-layout-constrained wp-block-group-is-layout-constrained\">\n<div class=\"wp-block-columns are-vertically-aligned-top is-layout-flex wp-container-core-columns-is-layout-12a0b04b wp-block-columns-is-layout-flex\" style=\"padding-top:var(--wp--preset--spacing--40)\">\n<div class=\"wp-block-column is-vertically-aligned-top is-layout-flow wp-block-column-is-layout-flow\">\n<h3 class=\"wp-block-heading\"><mark style=\"background-color:rgba(0, 0, 0, 0);color:#000000\" class=\"has-inline-color\">Tipo di co-prodotti<\/mark><\/h3>\n\n\n\n<p><strong>La maggior parte dei co-prodotti proviene dalla Francia.<\/strong> I processi selezionati sono stati scelti per la loro fattibilit\u00e0 industriale, in termini di volumi e qualit\u00e0 (riproducibilit\u00e0 dei lotti) e per la loro rilevanza tecnica e ambientale. <br> <br><strong>Queste fonti sono potenzialmente &#8220;infinite&#8221; e<\/strong> l&#8217;elenco dei co-prodotti disponibili non \u00e8 esaustivo, poich\u00e9 nuovi processi possono essere identificati e convalidati in base a un&#8217;esigenza specifica. <br> <br>\u00c8 quindi del tutto possibile lavorare su nuovi co-prodotti nell&#8217;ottica di <strong>un progetto di economia circolare<\/strong>, il cui obiettivo sarebbe quello di raggiungere la coerenza tra l&#8217;attivit\u00e0 che genera il co-prodotto e il suo riutilizzo.<\/p>\n<\/div>\n\n\n\n<div class=\"wp-block-column is-vertically-aligned-top is-layout-flow wp-block-column-is-layout-flow\">\n<h3 class=\"wp-block-heading\"><mark style=\"background-color:rgba(0, 0, 0, 0);color:#000000\" class=\"has-inline-color\">Settori di attivit\u00e0 e applicazioni<\/mark><\/h3>\n\n\n\n<p>I nostri servizi possono essere applicati a un&#8217;ampia gamma di settori e applicazioni:<\/p>\n\n\n\n<ul class=\"wp-block-list\">\n<li><strong>Agroalimentare <\/strong>: crostacei, alghe, galletti, noccioli, semi, polpa disidratata, vinacce disidratate, ecc.<\/li>\n\n\n\n<li><strong>Piante\/fibre vegetali<\/strong>: legno, lino, canapa, fiori, ecc.<\/li>\n\n\n\n<li><strong>Tessili <\/strong>: pelle, cotone, ecc.<\/li>\n\n\n\n<li>Industria <strong>chimica<\/strong> e <strong>mineraria<\/strong><\/li>\n\n\n\n<li><strong>Lavorazione delle materie plastiche <\/strong>: plastica ed elastomeri<\/li>\n\n\n\n<li><strong>Riciclaggio <\/strong>: orientamento e test di fattibilit\u00e0 per il riciclaggio della plastica<\/li>\n<\/ul>\n<\/div>\n<\/div>\n<\/div><\/div>\n","protected":false},"excerpt":{"rendered":"<p>Le diverse aree di attivit\u00e0: Macinazione e micronizzazione di particelle di diverse dimensioni Setacciatura con diverse frazioni Imballaggio personalizzato Macinazione e micronizzazione NaturePlast dispone di una serie di tecnologie di triturazione per trovare la soluzione migliore per ogni co-prodotto da lavorare: Queste apparecchiature ci permettono di lavorare a monte su prodotti relativamente grandi, con dimensioni [&hellip;]<\/p>\n","protected":false},"author":1,"featured_media":0,"parent":0,"menu_order":0,"comment_status":"closed","ping_status":"closed","template":"","meta":{"_acf_changed":false,"footnotes":""},"class_list":["post-6935","page","type-page","status-publish","hentry"],"acf":[],"_links":{"self":[{"href":"https:\/\/natureplast.eu\/it\/wp-json\/wp\/v2\/pages\/6935","targetHints":{"allow":["GET"]}}],"collection":[{"href":"https:\/\/natureplast.eu\/it\/wp-json\/wp\/v2\/pages"}],"about":[{"href":"https:\/\/natureplast.eu\/it\/wp-json\/wp\/v2\/types\/page"}],"author":[{"embeddable":true,"href":"https:\/\/natureplast.eu\/it\/wp-json\/wp\/v2\/users\/1"}],"replies":[{"embeddable":true,"href":"https:\/\/natureplast.eu\/it\/wp-json\/wp\/v2\/comments?post=6935"}],"version-history":[{"count":8,"href":"https:\/\/natureplast.eu\/it\/wp-json\/wp\/v2\/pages\/6935\/revisions"}],"predecessor-version":[{"id":9032,"href":"https:\/\/natureplast.eu\/it\/wp-json\/wp\/v2\/pages\/6935\/revisions\/9032"}],"wp:attachment":[{"href":"https:\/\/natureplast.eu\/it\/wp-json\/wp\/v2\/media?parent=6935"}],"curies":[{"name":"wp","href":"https:\/\/api.w.org\/{rel}","templated":true}]}}