{"id":6957,"date":"2024-11-06T14:00:15","date_gmt":"2024-11-06T13:00:15","guid":{"rendered":"https:\/\/sc2leje1101.universe.wf\/bioplastica\/definizione-di-bioplastica\/"},"modified":"2025-04-29T17:11:29","modified_gmt":"2025-04-29T15:11:29","slug":"definizione-di-bioplastica","status":"publish","type":"page","link":"https:\/\/natureplast.eu\/it\/bioplastica\/definizione-di-bioplastica\/","title":{"rendered":"Definizione di bioplastica"},"content":{"rendered":"\n<div class=\"wp-block-group bloc-famille\"><div class=\"wp-block-group__inner-container is-layout-constrained wp-block-group-is-layout-constrained\">\n<h2 class=\"wp-block-heading has-text-align-center reveal-from-top\"><mark style=\"background-color:rgba(0, 0, 0, 0);color:#000000\" class=\"has-inline-color\">3 grandi famiglie di <em>bioplastiche<\/em>:<\/mark><\/h2>\n\n\n\n<div class=\"wp-block-columns is-layout-flex wp-container-core-columns-is-layout-28f84493 wp-block-columns-is-layout-flex\">\n<div class=\"wp-block-column is-layout-flow wp-block-column-is-layout-flow\"><div class=\"wp-block-image\">\n<figure class=\"aligncenter size-large\"><img loading=\"lazy\" decoding=\"async\" width=\"43\" height=\"34\" src=\"https:\/\/natureplast.eu\/wp-content\/uploads\/2025\/04\/biodegradrable.svg\" alt=\"\" class=\"wp-image-9056\"\/><\/figure>\n<\/div>\n\n\n<p class=\"has-text-align-center\">Materiali biobased<br> +<br>Biodegradabile<\/p>\n<\/div>\n\n\n\n<div class=\"wp-block-column is-layout-flow wp-block-column-is-layout-flow\"><div class=\"wp-block-image\">\n<figure class=\"aligncenter size-large\"><img decoding=\"async\" src=\"https:\/\/natureplast.eu\/wp-content\/uploads\/2024\/11\/Group-139.svg\" alt=\"\"\/><\/figure>\n<\/div>\n\n\n<p class=\"has-text-align-center\">Materiali biobased<br> +<br>Non degradabile<\/p>\n<\/div>\n\n\n\n<div class=\"wp-block-column is-layout-flow wp-block-column-is-layout-flow\"><div class=\"wp-block-image\">\n<figure class=\"aligncenter size-large\"><img loading=\"lazy\" decoding=\"async\" width=\"65\" height=\"53\" src=\"https:\/\/natureplast.eu\/wp-content\/uploads\/2025\/04\/Calque_1.svg\" alt=\"\" class=\"wp-image-9061\"\/><\/figure>\n<\/div>\n\n\n<p class=\"has-text-align-center\">Materiali a base di petrolio<br> +<br>Biodegradabile<\/p>\n<\/div>\n<\/div>\n<\/div><\/div>\n\n\n\n<div id=\"valeurs\" class=\"wp-block-group bloc-valeurs has-background\" style=\"border-radius:40px;background-color:#ffffff\"><div class=\"wp-block-group__inner-container is-layout-constrained wp-block-group-is-layout-constrained\">\n<div class=\"wp-block-columns are-vertically-aligned-top is-layout-flex wp-container-core-columns-is-layout-12a0b04b wp-block-columns-is-layout-flex\" style=\"padding-top:var(--wp--preset--spacing--40)\">\n<div class=\"wp-block-column is-vertically-aligned-top is-layout-flow wp-block-column-is-layout-flow\">\n<p>Oltre all&#8217;origine e alle propriet\u00e0 a fine vita, le bioplastiche possono essere suddivise in due categorie.<\/p>\n\n\n\n<p>Infatti, alcune bioplastiche sono chimicamente simili ai polimeri comunemente utilizzati. Ad esempio, un PE ricavato dalla canna da zucchero (altrimenti noto come <strong>PE<\/strong> <strong>biosourcing<\/strong>) e un PE tradizionalmente ottenuto da risorse fossili avranno le stesse caratteristiche tecniche. Il vantaggio del <strong>PE di origine biologica<\/strong> \u00e8 che proviene da una risorsa rinnovabile anzich\u00e9 da una risorsa fossile. Possono quindi sostituire immediatamente i loro equivalenti petrolchimici senza difficolt\u00e0. Questa famiglia comprende solo <strong>polimeri biosourcing<\/strong> non biodegradabili come <strong>PE<\/strong>, <strong>PET<\/strong>, <strong>PP<\/strong>, <strong>PA<\/strong> e <strong>TPU biosourcing<\/strong>.    <\/p>\n\n\n\n<p>A parte gli stirenici (PS, ABS), oggi \u00e8 possibile ottenere praticamente tutti i polimeri di base da fonti almeno parzialmente biobased (vedi <a href=\"https:\/\/natureplast.eu\/it\/bioplastica\/origine-delle-plastiche-a-base-biologica\/\" data-type=\"link\" data-id=\"https:\/\/natureplast.eu\/it\/bioplastica\/origine-delle-plastiche-a-base-biologica\/\"><strong><em>origine delle bioplastiche<\/em><\/strong><\/a>).<\/p>\n<\/div>\n\n\n\n<div class=\"wp-block-column is-vertically-aligned-top is-layout-flow wp-block-column-is-layout-flow\">\n<p>Nel secondo caso, le bioplastiche hanno nuove strutture chimiche. La maggior parte di queste sono <a href=\"https:\/\/natureplast.eu\/it\/bioplastica\/fine-vita-delle-bioplastiche\/\" data-type=\"link\" data-id=\"https:\/\/natureplast.eu\/it\/bioplastica\/fine-vita-delle-bioplastiche\/\"><strong>polimeri biodegradabili<\/strong><\/a> la maggior parte dei quali sono anche, almeno in parte <a href=\"https:\/\/natureplast.eu\/it\/bioplastica\/origine-delle-plastiche-a-base-biologica\/\" data-type=\"link\" data-id=\"https:\/\/natureplast.eu\/it\/bioplastica\/origine-delle-plastiche-a-base-biologica\/\"><strong>di origine biologica<\/strong><\/a>. I materiali di questa famiglia hanno propriet\u00e0 diverse, quindi devono essere selezionati in base alle caratteristiche previste per il prodotto finale. Inoltre, questi materiali sono nuovi su scala industriale (la maggior parte di essi ha meno di 10-20 anni) e quindi richiedono sforzi <strong>di ricerca e sviluppo <\/strong> per conferire loro propriet\u00e0 che soddisfino le aspettative del mercato.<\/p>\n<\/div>\n<\/div>\n<\/div><\/div>\n\n\n\n<div id=\"valeurs\" class=\"wp-block-group bloc-valeurs has-background\" style=\"border-radius:40px;background-color:#ffffff\"><div class=\"wp-block-group__inner-container is-layout-constrained wp-block-group-is-layout-constrained\">\n<figure class=\"wp-block-image size-large\"><img loading=\"lazy\" decoding=\"async\" width=\"1024\" height=\"707\" src=\"https:\/\/natureplast.eu\/wp-content\/uploads\/2025\/04\/Diagramme-bioplastiques-EN-1024x707.png\" alt=\"\" class=\"wp-image-9415\" srcset=\"https:\/\/natureplast.eu\/wp-content\/uploads\/2025\/04\/Diagramme-bioplastiques-EN-1024x707.png 1024w, https:\/\/natureplast.eu\/wp-content\/uploads\/2025\/04\/Diagramme-bioplastiques-EN-300x207.png 300w, https:\/\/natureplast.eu\/wp-content\/uploads\/2025\/04\/Diagramme-bioplastiques-EN-768x530.png 768w, https:\/\/natureplast.eu\/wp-content\/uploads\/2025\/04\/Diagramme-bioplastiques-EN-800x553.png 800w, https:\/\/natureplast.eu\/wp-content\/uploads\/2025\/04\/Diagramme-bioplastiques-EN.png 1468w\" sizes=\"auto, (max-width: 1024px) 100vw, 1024px\" \/><\/figure>\n<\/div><\/div>\n","protected":false},"excerpt":{"rendered":"<p>3 grandi famiglie di bioplastiche: Materiali biobased +Biodegradabile Materiali biobased +Non degradabile Materiali a base di petrolio +Biodegradabile Oltre all&#8217;origine e alle propriet\u00e0 a fine vita, le bioplastiche possono essere suddivise in due categorie. Infatti, alcune bioplastiche sono chimicamente simili ai polimeri comunemente utilizzati. Ad esempio, un PE ricavato dalla canna da zucchero (altrimenti noto [&hellip;]<\/p>\n","protected":false},"author":1,"featured_media":0,"parent":6942,"menu_order":0,"comment_status":"closed","ping_status":"closed","template":"","meta":{"_acf_changed":false,"footnotes":""},"class_list":["post-6957","page","type-page","status-publish","hentry"],"acf":[],"_links":{"self":[{"href":"https:\/\/natureplast.eu\/it\/wp-json\/wp\/v2\/pages\/6957","targetHints":{"allow":["GET"]}}],"collection":[{"href":"https:\/\/natureplast.eu\/it\/wp-json\/wp\/v2\/pages"}],"about":[{"href":"https:\/\/natureplast.eu\/it\/wp-json\/wp\/v2\/types\/page"}],"author":[{"embeddable":true,"href":"https:\/\/natureplast.eu\/it\/wp-json\/wp\/v2\/users\/1"}],"replies":[{"embeddable":true,"href":"https:\/\/natureplast.eu\/it\/wp-json\/wp\/v2\/comments?post=6957"}],"version-history":[{"count":9,"href":"https:\/\/natureplast.eu\/it\/wp-json\/wp\/v2\/pages\/6957\/revisions"}],"predecessor-version":[{"id":9419,"href":"https:\/\/natureplast.eu\/it\/wp-json\/wp\/v2\/pages\/6957\/revisions\/9419"}],"up":[{"embeddable":true,"href":"https:\/\/natureplast.eu\/it\/wp-json\/wp\/v2\/pages\/6942"}],"wp:attachment":[{"href":"https:\/\/natureplast.eu\/it\/wp-json\/wp\/v2\/media?parent=6957"}],"curies":[{"name":"wp","href":"https:\/\/api.w.org\/{rel}","templated":true}]}}