{"id":6970,"date":"2024-11-06T14:01:49","date_gmt":"2024-11-06T13:01:49","guid":{"rendered":"https:\/\/sc2leje1101.universe.wf\/bioplastica\/il-mercato-delle-bioplastiche\/"},"modified":"2025-04-16T14:36:25","modified_gmt":"2025-04-16T12:36:25","slug":"il-mercato-delle-bioplastiche","status":"publish","type":"page","link":"https:\/\/natureplast.eu\/it\/bioplastica\/il-mercato-delle-bioplastiche\/","title":{"rendered":"Il mercato delle bioplastiche"},"content":{"rendered":"\n<div class=\"wp-block-columns composition-diaporama-single-produit is-layout-flex wp-container-core-columns-is-layout-28f84493 wp-block-columns-is-layout-flex\">\n<div class=\"wp-block-column is-layout-flow wp-block-column-is-layout-flow\">\n<p>Il mercato delle <strong>plastiche biologiche<\/strong> e\/o <strong>biodegradabili<\/strong> \u00e8 in continua evoluzione. Dopo diversi anni di lenti progressi, la <strong>consapevolezza dell&#8217;industria e della societ\u00e0<\/strong> ha permesso al mercato di svoltare e di entrare in una fase di crescita molto pi\u00f9 significativa. Ci\u00f2 \u00e8 dovuto principalmente a un forte aumento dell&#8217;offerta di <strong>polimeri biodegradabili<\/strong>, che dovrebbe portare la capacit\u00e0 <strong>produttiva totale a 7,5 MT<\/strong> all&#8217;anno entro il 2028, pi\u00f9 di <strong>3 volte la capacit\u00e0 produttiva attuale<\/strong>.  <\/p>\n\n\n\n<p>I polimeri di origine biologica e\/o biodegradabili dovrebbero rappresentare oltre il <strong>2% della capacit\u00e0<\/strong> produttiva <strong>mondiale<\/strong> di polimeri.<\/p>\n<\/div>\n\n\n\n<div class=\"wp-block-column is-layout-flow wp-block-column-is-layout-flow\">\n<figure class=\"wp-block-image size-large custom-gallery\"><img loading=\"lazy\" decoding=\"async\" width=\"1024\" height=\"794\" src=\"https:\/\/natureplast.eu\/wp-content\/uploads\/2025\/01\/market-2024-1024x794.png\" alt=\"\" class=\"wp-image-3909\" style=\"aspect-ratio:4\/3;object-fit:cover\" srcset=\"https:\/\/natureplast.eu\/wp-content\/uploads\/2025\/01\/market-2024-1024x794.png 1024w, https:\/\/natureplast.eu\/wp-content\/uploads\/2025\/01\/market-2024-300x233.png 300w, https:\/\/natureplast.eu\/wp-content\/uploads\/2025\/01\/market-2024-768x596.png 768w, https:\/\/natureplast.eu\/wp-content\/uploads\/2025\/01\/market-2024-800x620.png 800w, https:\/\/natureplast.eu\/wp-content\/uploads\/2025\/01\/market-2024.png 1305w\" sizes=\"auto, (max-width: 1024px) 100vw, 1024px\" \/><\/figure>\n<\/div>\n<\/div>\n\n<div id=\"valeurs\" class=\"wp-block-group bloc-valeurs has-background\" style=\"border-radius:40px;background-color:#ffffff\"><div class=\"wp-block-group__inner-container is-layout-constrained wp-block-group-is-layout-constrained\">\n<div class=\"wp-block-columns are-vertically-aligned-top is-layout-flex wp-container-core-columns-is-layout-12a0b04b wp-block-columns-is-layout-flex\" style=\"padding-top:var(--wp--preset--spacing--40)\">\n<div class=\"wp-block-column is-vertically-aligned-top is-layout-flow wp-block-column-is-layout-flow\">\n<h3 class=\"wp-block-heading\"><mark style=\"background-color:rgba(0, 0, 0, 0);color:#000000\" class=\"has-inline-color\">Una gamma sempre pi\u00f9 ampia di applicazioni<\/mark><\/h3>\n\n\n\n<p><strong>I polimeri<\/strong> con le maggiori quote di mercato sono oggi il <strong>PLA<\/strong> e la famiglia delle <strong>poliammidi biobased<\/strong>, seguiti da vicino dai PTT (poliesteri parzialmente biobased) e dal PE biobased.<\/p>\n\n\n\n<p>Gli sviluppi dei prossimi anni dovrebbero finalmente vedere un aumento dell&#8217;offerta di <strong>PHA.<\/strong><\/p>\n\n\n\n<p>Non sorprende nemmeno vedere che la maggior parte del <strong>mercato delle bioplastiche<\/strong> si concentra nelle <strong>applicazioni di imballaggio<\/strong>, sia flessibile che rigido, che attualmente rappresentano pi\u00f9 della met\u00e0 di tutti gli sbocchi.<\/p>\n<\/div>\n\n\n\n<div class=\"wp-block-column is-vertically-aligned-top is-layout-flow wp-block-column-is-layout-flow\">\n<figure class=\"wp-block-image size-large custom-gallery\"><img loading=\"lazy\" decoding=\"async\" width=\"1024\" height=\"576\" src=\"https:\/\/natureplast.eu\/wp-content\/uploads\/2025\/01\/Global-production-capacities-of-bioplastics-2024-1024x576.jpg\" alt=\"\" class=\"wp-image-3893\" srcset=\"https:\/\/natureplast.eu\/wp-content\/uploads\/2025\/01\/Global-production-capacities-of-bioplastics-2024-1024x576.jpg 1024w, https:\/\/natureplast.eu\/wp-content\/uploads\/2025\/01\/Global-production-capacities-of-bioplastics-2024-300x169.jpg 300w, https:\/\/natureplast.eu\/wp-content\/uploads\/2025\/01\/Global-production-capacities-of-bioplastics-2024-768x432.jpg 768w, https:\/\/natureplast.eu\/wp-content\/uploads\/2025\/01\/Global-production-capacities-of-bioplastics-2024-1536x864.jpg 1536w, https:\/\/natureplast.eu\/wp-content\/uploads\/2025\/01\/Global-production-capacities-of-bioplastics-2024-800x450.jpg 800w, https:\/\/natureplast.eu\/wp-content\/uploads\/2025\/01\/Global-production-capacities-of-bioplastics-2024.jpg 1814w\" sizes=\"auto, (max-width: 1024px) 100vw, 1024px\" \/><\/figure>\n<\/div>\n<\/div>\n\n\n\n<div class=\"wp-block-columns are-vertically-aligned-top is-layout-flex wp-container-core-columns-is-layout-12a0b04b wp-block-columns-is-layout-flex\" style=\"padding-top:var(--wp--preset--spacing--40)\">\n<div class=\"wp-block-column is-vertically-aligned-top is-layout-flow wp-block-column-is-layout-flow\">\n<p>Una delle aree pi\u00f9 promettenti \u00e8 quella della<strong>stampa 3D<\/strong>, in cui le bioplastiche giocano un ruolo fondamentale. Utilizzando <strong>filamenti biodegradabili<\/strong>, ad esempio, questa tecnologia pu\u00f2 essere impiegata per creare oggetti su misura, con prospettive affascinanti per la produzione di parti personalizzate in diversi campi, dalla medicina agli oggetti di uso quotidiano. <\/p>\n\n\n\n<p>C&#8217;\u00e8 anche un crescente interesse nel far corrispondere le <strong>propriet\u00e0 delle <\/strong>bioplastiche <strong>a fine vita <\/strong>all&#8217;<strong>uso<\/strong> previsto, ad esempio nel settore <strong>delle plastiche agricole<\/strong> e nella biodegradabilit\u00e0 di alcuni materiali.<\/p>\n\n\n\n<p>Infine, le innovazioni tecnologiche sviluppate nell&#8217;ambito dei <strong>progetti di R&amp;S <\/strong>permetteranno di ottenere plastiche di origine biologica da <strong>rifiuti e co-prodotti<\/strong>, contribuendo cos\u00ec a migliorare la gestione dei rifiuti e a ridurre l&#8217;impatto ambientale.<\/p>\n<\/div>\n<\/div>\n\n\n\n<div class=\"wp-block-columns are-vertically-aligned-top is-layout-flex wp-container-core-columns-is-layout-12a0b04b wp-block-columns-is-layout-flex\" style=\"padding-top:var(--wp--preset--spacing--40)\">\n<div class=\"wp-block-column is-layout-flow wp-block-column-is-layout-flow\"><div class=\"wp-block-image\">\n<figure class=\"aligncenter size-large is-resized\"><img loading=\"lazy\" decoding=\"async\" width=\"1024\" height=\"576\" src=\"https:\/\/natureplast.eu\/wp-content\/uploads\/2025\/01\/Global-production-capacities-of-bioplastics-2024-market-segments-by-polymers-1024x576.jpg\" alt=\"\" class=\"wp-image-3888\" style=\"width:739px;height:auto\" srcset=\"https:\/\/natureplast.eu\/wp-content\/uploads\/2025\/01\/Global-production-capacities-of-bioplastics-2024-market-segments-by-polymers-1024x576.jpg 1024w, https:\/\/natureplast.eu\/wp-content\/uploads\/2025\/01\/Global-production-capacities-of-bioplastics-2024-market-segments-by-polymers-300x169.jpg 300w, https:\/\/natureplast.eu\/wp-content\/uploads\/2025\/01\/Global-production-capacities-of-bioplastics-2024-market-segments-by-polymers-768x432.jpg 768w, https:\/\/natureplast.eu\/wp-content\/uploads\/2025\/01\/Global-production-capacities-of-bioplastics-2024-market-segments-by-polymers-1536x864.jpg 1536w, https:\/\/natureplast.eu\/wp-content\/uploads\/2025\/01\/Global-production-capacities-of-bioplastics-2024-market-segments-by-polymers-800x450.jpg 800w, https:\/\/natureplast.eu\/wp-content\/uploads\/2025\/01\/Global-production-capacities-of-bioplastics-2024-market-segments-by-polymers.jpg 1814w\" sizes=\"auto, (max-width: 1024px) 100vw, 1024px\" \/><\/figure>\n<\/div><\/div>\n<\/div>\n<\/div><\/div>\n","protected":false},"excerpt":{"rendered":"<p>Il mercato delle plastiche biologiche e\/o biodegradabili \u00e8 in continua evoluzione. Dopo diversi anni di lenti progressi, la consapevolezza dell&#8217;industria e della societ\u00e0 ha permesso al mercato di svoltare e di entrare in una fase di crescita molto pi\u00f9 significativa. Ci\u00f2 \u00e8 dovuto principalmente a un forte aumento dell&#8217;offerta di polimeri biodegradabili, che dovrebbe portare [&hellip;]<\/p>\n","protected":false},"author":1,"featured_media":0,"parent":6942,"menu_order":0,"comment_status":"closed","ping_status":"closed","template":"","meta":{"_acf_changed":false,"footnotes":""},"class_list":["post-6970","page","type-page","status-publish","hentry"],"acf":[],"_links":{"self":[{"href":"https:\/\/natureplast.eu\/it\/wp-json\/wp\/v2\/pages\/6970","targetHints":{"allow":["GET"]}}],"collection":[{"href":"https:\/\/natureplast.eu\/it\/wp-json\/wp\/v2\/pages"}],"about":[{"href":"https:\/\/natureplast.eu\/it\/wp-json\/wp\/v2\/types\/page"}],"author":[{"embeddable":true,"href":"https:\/\/natureplast.eu\/it\/wp-json\/wp\/v2\/users\/1"}],"replies":[{"embeddable":true,"href":"https:\/\/natureplast.eu\/it\/wp-json\/wp\/v2\/comments?post=6970"}],"version-history":[{"count":1,"href":"https:\/\/natureplast.eu\/it\/wp-json\/wp\/v2\/pages\/6970\/revisions"}],"predecessor-version":[{"id":6971,"href":"https:\/\/natureplast.eu\/it\/wp-json\/wp\/v2\/pages\/6970\/revisions\/6971"}],"up":[{"embeddable":true,"href":"https:\/\/natureplast.eu\/it\/wp-json\/wp\/v2\/pages\/6942"}],"wp:attachment":[{"href":"https:\/\/natureplast.eu\/it\/wp-json\/wp\/v2\/media?parent=6970"}],"curies":[{"name":"wp","href":"https:\/\/api.w.org\/{rel}","templated":true}]}}